{"id":3404,"date":"2024-10-23T15:00:45","date_gmt":"2024-10-23T13:00:45","guid":{"rendered":"http:\/\/billigtrikots.com\/?post_type=product&#038;p=3404"},"modified":"2024-10-23T15:02:51","modified_gmt":"2024-10-23T13:02:51","slug":"fussball-trikotsatz-fc-chelsea-heimtrikot-2021-22-kinder-blau-gelb-mit-aufdruck-havertz-29","status":"publish","type":"product","link":"https:\/\/www.billigtrikotde.com\/nl\/fussball-trikotsatz-fc-chelsea-heimtrikot-2021-22-kinder-blau-gelb-mit-aufdruck-havertz-29\/","title":{"rendered":"Voetbalset FC Chelsea thuisset 2021\/22 kids blauw geel met print Havertz 29"},"content":{"rendered":"<p>De Nike-kindersportshirt in het blauw laat je de kleuren van je favoriete club dragen en aan iedereen laten zien waar jouw hart naar uitgaat. Het thuissportshirt, zoals de spelers in de Premier League dragen, zorgt bij echte FC Chelsea London-aanhangers voor enthousiasme. Het is ademend, comfortabel en licht. Dit is een shirt dat door het clubembleem op de borst gegarandeerd kunt uitpakken. Zo kun je aan iedereen laten zien dat jij de beste bent op het veld.<\/p>\n<p>Tips voor het afdrukken: Als de naam en het nummer op de foto precies zijn wat je wilt, hoef je ze niet opnieuw in te voeren. Zo niet, dan moet je de gewenste naam en het gewenste nummer invoeren.<\/p>\n<p>Wastips: Het wordt aanbevolen om voetbalshirts met de hand te wassen. Als je de wasmachine wilt gebruiken, denk er dan aan om voetbalshirts binnenstebuiten te draaien en vervolgens te wassen. Vul de machine met koud water en gebruik een fijnwasprogramma om de kleuren beter te beschermen.<\/p>","protected":false},"excerpt":{"rendered":"<p>Das Kinder-Sportshirt von Nike in Blau l\u00e4sst dich die Farben deines Lieblingsclubs tragen und allen zeigen, wof\u00fcr dein Herz schl\u00e4gt. Das Heim-Sportshirt, wie es die Spieler in der Premier League tragen, sorgt bei echten FC Chelsea London-Anh\u00e4ngern f\u00fcr Begeisterung. Es ist atmungsaktiv, bequem und leicht. Dies ist ein Shirt, das durch das Vereinswappen auf der [&hellip;]<\/p>","protected":false},"featured_media":3444,"comment_status":"open","ping_status":"closed","template":"","meta":[],"product_brand":[],"product_cat":[162],"product_tag":[20,164,73,163,21,22,23,24,94],"class_list":{"0":"post-3404","1":"product","2":"type-product","3":"status-publish","4":"has-post-thumbnail","6":"product_cat-chelsea-kindertrikot","7":"product_tag-coole-fussballtrikots","8":"product_tag-chelsea-heimtrikot","9":"product_tag-chelsea-trikots","10":"product_tag-chelsea-trikotsatz-fuer-kinder","11":"product_tag-fussballtrikot-fuer-herren","12":"product_tag-fussballtrikot-guenstig-kaufen","13":"product_tag-fussballtrikot-kurzarm","14":"product_tag-guenstiges-fussballtrikot","15":"product_tag-kinder-fussball-trikotsatz","17":"first","18":"instock","19":"shipping-taxable","20":"purchasable","21":"product-type-variable"},"_links":{"self":[{"href":"https:\/\/www.billigtrikotde.com\/nl\/wp-json\/wp\/v2\/product\/3404","targetHints":{"allow":["GET"]}}],"collection":[{"href":"https:\/\/www.billigtrikotde.com\/nl\/wp-json\/wp\/v2\/product"}],"about":[{"href":"https:\/\/www.billigtrikotde.com\/nl\/wp-json\/wp\/v2\/types\/product"}],"replies":[{"embeddable":true,"href":"https:\/\/www.billigtrikotde.com\/nl\/wp-json\/wp\/v2\/comments?post=3404"}],"wp:featuredmedia":[{"embeddable":true,"href":"https:\/\/www.billigtrikotde.com\/nl\/wp-json\/wp\/v2\/media\/3444"}],"wp:attachment":[{"href":"https:\/\/www.billigtrikotde.com\/nl\/wp-json\/wp\/v2\/media?parent=3404"}],"wp:term":[{"taxonomy":"product_brand","embeddable":true,"href":"https:\/\/www.billigtrikotde.com\/nl\/wp-json\/wp\/v2\/product_brand?post=3404"},{"taxonomy":"product_cat","embeddable":true,"href":"https:\/\/www.billigtrikotde.com\/nl\/wp-json\/wp\/v2\/product_cat?post=3404"},{"taxonomy":"product_tag","embeddable":true,"href":"https:\/\/www.billigtrikotde.com\/nl\/wp-json\/wp\/v2\/product_tag?post=3404"}],"curies":[{"name":"wp","href":"https:\/\/api.w.org\/{rel}","templated":true}]}}