{"id":3377,"date":"2024-10-23T14:59:32","date_gmt":"2024-10-23T12:59:32","guid":{"rendered":"http:\/\/billigtrikots.com\/?post_type=product&#038;p=3377"},"modified":"2024-10-23T15:01:45","modified_gmt":"2024-10-23T13:01:45","slug":"kinder-trikot-away-chelsea-fc-stadium-2021-22-gelb-mit-aufdruck-werner-11","status":"publish","type":"product","link":"https:\/\/www.billigtrikotde.com\/nl\/kinder-trikot-away-chelsea-fc-stadium-2021-22-gelb-mit-aufdruck-werner-11\/","title":{"rendered":"Kinder Jersey Away Chelsea FC Stadion 2021\/22 geel met opdruk Werner 11"},"content":{"rendered":"<p>Ondersteun FC Chelsea in het seizoen 2021\/2022 en toon je trots in het offici\u00eble Nike Replica Uitwedstrijdshirt. Het authentieke ontwerp van het uitshirt voor kinderen is gebaseerd op de wedstrijdbroekjes van de profs. Het lichte functionele materiaal met Dri-FIT-technologie is bijzonder ademend en zorgt voor een koel draaggevoel. Het clubwapen op de borst toont je enthousiasme voor je team, of je nu op het veld staat of op straat.<\/p>\n<p>Tips voor het afdrukken: Als de naam en het nummer op de foto precies zijn wat je wilt, hoef je ze niet opnieuw in te voeren. Zo niet, dan moet je de gewenste naam en het gewenste nummer invoeren.<\/p>\n<p>Wastips: Het wordt aanbevolen om voetbalshirts met de hand te wassen. Als je de wasmachine wilt gebruiken, denk er dan aan om voetbalshirts binnenstebuiten te draaien en vervolgens te wassen. Vul de machine met koud water en gebruik een fijnwasprogramma om de kleuren beter te beschermen.<\/p>","protected":false},"excerpt":{"rendered":"<p>Unterst\u00fctze den FC Chelsea in der Saison 2021\/2022 und zeige deinen Stolz im offiziellen Nike Replica Ausw\u00e4rtstrikot. Das authentische Design des Away Jerseys f\u00fcr Kinder basiert auf den Spieltrikots der Profis. Das leichte Funktionsmaterial mit Dri-FIT-Technologie ist besonders atmungsaktiv und sorgt f\u00fcr ein k\u00fchles Tragegef\u00fchl. Das Vereinswappen auf der Brust zeigt deine Begeisterung f\u00fcr dein [&hellip;]<\/p>","protected":false},"featured_media":3418,"comment_status":"open","ping_status":"closed","template":"","meta":[],"product_brand":[],"product_cat":[162],"product_tag":[20,76,73,163,21,22,23,24,94],"class_list":{"0":"post-3377","1":"product","2":"type-product","3":"status-publish","4":"has-post-thumbnail","6":"product_cat-chelsea-kindertrikot","7":"product_tag-coole-fussballtrikots","8":"product_tag-chelsea-auswaertstrikot","9":"product_tag-chelsea-trikots","10":"product_tag-chelsea-trikotsatz-fuer-kinder","11":"product_tag-fussballtrikot-fuer-herren","12":"product_tag-fussballtrikot-guenstig-kaufen","13":"product_tag-fussballtrikot-kurzarm","14":"product_tag-guenstiges-fussballtrikot","15":"product_tag-kinder-fussball-trikotsatz","17":"first","18":"instock","19":"shipping-taxable","20":"purchasable","21":"product-type-variable"},"_links":{"self":[{"href":"https:\/\/www.billigtrikotde.com\/nl\/wp-json\/wp\/v2\/product\/3377","targetHints":{"allow":["GET"]}}],"collection":[{"href":"https:\/\/www.billigtrikotde.com\/nl\/wp-json\/wp\/v2\/product"}],"about":[{"href":"https:\/\/www.billigtrikotde.com\/nl\/wp-json\/wp\/v2\/types\/product"}],"replies":[{"embeddable":true,"href":"https:\/\/www.billigtrikotde.com\/nl\/wp-json\/wp\/v2\/comments?post=3377"}],"wp:featuredmedia":[{"embeddable":true,"href":"https:\/\/www.billigtrikotde.com\/nl\/wp-json\/wp\/v2\/media\/3418"}],"wp:attachment":[{"href":"https:\/\/www.billigtrikotde.com\/nl\/wp-json\/wp\/v2\/media?parent=3377"}],"wp:term":[{"taxonomy":"product_brand","embeddable":true,"href":"https:\/\/www.billigtrikotde.com\/nl\/wp-json\/wp\/v2\/product_brand?post=3377"},{"taxonomy":"product_cat","embeddable":true,"href":"https:\/\/www.billigtrikotde.com\/nl\/wp-json\/wp\/v2\/product_cat?post=3377"},{"taxonomy":"product_tag","embeddable":true,"href":"https:\/\/www.billigtrikotde.com\/nl\/wp-json\/wp\/v2\/product_tag?post=3377"}],"curies":[{"name":"wp","href":"https:\/\/api.w.org\/{rel}","templated":true}]}}