{"id":3326,"date":"2024-10-23T14:56:55","date_gmt":"2024-10-23T12:56:55","guid":{"rendered":"http:\/\/billigtrikots.com\/?post_type=product&#038;p=3326"},"modified":"2024-10-23T14:59:26","modified_gmt":"2024-10-23T12:59:26","slug":"personalisierbar-paris-st-germain-kinder-3rd-trikot-2021-22-schwarz-rot","status":"publish","type":"product","link":"https:\/\/www.billigtrikotde.com\/nl\/personalisierbar-paris-st-germain-kinder-3rd-trikot-2021-22-schwarz-rot\/","title":{"rendered":"Aanpasbare Paris St. Germain Kids 3de Jersey 2021\/22 zwart\/rood"},"content":{"rendered":"<p>Vertegenwoordig je favoriete team met het Nike Paris-Saint Germain 2021\/22 Stadium Third-trikot. Het replica-tricot overtuigt niet alleen met zijn ontwerp in de zin van teamgeest, maar ook met de Nike Dri-FIT-technologie, die een droge draagervaring garandeert.<\/p>\n<p>Tips voor het afdrukken: Als de naam en het nummer op de foto precies zijn wat je wilt, hoef je ze niet opnieuw in te voeren. Zo niet, dan moet je de gewenste naam en het gewenste nummer invoeren.<\/p>\n<p>Wastips: Het wordt aanbevolen om voetbalshirts met de hand te wassen. Als je de wasmachine wilt gebruiken, denk er dan aan om voetbalshirts binnenstebuiten te draaien en vervolgens te wassen. Vul de machine met koud water en gebruik een fijnwasprogramma om de kleuren beter te beschermen.<\/p>","protected":false},"excerpt":{"rendered":"<p>Repr\u00e4sentiere dein Lieblingsteam mit dem Nike Paris-Saint Germain 2021\/22 Stadium Third Trikot. Das Replika Trikot \u00fcberzeugt nicht nur mit seinem Design im Sinne des Teamgeists, sondern auch mit der Nike Dri-FIT Technologie, die dir ein trockenes Tragegef\u00fchl garantiert. Tipps zum Drucken: Wenn der Name und die Nummer auf dem Bild genau Ihren W\u00fcnschen entsprechen, m\u00fcssen [&hellip;]<\/p>","protected":false},"featured_media":3370,"comment_status":"open","ping_status":"closed","template":"","meta":[],"product_brand":[],"product_cat":[160],"product_tag":[20,21,22,23,24,94,42,41,159],"class_list":{"0":"post-3326","1":"product","2":"type-product","3":"status-publish","4":"has-post-thumbnail","6":"product_cat-paris-saint-germain-kindertrikot","7":"product_tag-coole-fussballtrikots","8":"product_tag-fussballtrikot-fuer-herren","9":"product_tag-fussballtrikot-guenstig-kaufen","10":"product_tag-fussballtrikot-kurzarm","11":"product_tag-guenstiges-fussballtrikot","12":"product_tag-kinder-fussball-trikotsatz","13":"product_tag-paris-saint-germain-ausweichtrikot","14":"product_tag-paris-saint-germain-trikots","15":"product_tag-psg-trikotsatz-fuer-kinder","17":"first","18":"instock","19":"shipping-taxable","20":"purchasable","21":"product-type-variable"},"_links":{"self":[{"href":"https:\/\/www.billigtrikotde.com\/nl\/wp-json\/wp\/v2\/product\/3326","targetHints":{"allow":["GET"]}}],"collection":[{"href":"https:\/\/www.billigtrikotde.com\/nl\/wp-json\/wp\/v2\/product"}],"about":[{"href":"https:\/\/www.billigtrikotde.com\/nl\/wp-json\/wp\/v2\/types\/product"}],"replies":[{"embeddable":true,"href":"https:\/\/www.billigtrikotde.com\/nl\/wp-json\/wp\/v2\/comments?post=3326"}],"wp:featuredmedia":[{"embeddable":true,"href":"https:\/\/www.billigtrikotde.com\/nl\/wp-json\/wp\/v2\/media\/3370"}],"wp:attachment":[{"href":"https:\/\/www.billigtrikotde.com\/nl\/wp-json\/wp\/v2\/media?parent=3326"}],"wp:term":[{"taxonomy":"product_brand","embeddable":true,"href":"https:\/\/www.billigtrikotde.com\/nl\/wp-json\/wp\/v2\/product_brand?post=3326"},{"taxonomy":"product_cat","embeddable":true,"href":"https:\/\/www.billigtrikotde.com\/nl\/wp-json\/wp\/v2\/product_cat?post=3326"},{"taxonomy":"product_tag","embeddable":true,"href":"https:\/\/www.billigtrikotde.com\/nl\/wp-json\/wp\/v2\/product_tag?post=3326"}],"curies":[{"name":"wp","href":"https:\/\/api.w.org\/{rel}","templated":true}]}}