{"id":3242,"date":"2024-10-23T14:52:56","date_gmt":"2024-10-23T12:52:56","guid":{"rendered":"http:\/\/billigtrikots.com\/?post_type=product&#038;p=3242"},"modified":"2024-10-23T14:55:33","modified_gmt":"2024-10-23T12:55:33","slug":"fussball-trikot-liverpool-fc-2021-22-heimtrikot-rot-fuer-kinder-mit-aufdruck-m-salah-11","status":"publish","type":"product","link":"https:\/\/www.billigtrikotde.com\/nl\/fussball-trikot-liverpool-fc-2021-22-heimtrikot-rot-fuer-kinder-mit-aufdruck-m-salah-11\/","title":{"rendered":"Liverpool FC 2021\/22 thuisshirt rood voor kinderen met opdruk M.SALAH 11"},"content":{"rendered":"<p>Voetbalshirt voor kinderen, in Liverpool FC's thuissetontwerp voor het seizoen 2021\/22; Dri-FIT technologie voor optimaal vochttransport; ronde hals; diverse merk-, club- en sponsordetails; materiaal 100% polyester.<\/p>\n<p>Tips voor het afdrukken: Als de naam en het nummer op de foto precies zijn wat je wilt, hoef je ze niet opnieuw in te voeren. Zo niet, dan moet je de gewenste naam en het gewenste nummer invoeren.<\/p>\n<p>Wastips: Het wordt aanbevolen om voetbalshirts met de hand te wassen. Als je de wasmachine wilt gebruiken, denk er dan aan om voetbalshirts binnenstebuiten te draaien en vervolgens te wassen. Vul de machine met koud water en gebruik een fijnwasprogramma om de kleuren beter te beschermen.<\/p>","protected":false},"excerpt":{"rendered":"<p>Fu\u00dfballtrikot f\u00fcr Kinder, im Heimoutfit-Design des FC Liverpools f\u00fcr die Saison 2021\/22; Dri-FIT-Technologie f\u00fcr einen optimalen Feuchtigkeitstransport; Rundhalsausschnitt; diverse Marken-, Vereins- und Sponsorendetails; Material 100% Polyester. Tipps zum Drucken: Wenn der Name und die Nummer auf dem Bild genau Ihren W\u00fcnschen entsprechen, m\u00fcssen Sie sie nicht erneut eingeben. Wenn nicht, sollten Sie Ihren gew\u00fcnschten Namen [&hellip;]<\/p>","protected":false},"featured_media":3281,"comment_status":"open","ping_status":"closed","template":"","meta":[],"product_brand":[],"product_cat":[151],"product_tag":[20,21,22,23,24,94,152,153,154],"class_list":{"0":"post-3242","1":"product","2":"type-product","3":"status-publish","4":"has-post-thumbnail","6":"product_cat-liverpool-kindertrikot","7":"product_tag-coole-fussballtrikots","8":"product_tag-fussballtrikot-fuer-herren","9":"product_tag-fussballtrikot-guenstig-kaufen","10":"product_tag-fussballtrikot-kurzarm","11":"product_tag-guenstiges-fussballtrikot","12":"product_tag-kinder-fussball-trikotsatz","13":"product_tag-liverpool-heimtrikot","14":"product_tag-liverpool-trikots","15":"product_tag-liverpool-trikotsatz-fuer-kinder","17":"first","18":"instock","19":"shipping-taxable","20":"purchasable","21":"product-type-variable"},"_links":{"self":[{"href":"https:\/\/www.billigtrikotde.com\/nl\/wp-json\/wp\/v2\/product\/3242","targetHints":{"allow":["GET"]}}],"collection":[{"href":"https:\/\/www.billigtrikotde.com\/nl\/wp-json\/wp\/v2\/product"}],"about":[{"href":"https:\/\/www.billigtrikotde.com\/nl\/wp-json\/wp\/v2\/types\/product"}],"replies":[{"embeddable":true,"href":"https:\/\/www.billigtrikotde.com\/nl\/wp-json\/wp\/v2\/comments?post=3242"}],"wp:featuredmedia":[{"embeddable":true,"href":"https:\/\/www.billigtrikotde.com\/nl\/wp-json\/wp\/v2\/media\/3281"}],"wp:attachment":[{"href":"https:\/\/www.billigtrikotde.com\/nl\/wp-json\/wp\/v2\/media?parent=3242"}],"wp:term":[{"taxonomy":"product_brand","embeddable":true,"href":"https:\/\/www.billigtrikotde.com\/nl\/wp-json\/wp\/v2\/product_brand?post=3242"},{"taxonomy":"product_cat","embeddable":true,"href":"https:\/\/www.billigtrikotde.com\/nl\/wp-json\/wp\/v2\/product_cat?post=3242"},{"taxonomy":"product_tag","embeddable":true,"href":"https:\/\/www.billigtrikotde.com\/nl\/wp-json\/wp\/v2\/product_tag?post=3242"}],"curies":[{"name":"wp","href":"https:\/\/api.w.org\/{rel}","templated":true}]}}