{"id":3179,"date":"2024-10-23T14:50:12","date_gmt":"2024-10-23T12:50:12","guid":{"rendered":"http:\/\/billigtrikots.com\/?post_type=product&#038;p=3179"},"modified":"2025-06-16T16:03:57","modified_gmt":"2025-06-16T14:03:57","slug":"kinder-fussball-trikot-juventus-turin-heimtrikot-2021-22-mit-aufdruck-bernardeschi-33","status":"publish","type":"product","link":"https:\/\/www.billigtrikotde.com\/nl\/kinder-fussball-trikot-juventus-turin-heimtrikot-2021-22-mit-aufdruck-bernardeschi-33\/","title":{"rendered":"Kinder voetbalshirt Juventus Turijn thuisshirt 2021\/22 met opdruk Bernardeschi 33"},"content":{"rendered":"<p>adidas Kinder Juventus Turin Thuisshirt 2021\/22. Een eerbetoon aan het thuissstadion. Dit shirt voor kinderen en tieners viert het 10-jarig jubileum van het legendarische Allianz Stadium. De opvallende sterren van het gebouw komen terug in het ontwerp en geven de klassieke look met de zwarte strepen een bijzondere toets. Het zachte materiaal en de vochtabsorberende AEROREADY-technologie zorgen voor een prettig droog draaggevoel. Een fan-shirt met sterkwaliteiten. Geborduurd clublogo van Juventus Turin. Normale pasvorm. Geribbelde V-hals. Vochtabsorberend. Ribbels. Dit product is Primegreen: vervaardigd met verschillende functionele gerecyclede materialen. Materiaal: 100% Polyester.<\/p>\n<p>Tips voor het afdrukken: Als de naam en het nummer op de foto precies zijn wat je wilt, hoef je ze niet opnieuw in te voeren. Zo niet, dan moet je de gewenste naam en het gewenste nummer invoeren.<\/p>\n<p>Wastips: Het wordt aanbevolen om voetbalshirts met de hand te wassen. Als je de wasmachine wilt gebruiken, denk er dan aan om voetbalshirts binnenstebuiten te draaien en vervolgens te wassen. Vul de machine met koud water en gebruik een fijnwasprogramma om de kleuren beter te beschermen.<\/p>","protected":false},"excerpt":{"rendered":"<p>adidas Kinder Juventus Turin Home Trikot 2021\/22. Eine Hommage an das Heimstadion. Dieses Trikot f\u00fcr Kinder und Teens feiert das 10-j\u00e4hrige Jubil\u00e4um des legend\u00e4ren Allianz Stadiums. Die auff\u00e4lligen Sterne des Geb\u00e4udes finden sich auf dem Design wieder und verleihen dem klassischen Look mit den schwarzen Streifen einen besonderen Touch. Das weiche Material und die feuchtigkeitsabsorbierende [&hellip;]<\/p>","protected":false},"featured_media":3220,"comment_status":"open","ping_status":"closed","template":"","meta":[],"product_brand":[],"product_cat":[148],"product_tag":[20,60,61,149,94],"class_list":{"0":"post-3179","1":"product","2":"type-product","3":"status-publish","4":"has-post-thumbnail","6":"product_cat-juventus-kindertrikot","7":"product_tag-coole-fussballtrikots","8":"product_tag-juventus-heimtrikot","9":"product_tag-juventus-trikots","10":"product_tag-juventus-trikotsatz-fuer-kinder","11":"product_tag-kinder-fussball-trikotsatz","13":"first","14":"instock","15":"shipping-taxable","16":"purchasable","17":"product-type-variable"},"_links":{"self":[{"href":"https:\/\/www.billigtrikotde.com\/nl\/wp-json\/wp\/v2\/product\/3179","targetHints":{"allow":["GET"]}}],"collection":[{"href":"https:\/\/www.billigtrikotde.com\/nl\/wp-json\/wp\/v2\/product"}],"about":[{"href":"https:\/\/www.billigtrikotde.com\/nl\/wp-json\/wp\/v2\/types\/product"}],"replies":[{"embeddable":true,"href":"https:\/\/www.billigtrikotde.com\/nl\/wp-json\/wp\/v2\/comments?post=3179"}],"wp:featuredmedia":[{"embeddable":true,"href":"https:\/\/www.billigtrikotde.com\/nl\/wp-json\/wp\/v2\/media\/3220"}],"wp:attachment":[{"href":"https:\/\/www.billigtrikotde.com\/nl\/wp-json\/wp\/v2\/media?parent=3179"}],"wp:term":[{"taxonomy":"product_brand","embeddable":true,"href":"https:\/\/www.billigtrikotde.com\/nl\/wp-json\/wp\/v2\/product_brand?post=3179"},{"taxonomy":"product_cat","embeddable":true,"href":"https:\/\/www.billigtrikotde.com\/nl\/wp-json\/wp\/v2\/product_cat?post=3179"},{"taxonomy":"product_tag","embeddable":true,"href":"https:\/\/www.billigtrikotde.com\/nl\/wp-json\/wp\/v2\/product_tag?post=3179"}],"curies":[{"name":"wp","href":"https:\/\/api.w.org\/{rel}","templated":true}]}}