{"id":3035,"date":"2024-10-23T14:43:27","date_gmt":"2024-10-23T12:43:27","guid":{"rendered":"http:\/\/billigtrikots.com\/?post_type=product&#038;p=3035"},"modified":"2024-10-23T14:45:31","modified_gmt":"2024-10-23T12:45:31","slug":"fc-barcelona-torwarttrikot-in-schwarz-kinder-trikotsatz-kurzarm-kurze-hosen","status":"publish","type":"product","link":"https:\/\/www.billigtrikotde.com\/nl\/fc-barcelona-torwarttrikot-in-schwarz-kinder-trikotsatz-kurzarm-kurze-hosen\/","title":{"rendered":"FC Barcelona keeperstrui in zwart kindertrui korte mouw + korte broek"},"content":{"rendered":"<p>Representeer je team in het FC Barcelona Stadion doelkeeping shirt.<\/p>\n<p>Heel ademend materiaal houdt zweet van je huid weg, zodat je koel blijft, of je nu juicht vanaf de tribune of op het veld speelt.<\/p>\n<p>De Nike Dri-FIT-technologie voert zweet af zodat het sneller verdampt van je huid en je droog en comfortabel blijft.<\/p>\n<p>Het Nike Breathe-materiaal biedt een zeer ademende constructie zodat je warm blijft.<\/p>\n<p>Het replica-ontwerp is naar de kleding van de profs op het veld nagemaakt.<\/p>\n<p>100% Polyester.<\/p>\n<p>Tips voor het afdrukken: Als de naam en het nummer op de foto precies zijn wat je wilt, hoef je ze niet opnieuw in te voeren. Zo niet, dan moet je de gewenste naam en het gewenste nummer invoeren.<\/p>\n<p>Wastips: Het wordt aanbevolen om voetbalshirts met de hand te wassen. Als je de wasmachine wilt gebruiken, denk er dan aan om voetbalshirts binnenstebuiten te draaien en vervolgens te wassen. Vul de machine met koud water en gebruik een fijnwasprogramma om de kleuren beter te beschermen.<\/p>","protected":false},"excerpt":{"rendered":"<p>Repr\u00e4sentiere dein Team im FC Barcelona Stadion Torwarttrikot. Hoch atmungsaktives Material h\u00e4lt Schwei\u00df von deiner Haut fern, sodass du cool bleibst, egal ob du auf der Trib\u00fcne jubelst oder auf dem Platz spielst. Die Nike Dri FIT-Technologie leitet Schwei\u00df f\u00fcr eine schnellere Verdunstung von deiner Haut ab \u2013 damit du trocken und bequem bleibst. Das [&hellip;]<\/p>","protected":false},"featured_media":3077,"comment_status":"open","ping_status":"closed","template":"","meta":[],"product_brand":[],"product_cat":[146],"product_tag":[147,20,34,33,35,21,22,23,24,94],"class_list":{"0":"post-3035","1":"product","2":"type-product","3":"status-publish","4":"has-post-thumbnail","6":"product_cat-barcelona-kindertrikot","7":"product_tag-barcelona-trikotsatz-fuer-kinder","8":"product_tag-coole-fussballtrikots","9":"product_tag-fc-barcelona-torwarttrikot","10":"product_tag-fc-barcelona-trikots","11":"product_tag-fussball-torwarttrikots","12":"product_tag-fussballtrikot-fuer-herren","13":"product_tag-fussballtrikot-guenstig-kaufen","14":"product_tag-fussballtrikot-kurzarm","15":"product_tag-guenstiges-fussballtrikot","16":"product_tag-kinder-fussball-trikotsatz","18":"first","19":"instock","20":"shipping-taxable","21":"purchasable","22":"product-type-variable"},"_links":{"self":[{"href":"https:\/\/www.billigtrikotde.com\/nl\/wp-json\/wp\/v2\/product\/3035","targetHints":{"allow":["GET"]}}],"collection":[{"href":"https:\/\/www.billigtrikotde.com\/nl\/wp-json\/wp\/v2\/product"}],"about":[{"href":"https:\/\/www.billigtrikotde.com\/nl\/wp-json\/wp\/v2\/types\/product"}],"replies":[{"embeddable":true,"href":"https:\/\/www.billigtrikotde.com\/nl\/wp-json\/wp\/v2\/comments?post=3035"}],"wp:featuredmedia":[{"embeddable":true,"href":"https:\/\/www.billigtrikotde.com\/nl\/wp-json\/wp\/v2\/media\/3077"}],"wp:attachment":[{"href":"https:\/\/www.billigtrikotde.com\/nl\/wp-json\/wp\/v2\/media?parent=3035"}],"wp:term":[{"taxonomy":"product_brand","embeddable":true,"href":"https:\/\/www.billigtrikotde.com\/nl\/wp-json\/wp\/v2\/product_brand?post=3035"},{"taxonomy":"product_cat","embeddable":true,"href":"https:\/\/www.billigtrikotde.com\/nl\/wp-json\/wp\/v2\/product_cat?post=3035"},{"taxonomy":"product_tag","embeddable":true,"href":"https:\/\/www.billigtrikotde.com\/nl\/wp-json\/wp\/v2\/product_tag?post=3035"}],"curies":[{"name":"wp","href":"https:\/\/api.w.org\/{rel}","templated":true}]}}