{"id":3026,"date":"2024-10-23T14:42:58","date_gmt":"2024-10-23T12:42:58","guid":{"rendered":"http:\/\/billigtrikots.com\/?post_type=product&#038;p=3026"},"modified":"2024-10-23T14:44:57","modified_gmt":"2024-10-23T12:44:57","slug":"manchester-city-auswaertstrikot-2022-fuer-kinder-mit-mahrez-26-aufdruck","status":"publish","type":"product","link":"https:\/\/www.billigtrikotde.com\/nl\/manchester-city-auswaertstrikot-2022-fuer-kinder-mit-mahrez-26-aufdruck\/","title":{"rendered":"Manchester City Away Jersey 2022 voor kinderen met Mahrez 26 opdruk"},"content":{"rendered":"<p>Je kunt je trouw en verbondenheid met je club het beste tonen met het PUMA-shirt in wit. In geen enkele fanverzameling mag dit uitwaartse Manchester City-shirt ontbreken, zoals de spelers in de Premier League dragen. Het is ademend, comfortabel en licht. Dit is een sportshirt dat gegarandeerd kan uitblinken door het clubwapen op de borst. Ongeacht hoe zwaar de training of de wedstrijd is, met dit model ben je altijd goed gekleed.<\/p>\n<p>Tips voor het afdrukken: Als de naam en het nummer op de foto precies zijn wat je wilt, hoef je ze niet opnieuw in te voeren. Zo niet, dan moet je de gewenste naam en het gewenste nummer invoeren.<\/p>\n<p>Wastips: Het wordt aanbevolen om voetbalshirts met de hand te wassen. Als je de wasmachine wilt gebruiken, denk er dan aan om voetbalshirts binnenstebuiten te draaien en vervolgens te wassen. Vul de machine met koud water en gebruik een fijnwasprogramma om de kleuren beter te beschermen.<\/p>","protected":false},"excerpt":{"rendered":"<p>Du kannst deine Treue und Zugeh\u00f6rigkeit zu deinem Verein am besten mit dem PUMA Trikot in Wei\u00df zeigen. In keiner Fan-Sammlung darf dieses Manchester City-Ausw\u00e4rts-Trikot, wie es die Spieler in der Premier League tragen, fehlen. Es ist atmungsaktiv, bequem und leicht. Dies ist ein Sportshirt, das durch das Vereinswappen auf der Brust garantiert trumpfen kann. [&hellip;]<\/p>","protected":false},"featured_media":3066,"comment_status":"open","ping_status":"closed","template":"","meta":[],"product_brand":[],"product_cat":[144],"product_tag":[20,94,83,84,145],"class_list":{"0":"post-3026","1":"product","2":"type-product","3":"status-publish","4":"has-post-thumbnail","6":"product_cat-manchester-city-kindertrikot","7":"product_tag-coole-fussballtrikots","8":"product_tag-kinder-fussball-trikotsatz","9":"product_tag-manchester-city-auswaertstrikot","10":"product_tag-manchester-city-trikots","11":"product_tag-manchester-city-trikotsatz-fuer-kinder","13":"first","14":"instock","15":"shipping-taxable","16":"purchasable","17":"product-type-variable"},"_links":{"self":[{"href":"https:\/\/www.billigtrikotde.com\/nl\/wp-json\/wp\/v2\/product\/3026","targetHints":{"allow":["GET"]}}],"collection":[{"href":"https:\/\/www.billigtrikotde.com\/nl\/wp-json\/wp\/v2\/product"}],"about":[{"href":"https:\/\/www.billigtrikotde.com\/nl\/wp-json\/wp\/v2\/types\/product"}],"replies":[{"embeddable":true,"href":"https:\/\/www.billigtrikotde.com\/nl\/wp-json\/wp\/v2\/comments?post=3026"}],"wp:featuredmedia":[{"embeddable":true,"href":"https:\/\/www.billigtrikotde.com\/nl\/wp-json\/wp\/v2\/media\/3066"}],"wp:attachment":[{"href":"https:\/\/www.billigtrikotde.com\/nl\/wp-json\/wp\/v2\/media?parent=3026"}],"wp:term":[{"taxonomy":"product_brand","embeddable":true,"href":"https:\/\/www.billigtrikotde.com\/nl\/wp-json\/wp\/v2\/product_brand?post=3026"},{"taxonomy":"product_cat","embeddable":true,"href":"https:\/\/www.billigtrikotde.com\/nl\/wp-json\/wp\/v2\/product_cat?post=3026"},{"taxonomy":"product_tag","embeddable":true,"href":"https:\/\/www.billigtrikotde.com\/nl\/wp-json\/wp\/v2\/product_tag?post=3026"}],"curies":[{"name":"wp","href":"https:\/\/api.w.org\/{rel}","templated":true}]}}