{"id":3001,"date":"2024-10-23T14:41:53","date_gmt":"2024-10-23T12:41:53","guid":{"rendered":"http:\/\/billigtrikots.com\/?post_type=product&#038;p=3001"},"modified":"2024-10-23T14:43:54","modified_gmt":"2024-10-23T12:43:54","slug":"kindertrikot-manchester-city-2022-auswaertstrikot-weiss-fuer-kinder-kompany-4","status":"publish","type":"product","link":"https:\/\/www.billigtrikotde.com\/nl\/kindertrikot-manchester-city-2022-auswaertstrikot-weiss-fuer-kinder-kompany-4\/","title":{"rendered":"Kinderset Manchester City 2022 uittenue wit voor kinderen KOMPANY 4"},"content":{"rendered":"<p>Het ademende model in wit laat ook jonge fans zien dat ze behoren tot het favoriete team. PUMA brengt met het kinder-sportshirt een echt uniek product uit. Elke echte Manchester City-supporter heeft dit uitwedstrijd-sportshirt nodig, want ook de spelers dragen het in de Premier League. We raden dit lichte, comfortabele, ademende en zweetafvoerende model aan met een aangenaam draaggevoel. Het valt visueel op met een clubwapen op de borst. Met dit shirt ben je ideaal voorbereid op elke training en wedstrijd.<\/p>\n<p>Tips voor het afdrukken: Als de naam en het nummer op de foto precies zijn wat je wilt, hoef je ze niet opnieuw in te voeren. Zo niet, dan moet je de gewenste naam en het gewenste nummer invoeren.<\/p>\n<p>Wastips: Het wordt aanbevolen om voetbalshirts met de hand te wassen. Als je de wasmachine wilt gebruiken, denk er dan aan om voetbalshirts binnenstebuiten te draaien en vervolgens te wassen. Vul de machine met koud water en gebruik een fijnwasprogramma om de kleuren beter te beschermen.<\/p>","protected":false},"excerpt":{"rendered":"<p>Das atmungsaktive Modell in Wei\u00df l\u00e4sst auch junge Fans ihre Zugeh\u00f6rigkeit zum Lieblingsteam zeigen. PUMA ver\u00f6ffentlicht mit dem Kinder-Sportshirt ein wirklich einmaliges Produkt. Jeder wahre Manchester City-Supporter ben\u00f6tigt dieses Ausw\u00e4rts-Sportshirt, denn auch die Spieler tragen es in der Premier League. Wir empfehlen dieses leichte, bequeme, atmungsaktive und schwei\u00dfableitende Modell mit dem angenehmen Tragegef\u00fchl. Es besticht [&hellip;]<\/p>","protected":false},"featured_media":3042,"comment_status":"open","ping_status":"closed","template":"","meta":[],"product_brand":[],"product_cat":[144],"product_tag":[20,94,83,84,145],"class_list":{"0":"post-3001","1":"product","2":"type-product","3":"status-publish","4":"has-post-thumbnail","6":"product_cat-manchester-city-kindertrikot","7":"product_tag-coole-fussballtrikots","8":"product_tag-kinder-fussball-trikotsatz","9":"product_tag-manchester-city-auswaertstrikot","10":"product_tag-manchester-city-trikots","11":"product_tag-manchester-city-trikotsatz-fuer-kinder","13":"first","14":"instock","15":"shipping-taxable","16":"purchasable","17":"product-type-variable"},"_links":{"self":[{"href":"https:\/\/www.billigtrikotde.com\/nl\/wp-json\/wp\/v2\/product\/3001","targetHints":{"allow":["GET"]}}],"collection":[{"href":"https:\/\/www.billigtrikotde.com\/nl\/wp-json\/wp\/v2\/product"}],"about":[{"href":"https:\/\/www.billigtrikotde.com\/nl\/wp-json\/wp\/v2\/types\/product"}],"replies":[{"embeddable":true,"href":"https:\/\/www.billigtrikotde.com\/nl\/wp-json\/wp\/v2\/comments?post=3001"}],"wp:featuredmedia":[{"embeddable":true,"href":"https:\/\/www.billigtrikotde.com\/nl\/wp-json\/wp\/v2\/media\/3042"}],"wp:attachment":[{"href":"https:\/\/www.billigtrikotde.com\/nl\/wp-json\/wp\/v2\/media?parent=3001"}],"wp:term":[{"taxonomy":"product_brand","embeddable":true,"href":"https:\/\/www.billigtrikotde.com\/nl\/wp-json\/wp\/v2\/product_brand?post=3001"},{"taxonomy":"product_cat","embeddable":true,"href":"https:\/\/www.billigtrikotde.com\/nl\/wp-json\/wp\/v2\/product_cat?post=3001"},{"taxonomy":"product_tag","embeddable":true,"href":"https:\/\/www.billigtrikotde.com\/nl\/wp-json\/wp\/v2\/product_tag?post=3001"}],"curies":[{"name":"wp","href":"https:\/\/api.w.org\/{rel}","templated":true}]}}