{"id":2882,"date":"2024-10-23T14:36:53","date_gmt":"2024-10-23T12:36:53","guid":{"rendered":"http:\/\/billigtrikots.com\/?post_type=product&#038;p=2882"},"modified":"2024-10-23T14:38:26","modified_gmt":"2024-10-23T12:38:26","slug":"fc-bayern-muenchen-ausweichtrikot-weiss-2022-fuer-kinder-mit-aufdruck-sane-10","status":"publish","type":"product","link":"https:\/\/www.billigtrikotde.com\/nl\/fc-bayern-muenchen-ausweichtrikot-weiss-2022-fuer-kinder-mit-aufdruck-sane-10\/","title":{"rendered":"FC Bayern M\u00fcnchen wit 2022 uitshirt voor kinderen met opdruk San\u00e9 10"},"content":{"rendered":"<p>De beste manier om je liefde en loyaliteit aan je club te tonen is met het adidas kindershirt in het wit. Hou van je team - met het uitshirt van FC Bayern M\u00fcnchen, dat zelfs door de spelers in de 1e Bundesliga wordt gedragen, kun je laten zien voor wie je hart klopt. Het ademende, lichtgewicht, zweetafvoerende en comfortabele model zal je over de hele linie overtuigen. Hoe zwaar de training of wedstrijd ook is, in deze stijl ben je altijd perfect gekleed. De geweldige look van deze sporttop wordt benadrukt door het clubwapen op de borst.<\/p>\n<p>Tips voor het afdrukken: Als de naam en het nummer op de foto precies zijn wat je wilt, hoef je ze niet opnieuw in te voeren. Zo niet, dan moet je de gewenste naam en het gewenste nummer invoeren.<\/p>\n<p>Wastips: Het wordt aanbevolen om voetbalshirts met de hand te wassen. Als je de wasmachine wilt gebruiken, denk er dan aan om voetbalshirts binnenstebuiten te draaien en vervolgens te wassen. Vul de machine met koud water en gebruik een fijnwasprogramma om de kleuren beter te beschermen.<\/p>","protected":false},"excerpt":{"rendered":"<p>Du kannst deine Liebe und Verbundenheit zu deinem Verein am besten mit dem adidas Kinder-Shirt in Wei\u00df zeigen. Liebe deine Mannschaft \u2013 mit dem Ausweich-Shirt des FC Bayern M\u00fcnchen, das sogar von den Spielern in der 1. Bundesliga getragen wird, zeigst du, f\u00fcr wen dein Herz schl\u00e4gt. Das atmungsaktive, leichte, schwei\u00dfableitende und bequeme Modell \u00fcberzeugt [&hellip;]<\/p>","protected":false},"featured_media":2920,"comment_status":"open","ping_status":"closed","template":"","meta":[],"product_brand":[],"product_cat":[135],"product_tag":[139,137,138,20,94],"class_list":{"0":"post-2882","1":"product","2":"type-product","3":"status-publish","4":"has-post-thumbnail","6":"product_cat-bayern-munich-kindertrikot","7":"product_tag-bayern-muenchen-ausweichtrikot","8":"product_tag-bayern-muenchen-trikots","9":"product_tag-bayern-munich-trikotsatz-fuer-kinder","10":"product_tag-coole-fussballtrikots","11":"product_tag-kinder-fussball-trikotsatz","13":"first","14":"instock","15":"shipping-taxable","16":"purchasable","17":"product-type-variable"},"_links":{"self":[{"href":"https:\/\/www.billigtrikotde.com\/nl\/wp-json\/wp\/v2\/product\/2882","targetHints":{"allow":["GET"]}}],"collection":[{"href":"https:\/\/www.billigtrikotde.com\/nl\/wp-json\/wp\/v2\/product"}],"about":[{"href":"https:\/\/www.billigtrikotde.com\/nl\/wp-json\/wp\/v2\/types\/product"}],"replies":[{"embeddable":true,"href":"https:\/\/www.billigtrikotde.com\/nl\/wp-json\/wp\/v2\/comments?post=2882"}],"wp:featuredmedia":[{"embeddable":true,"href":"https:\/\/www.billigtrikotde.com\/nl\/wp-json\/wp\/v2\/media\/2920"}],"wp:attachment":[{"href":"https:\/\/www.billigtrikotde.com\/nl\/wp-json\/wp\/v2\/media?parent=2882"}],"wp:term":[{"taxonomy":"product_brand","embeddable":true,"href":"https:\/\/www.billigtrikotde.com\/nl\/wp-json\/wp\/v2\/product_brand?post=2882"},{"taxonomy":"product_cat","embeddable":true,"href":"https:\/\/www.billigtrikotde.com\/nl\/wp-json\/wp\/v2\/product_cat?post=2882"},{"taxonomy":"product_tag","embeddable":true,"href":"https:\/\/www.billigtrikotde.com\/nl\/wp-json\/wp\/v2\/product_tag?post=2882"}],"curies":[{"name":"wp","href":"https:\/\/api.w.org\/{rel}","templated":true}]}}