{"id":2813,"date":"2024-10-23T14:33:43","date_gmt":"2024-10-23T12:33:43","guid":{"rendered":"http:\/\/billigtrikots.com\/?post_type=product&#038;p=2813"},"modified":"2024-10-23T14:35:46","modified_gmt":"2024-10-23T12:35:46","slug":"herren-spanien-em-2022-heimtrikot-rot-mit-aufdruck-jordi-alba-18","status":"publish","type":"product","link":"https:\/\/www.billigtrikotde.com\/nl\/herren-spanien-em-2022-heimtrikot-rot-mit-aufdruck-jordi-alba-18\/","title":{"rendered":"Herenshirt Spanje Euro 2022 rood met opdruk JORDI ALBA 18"},"content":{"rendered":"<p>Met het adidas shirt in rood lanceert adidas een product waarmee je je favoriete club met liefde en toewijding kunt steunen in goede en slechte tijden. Breid je collectie uit met het thuisshirt dat de spelers tijdens het EK droegen. De ademende, comfortabele, lichtgewicht en zweetafvoerende functionaliteit maakt het een topper. Hierdoor ben je nog effici\u00ebnter en kun je alles geven tijdens elke sessie. Het bondslogo op de borst maakt het een absoluut hoogtepunt.<\/p>\n<p>Tips voor het afdrukken: Als de naam en het nummer op de foto precies zijn wat je wilt, hoef je ze niet opnieuw in te voeren. Zo niet, dan moet je de gewenste naam en het gewenste nummer invoeren.<\/p>\n<p>Wastips: Het wordt aanbevolen om voetbalshirts met de hand te wassen. Als je de wasmachine wilt gebruiken, denk er dan aan om voetbalshirts binnenstebuiten te draaien en vervolgens te wassen. Vul de machine met koud water en gebruik een fijnwasprogramma om de kleuren beter te beschermen.<\/p>","protected":false},"excerpt":{"rendered":"<p>adidas bringt mit dem Trikot in Rot ein Produkt heraus, mit dem du deinen Lieblingsverein in guten wie in schlechten Zeiten mit Liebe und Hingabe unterst\u00fctzen kannst. Erweitere deine Kollektion mit dem Heim-Trikot, das auch die Spieler bei der Europameisterschaft tragen. Die atmungsaktive, bequeme, leichte und schwei\u00dfableitende Funktionsweise l\u00e4sst es \u00fcberzeugen. So bist du noch [&hellip;]<\/p>","protected":false},"featured_media":2854,"comment_status":"open","ping_status":"closed","template":"","meta":[],"product_brand":[],"product_cat":[131],"product_tag":[20,21,22,23,24,132],"class_list":{"0":"post-2813","1":"product","2":"type-product","3":"status-publish","4":"has-post-thumbnail","6":"product_cat-spanien-trikots","7":"product_tag-coole-fussballtrikots","8":"product_tag-fussballtrikot-fuer-herren","9":"product_tag-fussballtrikot-guenstig-kaufen","10":"product_tag-fussballtrikot-kurzarm","11":"product_tag-guenstiges-fussballtrikot","12":"product_tag-spanien-heimtrikot","14":"first","15":"instock","16":"shipping-taxable","17":"purchasable","18":"product-type-variable"},"_links":{"self":[{"href":"https:\/\/www.billigtrikotde.com\/nl\/wp-json\/wp\/v2\/product\/2813","targetHints":{"allow":["GET"]}}],"collection":[{"href":"https:\/\/www.billigtrikotde.com\/nl\/wp-json\/wp\/v2\/product"}],"about":[{"href":"https:\/\/www.billigtrikotde.com\/nl\/wp-json\/wp\/v2\/types\/product"}],"replies":[{"embeddable":true,"href":"https:\/\/www.billigtrikotde.com\/nl\/wp-json\/wp\/v2\/comments?post=2813"}],"wp:featuredmedia":[{"embeddable":true,"href":"https:\/\/www.billigtrikotde.com\/nl\/wp-json\/wp\/v2\/media\/2854"}],"wp:attachment":[{"href":"https:\/\/www.billigtrikotde.com\/nl\/wp-json\/wp\/v2\/media?parent=2813"}],"wp:term":[{"taxonomy":"product_brand","embeddable":true,"href":"https:\/\/www.billigtrikotde.com\/nl\/wp-json\/wp\/v2\/product_brand?post=2813"},{"taxonomy":"product_cat","embeddable":true,"href":"https:\/\/www.billigtrikotde.com\/nl\/wp-json\/wp\/v2\/product_cat?post=2813"},{"taxonomy":"product_tag","embeddable":true,"href":"https:\/\/www.billigtrikotde.com\/nl\/wp-json\/wp\/v2\/product_tag?post=2813"}],"curies":[{"name":"wp","href":"https:\/\/api.w.org\/{rel}","templated":true}]}}