{"id":2734,"date":"2024-10-23T14:30:20","date_gmt":"2024-10-23T12:30:20","guid":{"rendered":"http:\/\/billigtrikots.com\/?post_type=product&#038;p=2734"},"modified":"2024-10-23T14:32:29","modified_gmt":"2024-10-23T12:32:29","slug":"tschechien-heimtrikot-em-2022-herren-kurzarm-set-in-rot-mit-aufdruck-coufal-5","status":"publish","type":"product","link":"https:\/\/www.billigtrikotde.com\/nl\/tschechien-heimtrikot-em-2022-herren-kurzarm-set-in-rot-mit-aufdruck-coufal-5\/","title":{"rendered":"Tsjechische Republiek thuisshirt EM 2022 heren korte mouwen set in rood met opdruk COUFAL 5"},"content":{"rendered":"<p>Toon je trouw aan je team met dit model in rood. Het merk PUMA brengt met dit sportshirt een prachtig product op de markt. Hou van je team - laat zien voor wie je hart klopt met het thuisshirt, dat zelfs door de spelers op het EK zal worden gedragen. Het is ademend, comfortabel en lichtgewicht. Het is ook zeer duurzaam. Met dit sportshirt kun je nog beter presteren en je voorbereiden op de volgende wedstrijd.<\/p>\n<p>Tips voor het afdrukken: Als de naam en het nummer op de foto precies zijn wat je wilt, hoef je ze niet opnieuw in te voeren. Zo niet, dan moet je de gewenste naam en het gewenste nummer invoeren.<\/p>\n<p>Wastips: Het wordt aanbevolen om voetbalshirts met de hand te wassen. Als je de wasmachine wilt gebruiken, denk er dan aan om voetbalshirts binnenstebuiten te draaien en vervolgens te wassen. Vul de machine met koud water en gebruik een fijnwasprogramma om de kleuren beter te beschermen.<\/p>","protected":false},"excerpt":{"rendered":"<p>Zeige deine Zugeh\u00f6rigkeit zu deinem Team durch das Modell in Rot. Die Marke PUMA bringt mit dem Sportshirt ein wunderbares Produkt auf den Markt. Liebe deine Mannschaft \u2013 mit dem Heim-Sportshirt, das sogar von den Spielern bei der Europameisterschaft getragen wird, zeigst du, f\u00fcr wen dein Herz schl\u00e4gt. Es ist atmungsaktiv, bequem und leicht. Au\u00dferdem [&hellip;]<\/p>","protected":false},"featured_media":2770,"comment_status":"open","ping_status":"closed","template":"","meta":[],"product_brand":[],"product_cat":[122],"product_tag":[20,21,22,23,24,123,124],"class_list":{"0":"post-2734","1":"product","2":"type-product","3":"status-publish","4":"has-post-thumbnail","6":"product_cat-tschechien-trikots","7":"product_tag-coole-fussballtrikots","8":"product_tag-fussballtrikot-fuer-herren","9":"product_tag-fussballtrikot-guenstig-kaufen","10":"product_tag-fussballtrikot-kurzarm","11":"product_tag-guenstiges-fussballtrikot","12":"product_tag-tschechien-heimtrikot","13":"product_tag-tschechien-trikots","15":"first","16":"instock","17":"shipping-taxable","18":"purchasable","19":"product-type-variable"},"_links":{"self":[{"href":"https:\/\/www.billigtrikotde.com\/nl\/wp-json\/wp\/v2\/product\/2734","targetHints":{"allow":["GET"]}}],"collection":[{"href":"https:\/\/www.billigtrikotde.com\/nl\/wp-json\/wp\/v2\/product"}],"about":[{"href":"https:\/\/www.billigtrikotde.com\/nl\/wp-json\/wp\/v2\/types\/product"}],"replies":[{"embeddable":true,"href":"https:\/\/www.billigtrikotde.com\/nl\/wp-json\/wp\/v2\/comments?post=2734"}],"wp:featuredmedia":[{"embeddable":true,"href":"https:\/\/www.billigtrikotde.com\/nl\/wp-json\/wp\/v2\/media\/2770"}],"wp:attachment":[{"href":"https:\/\/www.billigtrikotde.com\/nl\/wp-json\/wp\/v2\/media?parent=2734"}],"wp:term":[{"taxonomy":"product_brand","embeddable":true,"href":"https:\/\/www.billigtrikotde.com\/nl\/wp-json\/wp\/v2\/product_brand?post=2734"},{"taxonomy":"product_cat","embeddable":true,"href":"https:\/\/www.billigtrikotde.com\/nl\/wp-json\/wp\/v2\/product_cat?post=2734"},{"taxonomy":"product_tag","embeddable":true,"href":"https:\/\/www.billigtrikotde.com\/nl\/wp-json\/wp\/v2\/product_tag?post=2734"}],"curies":[{"name":"wp","href":"https:\/\/api.w.org\/{rel}","templated":true}]}}