{"id":2571,"date":"2024-10-23T14:22:46","date_gmt":"2024-10-23T12:22:46","guid":{"rendered":"http:\/\/billigtrikots.com\/?post_type=product&#038;p=2571"},"modified":"2024-10-23T14:24:53","modified_gmt":"2024-10-23T12:24:53","slug":"herren-trikotsatz-brasilien-2022-heimtrikot-gelb-mit-aufdruck-g-jesus-9","status":"publish","type":"product","link":"https:\/\/www.billigtrikotde.com\/nl\/herren-trikotsatz-brasilien-2022-heimtrikot-gelb-mit-aufdruck-g-jesus-9\/","title":{"rendered":"Herenshirt Brazili\u00eb 2022 thuisset geel met opdruk G.Jesus 9"},"content":{"rendered":"<p>De shirts voor Brazili\u00eb 2020 zijn de eerste met het gloednieuwe bondslogo, dat in april 2019 werd onthuld.<\/p>\n<p>Het Braziliaanse Copa America 2020 thuisshirt is overwegend geel, gecombineerd met groen voor de kraag en manchetten. Om de 50e verjaardag van de wereldbekeroverwinning van 1970 te vieren, is het ontwerp van het Nike Brazili\u00eb 2020 thuisshirt ge\u00efnspireerd op het shirt dat een halve eeuw geleden tijdens de wereldbeker werd gedragen.<\/p>\n<p>Tips voor het afdrukken: Als de naam en het nummer op de foto precies zijn wat je wilt, hoef je ze niet opnieuw in te voeren. Zo niet, dan moet je de gewenste naam en het gewenste nummer invoeren.<\/p>\n<p>Wastips: Het wordt aanbevolen om voetbalshirts met de hand te wassen. Als je de wasmachine wilt gebruiken, denk er dan aan om voetbalshirts binnenstebuiten te draaien en vervolgens te wassen. Vul de machine met koud water en gebruik een fijnwasprogramma om de kleuren beter te beschermen.<\/p>","protected":false},"excerpt":{"rendered":"<p>Die Trikots f\u00fcr Brasilien 2020 sind die ersten mit dem brandneuen Verbandslogo, das im April 2019 enth\u00fcllt wurde. Das brasilianische Copa America 2020-Heimfu\u00dfballtrikot ist \u00fcberwiegend gelb, kombiniert mit gr\u00fcn f\u00fcr Kragen und Manschetten. Zur Feier des 50. Jahrestages des Sieges bei der Weltmeisterschaft 1970 ist das Design des Nike Brasilien 2020 Heimtrikots von demjenigen inspiriert, [&hellip;]<\/p>","protected":false},"featured_media":2612,"comment_status":"open","ping_status":"closed","template":"","meta":[],"product_brand":[],"product_cat":[112],"product_tag":[20,113,114,21,22,23,24],"class_list":{"0":"post-2571","1":"product","2":"type-product","3":"status-publish","4":"has-post-thumbnail","6":"product_cat-brasilien-trikots","7":"product_tag-coole-fussballtrikots","8":"product_tag-brasilien-heimtrikot","9":"product_tag-brasilien-trikots","10":"product_tag-fussballtrikot-fuer-herren","11":"product_tag-fussballtrikot-guenstig-kaufen","12":"product_tag-fussballtrikot-kurzarm","13":"product_tag-guenstiges-fussballtrikot","15":"first","16":"instock","17":"shipping-taxable","18":"purchasable","19":"product-type-variable"},"_links":{"self":[{"href":"https:\/\/www.billigtrikotde.com\/nl\/wp-json\/wp\/v2\/product\/2571","targetHints":{"allow":["GET"]}}],"collection":[{"href":"https:\/\/www.billigtrikotde.com\/nl\/wp-json\/wp\/v2\/product"}],"about":[{"href":"https:\/\/www.billigtrikotde.com\/nl\/wp-json\/wp\/v2\/types\/product"}],"replies":[{"embeddable":true,"href":"https:\/\/www.billigtrikotde.com\/nl\/wp-json\/wp\/v2\/comments?post=2571"}],"wp:featuredmedia":[{"embeddable":true,"href":"https:\/\/www.billigtrikotde.com\/nl\/wp-json\/wp\/v2\/media\/2612"}],"wp:attachment":[{"href":"https:\/\/www.billigtrikotde.com\/nl\/wp-json\/wp\/v2\/media?parent=2571"}],"wp:term":[{"taxonomy":"product_brand","embeddable":true,"href":"https:\/\/www.billigtrikotde.com\/nl\/wp-json\/wp\/v2\/product_brand?post=2571"},{"taxonomy":"product_cat","embeddable":true,"href":"https:\/\/www.billigtrikotde.com\/nl\/wp-json\/wp\/v2\/product_cat?post=2571"},{"taxonomy":"product_tag","embeddable":true,"href":"https:\/\/www.billigtrikotde.com\/nl\/wp-json\/wp\/v2\/product_tag?post=2571"}],"curies":[{"name":"wp","href":"https:\/\/api.w.org\/{rel}","templated":true}]}}