{"id":2546,"date":"2024-10-23T14:21:35","date_gmt":"2024-10-23T12:21:35","guid":{"rendered":"http:\/\/billigtrikots.com\/?post_type=product&#038;p=2546"},"modified":"2024-10-23T14:23:46","modified_gmt":"2024-10-23T12:23:46","slug":"bvb-borussia-dortmund-heimtrikot-in-gelbe-2022-fuer-kinder-mit-aufdruck-reus-11","status":"publish","type":"product","link":"https:\/\/www.billigtrikotde.com\/nl\/bvb-borussia-dortmund-heimtrikot-in-gelbe-2022-fuer-kinder-mit-aufdruck-reus-11\/","title":{"rendered":"BVB Borussia Dortmund thuisshirt in geel 2022 voor kinderen met opdruk Reus 11"},"content":{"rendered":"<p>Kindershirts in BVB-design<br \/>\nEen shirt van hun favoriete voetbalclub is een droom die uitkomt voor elke jonge voetbalster. Als je kind een grote BVB-fan is, vind je hier een grote selectie truien om hem of haar in het geel en zwart te hullen. Je vindt de shirts hier in veel verschillende designs. Welke je ook kiest, je krijgt een top die wordt gekenmerkt door de volgende eigenschappen:<\/p>\n<p>Hoogwaardige afwerking<br \/>\nStabiliteit<br \/>\nAuthenticiteit<br \/>\nGoede materiaalkwaliteit<br \/>\nVerras je kleintje met een geweldig shirt, want het dragen van de kleuren van hun favoriete team maakt het spel dubbel zo leuk. Het dragen van shirts is ook een goed idee voor veel andere gelegenheden. Vooral kinderen, die meestal niet aan een kledingvoorschrift zijn gebonden, dragen de shirts van hun team ook graag in het dagelijks leven. Ze dragen ze graag op school en in hun vrije tijd. Als ze ook het geluk hebben om hun team live in het stadion te zien, is een shirt natuurlijk altijd de eerste keuze.<\/p>\n<p>Tips voor het afdrukken: Als de naam en het nummer op de foto precies zijn wat je wilt, hoef je ze niet opnieuw in te voeren. Zo niet, dan moet je de gewenste naam en het gewenste nummer invoeren.<\/p>\n<p>Wastips: Het wordt aanbevolen om voetbalshirts met de hand te wassen. Als je de wasmachine wilt gebruiken, denk er dan aan om voetbalshirts binnenstebuiten te draaien en vervolgens te wassen. Vul de machine met koud water en gebruik een fijnwasprogramma om de kleuren beter te beschermen.<\/p>","protected":false},"excerpt":{"rendered":"<p>Kindertrikots im BVB-Design Ein Trikot des Lieblingsfu\u00dfballvereins ist ein Traum f\u00fcr jeden kleinen Nachwuchsstar. Wenn dein Kind ein gro\u00dfer BVB-Fan ist, findest du hier eine gro\u00dfe Auswahl an Trikots, um sie oder ihn in Gelb und Schwarz zu h\u00fcllen. Die Trikots findest du hier in vielen verschiedenen Ausf\u00fchrungen. Egal f\u00fcr welches du dich entscheidest, du [&hellip;]<\/p>","protected":false},"featured_media":2587,"comment_status":"open","ping_status":"closed","template":"","meta":[],"product_brand":[],"product_cat":[108],"product_tag":[20,110,65,109,66,94],"class_list":{"0":"post-2546","1":"product","2":"type-product","3":"status-publish","4":"has-post-thumbnail","6":"product_cat-borussia-dortmund-kindertrikot","7":"product_tag-coole-fussballtrikots","8":"product_tag-borussia-dortmund-heimtrikot","9":"product_tag-borussia-dortmund-trikots","10":"product_tag-borussia-dortmund-trikotsatz-fuer-kinder","11":"product_tag-bvb-trikots","12":"product_tag-kinder-fussball-trikotsatz","14":"first","15":"instock","16":"shipping-taxable","17":"purchasable","18":"product-type-variable"},"_links":{"self":[{"href":"https:\/\/www.billigtrikotde.com\/nl\/wp-json\/wp\/v2\/product\/2546","targetHints":{"allow":["GET"]}}],"collection":[{"href":"https:\/\/www.billigtrikotde.com\/nl\/wp-json\/wp\/v2\/product"}],"about":[{"href":"https:\/\/www.billigtrikotde.com\/nl\/wp-json\/wp\/v2\/types\/product"}],"replies":[{"embeddable":true,"href":"https:\/\/www.billigtrikotde.com\/nl\/wp-json\/wp\/v2\/comments?post=2546"}],"wp:featuredmedia":[{"embeddable":true,"href":"https:\/\/www.billigtrikotde.com\/nl\/wp-json\/wp\/v2\/media\/2587"}],"wp:attachment":[{"href":"https:\/\/www.billigtrikotde.com\/nl\/wp-json\/wp\/v2\/media?parent=2546"}],"wp:term":[{"taxonomy":"product_brand","embeddable":true,"href":"https:\/\/www.billigtrikotde.com\/nl\/wp-json\/wp\/v2\/product_brand?post=2546"},{"taxonomy":"product_cat","embeddable":true,"href":"https:\/\/www.billigtrikotde.com\/nl\/wp-json\/wp\/v2\/product_cat?post=2546"},{"taxonomy":"product_tag","embeddable":true,"href":"https:\/\/www.billigtrikotde.com\/nl\/wp-json\/wp\/v2\/product_tag?post=2546"}],"curies":[{"name":"wp","href":"https:\/\/api.w.org\/{rel}","templated":true}]}}