{"id":2454,"date":"2024-10-23T14:17:36","date_gmt":"2024-10-23T12:17:36","guid":{"rendered":"http:\/\/billigtrikots.com\/?post_type=product&#038;p=2454"},"modified":"2024-10-23T14:19:43","modified_gmt":"2024-10-23T12:19:43","slug":"ac-mailand-auswaertstrikot-2022-beige-rot-fuer-kinder","status":"publish","type":"product","link":"https:\/\/www.billigtrikotde.com\/nl\/ac-mailand-auswaertstrikot-2022-beige-rot-fuer-kinder\/","title":{"rendered":"AC Milan Away Jersey 2022 Beige Rood voor Kinderen"},"content":{"rendered":"<p>Jouw jonge voetballer zal de dryCELL-technologie in dit-shirt waarderen, die ervoor zorgt dat vocht van het lichaam wordt weggeleid. Zo blijft hij de hele unit droog en comfortabel. Maar dit shirt viert ook de kracht en de invloed die sport op de wereld in het algemeen kan hebben. Het maakt deel uit van het Sports for Change-programma, dat erop gericht is om kansarme jongeren op zes continenten te helpen. De voorkant van dit shirt is voorzien van het cult-AC Milan-clublogo en het even cultige PUMA Cat-logo aan de tegenovergestelde kant.<\/p>\n<p>Tips voor het afdrukken: Als de naam en het nummer op de foto precies zijn wat je wilt, hoef je ze niet opnieuw in te voeren. Zo niet, dan moet je de gewenste naam en het gewenste nummer invoeren.<\/p>\n<p>Wastips: Het wordt aanbevolen om voetbalshirts met de hand te wassen. Als je de wasmachine wilt gebruiken, denk er dan aan om voetbalshirts binnenstebuiten te draaien en vervolgens te wassen. Vul de machine met koud water en gebruik een fijnwasprogramma om de kleuren beter te beschermen.<\/p>","protected":false},"excerpt":{"rendered":"<p>Dein junger Fu\u00dfballer wird die dryCELL Technologie in diesem Trikot zu sch\u00e4tzen wissen, die daf\u00fcr sorgt, dass die Feuchtigkeit vom K\u00f6rper weggeleitet wird. Damit wird er die ganze Einheit \u00fcber trocken und bequem bleiben. Aber dieses Trikot zelebriert auch die Kraft und den Einfluss, den der Sport auf die Welt im Allgemeinen haben kann. Es [&hellip;]<\/p>","protected":false},"featured_media":2495,"comment_status":"open","ping_status":"closed","template":"","meta":[],"product_brand":[],"product_cat":[92],"product_tag":[19,93,20,94],"class_list":{"0":"post-2454","1":"product","2":"type-product","3":"status-publish","4":"has-post-thumbnail","6":"product_cat-ac-mailand-kindertrikot","7":"product_tag-ac-milan-auswaertstrikot","8":"product_tag-ac-milan-trikotsatz-fuer-kinder","9":"product_tag-coole-fussballtrikots","10":"product_tag-kinder-fussball-trikotsatz","12":"first","13":"instock","14":"shipping-taxable","15":"purchasable","16":"product-type-variable"},"_links":{"self":[{"href":"https:\/\/www.billigtrikotde.com\/nl\/wp-json\/wp\/v2\/product\/2454","targetHints":{"allow":["GET"]}}],"collection":[{"href":"https:\/\/www.billigtrikotde.com\/nl\/wp-json\/wp\/v2\/product"}],"about":[{"href":"https:\/\/www.billigtrikotde.com\/nl\/wp-json\/wp\/v2\/types\/product"}],"replies":[{"embeddable":true,"href":"https:\/\/www.billigtrikotde.com\/nl\/wp-json\/wp\/v2\/comments?post=2454"}],"wp:featuredmedia":[{"embeddable":true,"href":"https:\/\/www.billigtrikotde.com\/nl\/wp-json\/wp\/v2\/media\/2495"}],"wp:attachment":[{"href":"https:\/\/www.billigtrikotde.com\/nl\/wp-json\/wp\/v2\/media?parent=2454"}],"wp:term":[{"taxonomy":"product_brand","embeddable":true,"href":"https:\/\/www.billigtrikotde.com\/nl\/wp-json\/wp\/v2\/product_brand?post=2454"},{"taxonomy":"product_cat","embeddable":true,"href":"https:\/\/www.billigtrikotde.com\/nl\/wp-json\/wp\/v2\/product_cat?post=2454"},{"taxonomy":"product_tag","embeddable":true,"href":"https:\/\/www.billigtrikotde.com\/nl\/wp-json\/wp\/v2\/product_tag?post=2454"}],"curies":[{"name":"wp","href":"https:\/\/api.w.org\/{rel}","templated":true}]}}