{"id":2452,"date":"2024-10-23T14:17:35","date_gmt":"2024-10-23T12:17:35","guid":{"rendered":"http:\/\/billigtrikots.com\/?post_type=product&#038;p=2452"},"modified":"2024-10-23T14:19:42","modified_gmt":"2024-10-23T12:19:42","slug":"ac-mailand-auswaertstrikot-2022-beige-rot-fuer-kinder-mit-aufdruck-ronaldinho-80","status":"publish","type":"product","link":"https:\/\/www.billigtrikotde.com\/nl\/ac-mailand-auswaertstrikot-2022-beige-rot-fuer-kinder-mit-aufdruck-ronaldinho-80\/","title":{"rendered":"AC Milan Away Jersey 2022 Beige Rood voor kinderen met opdruk Ronaldinho 80"},"content":{"rendered":"<p>Met het beige kindersportshirt van PUMA draag je de kleuren van je favoriete club en laat je iedereen zien waar je hart voor klopt. Een must-have voor echte fans van AC Milan: het uitshirt in het originele ontwerp dat de spelers uit de Serie A dragen. Het is ademend, supercomfortabel en lichtgewicht. Het onderscheidt zich visueel met een clubwapen op de borst. Met dit shirt ben je perfect uitgerust voor elke sessie.<\/p>\n<p>Tips voor het afdrukken: Als de naam en het nummer op de foto precies zijn wat je wilt, hoef je ze niet opnieuw in te voeren. Zo niet, dan moet je de gewenste naam en het gewenste nummer invoeren.<\/p>\n<p>Wastips: Het wordt aanbevolen om voetbalshirts met de hand te wassen. Als je de wasmachine wilt gebruiken, denk er dan aan om voetbalshirts binnenstebuiten te draaien en vervolgens te wassen. Vul de machine met koud water en gebruik een fijnwasprogramma om de kleuren beter te beschermen.<\/p>","protected":false},"excerpt":{"rendered":"<p>Das Kinder-Sportshirt von PUMA in Beige l\u00e4sst dich die Farben deines Lieblingsclubs tragen und allen zeigen, wof\u00fcr dein Herz schl\u00e4gt. F\u00fcr wahre AC Mailand-Fans ein Must-Have: das Ausw\u00e4rts-Sportshirt im Originaldesign, wie es die Spieler in der Serie A tragen. Es ist atmungsaktiv, super bequem und leicht. Es besticht optisch mit einem Vereinswappen auf der Brust. [&hellip;]<\/p>","protected":false},"featured_media":2486,"comment_status":"open","ping_status":"closed","template":"","meta":[],"product_brand":[],"product_cat":[92],"product_tag":[19,93,20,94],"class_list":{"0":"post-2452","1":"product","2":"type-product","3":"status-publish","4":"has-post-thumbnail","6":"product_cat-ac-mailand-kindertrikot","7":"product_tag-ac-milan-auswaertstrikot","8":"product_tag-ac-milan-trikotsatz-fuer-kinder","9":"product_tag-coole-fussballtrikots","10":"product_tag-kinder-fussball-trikotsatz","12":"first","13":"instock","14":"shipping-taxable","15":"purchasable","16":"product-type-variable"},"_links":{"self":[{"href":"https:\/\/www.billigtrikotde.com\/nl\/wp-json\/wp\/v2\/product\/2452","targetHints":{"allow":["GET"]}}],"collection":[{"href":"https:\/\/www.billigtrikotde.com\/nl\/wp-json\/wp\/v2\/product"}],"about":[{"href":"https:\/\/www.billigtrikotde.com\/nl\/wp-json\/wp\/v2\/types\/product"}],"replies":[{"embeddable":true,"href":"https:\/\/www.billigtrikotde.com\/nl\/wp-json\/wp\/v2\/comments?post=2452"}],"wp:featuredmedia":[{"embeddable":true,"href":"https:\/\/www.billigtrikotde.com\/nl\/wp-json\/wp\/v2\/media\/2486"}],"wp:attachment":[{"href":"https:\/\/www.billigtrikotde.com\/nl\/wp-json\/wp\/v2\/media?parent=2452"}],"wp:term":[{"taxonomy":"product_brand","embeddable":true,"href":"https:\/\/www.billigtrikotde.com\/nl\/wp-json\/wp\/v2\/product_brand?post=2452"},{"taxonomy":"product_cat","embeddable":true,"href":"https:\/\/www.billigtrikotde.com\/nl\/wp-json\/wp\/v2\/product_cat?post=2452"},{"taxonomy":"product_tag","embeddable":true,"href":"https:\/\/www.billigtrikotde.com\/nl\/wp-json\/wp\/v2\/product_tag?post=2452"}],"curies":[{"name":"wp","href":"https:\/\/api.w.org\/{rel}","templated":true}]}}