{"id":2394,"date":"2024-10-23T14:14:52","date_gmt":"2024-10-23T12:14:52","guid":{"rendered":"http:\/\/billigtrikots.com\/?post_type=product&#038;p=2394"},"modified":"2024-10-23T14:16:58","modified_gmt":"2024-10-23T12:16:58","slug":"atletico-madrid-2022-heimtrikot-langarm-kurze-hosen-mit-aufdruck-thomas-5","status":"publish","type":"product","link":"https:\/\/www.billigtrikotde.com\/nl\/atletico-madrid-2022-heimtrikot-langarm-kurze-hosen-mit-aufdruck-thomas-5\/","title":{"rendered":"Atl\u00e9tico Madrid 2022 thuisshirt lange mouw + short met THOMAS 5 opdruk"},"content":{"rendered":"<p>Vertegenwoordig je favoriete team met het thuisshirt van Atl\u00e9tico de Madrid. De zweetbestendige stof houdt je droog en comfortabel op het veld en op de tribunes, en met de teamdetails kun je je steun overal laten zien.<\/p>\n<p>Tips voor het afdrukken: Als de naam en het nummer op de foto precies zijn wat je wilt, hoef je ze niet opnieuw in te voeren. Zo niet, dan moet je de gewenste naam en het gewenste nummer invoeren.<\/p>\n<p>Wastips: Het wordt aanbevolen om voetbalshirts met de hand te wassen. Als je de wasmachine wilt gebruiken, denk er dan aan om voetbalshirts binnenstebuiten te draaien en vervolgens te wassen. Vul de machine met koud water en gebruik een fijnwasprogramma om de kleuren beter te beschermen.<\/p>","protected":false},"excerpt":{"rendered":"<p>Repr\u00e4sentieren Sie Ihre Lieblingsmannschaft mit dem Atl\u00e9tico de Madrid Heimspieltrikot. Das schwei\u00dfresistente Gewebe h\u00e4lt Sie auf dem Spielfeld und auf der Trib\u00fcne trocken und komfortabel, und die Teamdetails lassen Sie Ihre Unterst\u00fctzung zeigen, wo immer Sie gehen. Tipps zum Drucken: Wenn der Name und die Nummer auf dem Bild genau Ihren W\u00fcnschen entsprechen, m\u00fcssen Sie [&hellip;]<\/p>","protected":false},"featured_media":2436,"comment_status":"open","ping_status":"closed","template":"","meta":[],"product_brand":[],"product_cat":[88],"product_tag":[89,90,20,38,21,24],"class_list":{"0":"post-2394","1":"product","2":"type-product","3":"status-publish","4":"has-post-thumbnail","6":"product_cat-atletico-madrid","7":"product_tag-atletico-madrid-heimtrikot","8":"product_tag-atletico-madrid-trikots","9":"product_tag-coole-fussballtrikots","10":"product_tag-fussball-trikot-langarm","11":"product_tag-fussballtrikot-fuer-herren","12":"product_tag-guenstiges-fussballtrikot","14":"first","15":"instock","16":"shipping-taxable","17":"purchasable","18":"product-type-variable"},"_links":{"self":[{"href":"https:\/\/www.billigtrikotde.com\/nl\/wp-json\/wp\/v2\/product\/2394","targetHints":{"allow":["GET"]}}],"collection":[{"href":"https:\/\/www.billigtrikotde.com\/nl\/wp-json\/wp\/v2\/product"}],"about":[{"href":"https:\/\/www.billigtrikotde.com\/nl\/wp-json\/wp\/v2\/types\/product"}],"replies":[{"embeddable":true,"href":"https:\/\/www.billigtrikotde.com\/nl\/wp-json\/wp\/v2\/comments?post=2394"}],"wp:featuredmedia":[{"embeddable":true,"href":"https:\/\/www.billigtrikotde.com\/nl\/wp-json\/wp\/v2\/media\/2436"}],"wp:attachment":[{"href":"https:\/\/www.billigtrikotde.com\/nl\/wp-json\/wp\/v2\/media?parent=2394"}],"wp:term":[{"taxonomy":"product_brand","embeddable":true,"href":"https:\/\/www.billigtrikotde.com\/nl\/wp-json\/wp\/v2\/product_brand?post=2394"},{"taxonomy":"product_cat","embeddable":true,"href":"https:\/\/www.billigtrikotde.com\/nl\/wp-json\/wp\/v2\/product_cat?post=2394"},{"taxonomy":"product_tag","embeddable":true,"href":"https:\/\/www.billigtrikotde.com\/nl\/wp-json\/wp\/v2\/product_tag?post=2394"}],"curies":[{"name":"wp","href":"https:\/\/api.w.org\/{rel}","templated":true}]}}