{"id":2330,"date":"2024-10-23T14:12:06","date_gmt":"2024-10-23T12:12:06","guid":{"rendered":"http:\/\/billigtrikots.com\/?post_type=product&#038;p=2330"},"modified":"2024-10-23T14:14:10","modified_gmt":"2024-10-23T12:14:10","slug":"manchester-city-auswaertstrikot-2022-weiss-hellblau-mit-aufdruck-mangala-15","status":"publish","type":"product","link":"https:\/\/www.billigtrikotde.com\/nl\/manchester-city-auswaertstrikot-2022-weiss-hellblau-mit-aufdruck-mangala-15\/","title":{"rendered":"Manchester City uittenue 2022 wit\/lichtblauw met opdruk MANGALA 15"},"content":{"rendered":"<p>Het nieuwste Puma MCFC herenshirt is er in een ongewoon felle kleur en is daarom echt uniek! Het is natuurlijk versierd met het trotse clublogo, offici\u00eble sponsorgegevens en de legendarische Puma Cat. Mis dit unieke ontwerp niet!<\/p>\n<p>Hij is gemaakt van 100% gerecycled polyester en dankzij de dryCELL-technologie zorgt hij voor een goede warmte- en vochtregulatie. Dit houdt je lichaam droog en fris, en je kunt zeker zijn van duurzame kwaliteit. De speciale replicasnit wijkt iets af van de strakker zittende spelerstruien en zorgt voor maximale bewegingsvrijheid in alle richtingen.<\/p>\n<p>Toon je trouw en loyaliteit waar en wanneer de Citizens ook op het veld staan! Koop het offici\u00eble Puma Manchester City herenshirt 2021\/22 en vier het zeer succesvolle team!<\/p>\n<p>Tips voor het afdrukken: Als de naam en het nummer op de foto precies zijn wat je wilt, hoef je ze niet opnieuw in te voeren. Zo niet, dan moet je de gewenste naam en het gewenste nummer invoeren.<\/p>\n<p>Wastips: Het wordt aanbevolen om voetbalshirts met de hand te wassen. Als je de wasmachine wilt gebruiken, denk er dan aan om voetbalshirts binnenstebuiten te draaien en vervolgens te wassen. Vul de machine met koud water en gebruik een fijnwasprogramma om de kleuren beter te beschermen.<\/p>","protected":false},"excerpt":{"rendered":"<p>Das aktuelle Puma MCFC Herren Ausw\u00e4rts Trikot zeigt sich in einer ungew\u00f6hnlich hellen Farbe und ist somit ein echtes Unikat! Es ist nat\u00fcrlich mit dem stolzen Vereinslogo, offiziellen Sponsorendetails und der legend\u00e4ren Puma Cat geschm\u00fcckt. Dieses einzigartige Design darfst du dir nicht entgehen lassen! Gefertigt wird es aus 100% recyceltem Polyester und dank der dryCELL [&hellip;]<\/p>","protected":false},"featured_media":2364,"comment_status":"open","ping_status":"closed","template":"","meta":[],"product_brand":[],"product_cat":[82],"product_tag":[20,21,22,23,24,83,84],"class_list":{"0":"post-2330","1":"product","2":"type-product","3":"status-publish","4":"has-post-thumbnail","6":"product_cat-manchester-city","7":"product_tag-coole-fussballtrikots","8":"product_tag-fussballtrikot-fuer-herren","9":"product_tag-fussballtrikot-guenstig-kaufen","10":"product_tag-fussballtrikot-kurzarm","11":"product_tag-guenstiges-fussballtrikot","12":"product_tag-manchester-city-auswaertstrikot","13":"product_tag-manchester-city-trikots","15":"first","16":"instock","17":"shipping-taxable","18":"purchasable","19":"product-type-variable"},"_links":{"self":[{"href":"https:\/\/www.billigtrikotde.com\/nl\/wp-json\/wp\/v2\/product\/2330","targetHints":{"allow":["GET"]}}],"collection":[{"href":"https:\/\/www.billigtrikotde.com\/nl\/wp-json\/wp\/v2\/product"}],"about":[{"href":"https:\/\/www.billigtrikotde.com\/nl\/wp-json\/wp\/v2\/types\/product"}],"replies":[{"embeddable":true,"href":"https:\/\/www.billigtrikotde.com\/nl\/wp-json\/wp\/v2\/comments?post=2330"}],"wp:featuredmedia":[{"embeddable":true,"href":"https:\/\/www.billigtrikotde.com\/nl\/wp-json\/wp\/v2\/media\/2364"}],"wp:attachment":[{"href":"https:\/\/www.billigtrikotde.com\/nl\/wp-json\/wp\/v2\/media?parent=2330"}],"wp:term":[{"taxonomy":"product_brand","embeddable":true,"href":"https:\/\/www.billigtrikotde.com\/nl\/wp-json\/wp\/v2\/product_brand?post=2330"},{"taxonomy":"product_cat","embeddable":true,"href":"https:\/\/www.billigtrikotde.com\/nl\/wp-json\/wp\/v2\/product_cat?post=2330"},{"taxonomy":"product_tag","embeddable":true,"href":"https:\/\/www.billigtrikotde.com\/nl\/wp-json\/wp\/v2\/product_tag?post=2330"}],"curies":[{"name":"wp","href":"https:\/\/api.w.org\/{rel}","templated":true}]}}