{"id":22742,"date":"2025-11-04T15:41:28","date_gmt":"2025-11-04T14:41:28","guid":{"rendered":"https:\/\/www.billigtrikotde.com\/?post_type=product&#038;p=22742"},"modified":"2025-11-04T15:41:28","modified_gmt":"2025-11-04T14:41:28","slug":"manchester-united-guenstige-bruno-fernandes-8-heimtrikot-2025-26-kurzarm","status":"publish","type":"product","link":"https:\/\/www.billigtrikotde.com\/nl\/manchester-united-guenstige-bruno-fernandes-8-heimtrikot-2025-26-kurzarm\/","title":{"rendered":"Manchester United Goedkope Bruno Fernandes #8 Thuisshirt 2025-26 Korte mouwen"},"content":{"rendered":"<p>Manchester-United-voetbaltruiken-tips om te drukken: Als de naam en het nummer op de afbeelding exact aan jouw wensen voldoen, hoef je ze niet opnieuw in te voeren. Zo niet, voer dan de gewenste naam en het gewenste nummer in.<\/p>\n<p>Manchester-United-voetbaltruiken-tips om te wassen: Het wordt aanbevolen voetbaltruien met de hand te wassen. Als je de wasmachine wilt gebruiken, vergeet dan niet de truien binnenstebuiten te keren en dan te wassen. Vul de machine met koud water en gebruik een wasprogramma voor delicate was om de kleuren beter te beschermen.<\/p>","protected":false},"excerpt":{"rendered":"<p>Manchester-United-Fu\u00dfballtrikots-Tipps zum Drucken: Wenn der Name und die Nummer auf dem Bild genau Ihren W\u00fcnschen entsprechen, m\u00fcssen Sie sie nicht erneut eingeben. Wenn nicht, sollten Sie Ihren gew\u00fcnschten Namen und Ihre Nummer eingeben. Manchester-United-Fu\u00dfballtrikots-Tipps zum Waschen: Es wird empfohlen, Fu\u00dfballtrikots von Hand zu waschen. Wenn Sie die Waschmaschine benutzen m\u00f6chten, denken Sie daran, Fu\u00dfballtrikots umzudrehen [&hellip;]<\/p>","protected":false},"featured_media":22744,"comment_status":"open","ping_status":"closed","template":"","meta":[],"product_brand":[],"product_cat":[50],"product_tag":[1552,1553],"class_list":{"0":"post-22742","1":"product","2":"type-product","3":"status-publish","4":"has-post-thumbnail","6":"product_cat-manchester-united","7":"product_tag-bruno-fernandes-trikot-kinder-kaufen","8":"product_tag-guenstige-bruno-fernandes-trikot-kinder","10":"first","11":"instock","12":"shipping-taxable","13":"purchasable","14":"product-type-variable"},"_links":{"self":[{"href":"https:\/\/www.billigtrikotde.com\/nl\/wp-json\/wp\/v2\/product\/22742","targetHints":{"allow":["GET"]}}],"collection":[{"href":"https:\/\/www.billigtrikotde.com\/nl\/wp-json\/wp\/v2\/product"}],"about":[{"href":"https:\/\/www.billigtrikotde.com\/nl\/wp-json\/wp\/v2\/types\/product"}],"replies":[{"embeddable":true,"href":"https:\/\/www.billigtrikotde.com\/nl\/wp-json\/wp\/v2\/comments?post=22742"}],"wp:featuredmedia":[{"embeddable":true,"href":"https:\/\/www.billigtrikotde.com\/nl\/wp-json\/wp\/v2\/media\/22744"}],"wp:attachment":[{"href":"https:\/\/www.billigtrikotde.com\/nl\/wp-json\/wp\/v2\/media?parent=22742"}],"wp:term":[{"taxonomy":"product_brand","embeddable":true,"href":"https:\/\/www.billigtrikotde.com\/nl\/wp-json\/wp\/v2\/product_brand?post=22742"},{"taxonomy":"product_cat","embeddable":true,"href":"https:\/\/www.billigtrikotde.com\/nl\/wp-json\/wp\/v2\/product_cat?post=22742"},{"taxonomy":"product_tag","embeddable":true,"href":"https:\/\/www.billigtrikotde.com\/nl\/wp-json\/wp\/v2\/product_tag?post=22742"}],"curies":[{"name":"wp","href":"https:\/\/api.w.org\/{rel}","templated":true}]}}