{"id":21948,"date":"2025-05-22T14:03:08","date_gmt":"2025-05-22T12:03:08","guid":{"rendered":"https:\/\/www.billigtrikotde.com\/?post_type=product&#038;p=21948"},"modified":"2025-05-22T14:03:10","modified_gmt":"2025-05-22T12:03:10","slug":"kinder-fussballtrikots-manchester-city-heim-trikotsatz-2025-26","status":"publish","type":"product","link":"https:\/\/www.billigtrikotde.com\/nl\/kinder-fussballtrikots-manchester-city-heim-trikotsatz-2025-26\/","title":{"rendered":"Kinder voetbalshirts Manchester City thuis shirtset 2025-26"},"content":{"rendered":"<h3>Kinderen voetbalkleding Manchester City Thuistruitsatz 2025-26 Personaliseerbaar<\/h3>\n<p>Voor het eerst in de verenigingsgeschiedenis werd het Manchester City FC 2025\/26 heren-thuisshirt met een opvallend scherpe ontwerp en het iconische hemelsblauw herinterpreteerd. Het is een eerbetoon aan de legendarische uit-truiken uit het verleden en een symbool voor de unieke geest van de club. Dit thuisshirt verenigt traditie met innovatie en viert met een diagonale streep de geschiedenis van City en kijkt tegelijk moedig naar de toekomst. Het is ontworpen voor comfort en prestatie en bestaat uit licht ULTRAWEAVE-materiaal en dryCELL-technologie, die zweten afvoert en u zowel op als buiten het veld koel houdt.<br \/>\nTips voor het afdrukken: Als de naam en het nummer op de foto precies zijn wat je wilt, hoef je ze niet opnieuw in te voeren. Zo niet, dan moet je de gewenste naam en het gewenste nummer invoeren.<\/p>\n<p>Wastips: Het wordt aanbevolen om voetbalshirts met de hand te wassen. Als je de wasmachine wilt gebruiken, denk er dan aan om voetbalshirts binnenstebuiten te draaien en vervolgens te wassen. Vul de machine met koud water en gebruik een fijnwasprogramma om de kleuren beter te beschermen.<\/p>","protected":false},"excerpt":{"rendered":"<p>Kinder Fu\u00dfballtrikots Manchester City Heim Trikotsatz 2025-26 Personalisierbar Zum ersten Mal in der Vereinsgeschichte wurde das Manchester City FC 2025\/26 Herren-Heimtrikot mit einem markanten Sch\u00e4rpendesign und dem ikonischen Himmelblau neu interpretiert. Es ist eine Hommage an die legend\u00e4ren Ausw\u00e4rtstrikots der Vergangenheit und ein Symbol f\u00fcr den einzigartigen Geist des Vereins. Dieses Heimtrikot verbindet Tradition mit [&hellip;]<\/p>","protected":false},"featured_media":21950,"comment_status":"open","ping_status":"closed","template":"","meta":[],"product_brand":[],"product_cat":[144],"product_tag":[20,22,23,24,1311],"class_list":{"0":"post-21948","1":"product","2":"type-product","3":"status-publish","4":"has-post-thumbnail","6":"product_cat-manchester-city-kindertrikot","7":"product_tag-coole-fussballtrikots","8":"product_tag-fussballtrikot-guenstig-kaufen","9":"product_tag-fussballtrikot-kurzarm","10":"product_tag-guenstiges-fussballtrikot","11":"product_tag-manchester-city-fussballtrikots","13":"first","14":"instock","15":"shipping-taxable","16":"purchasable","17":"product-type-variable"},"_links":{"self":[{"href":"https:\/\/www.billigtrikotde.com\/nl\/wp-json\/wp\/v2\/product\/21948","targetHints":{"allow":["GET"]}}],"collection":[{"href":"https:\/\/www.billigtrikotde.com\/nl\/wp-json\/wp\/v2\/product"}],"about":[{"href":"https:\/\/www.billigtrikotde.com\/nl\/wp-json\/wp\/v2\/types\/product"}],"replies":[{"embeddable":true,"href":"https:\/\/www.billigtrikotde.com\/nl\/wp-json\/wp\/v2\/comments?post=21948"}],"wp:featuredmedia":[{"embeddable":true,"href":"https:\/\/www.billigtrikotde.com\/nl\/wp-json\/wp\/v2\/media\/21950"}],"wp:attachment":[{"href":"https:\/\/www.billigtrikotde.com\/nl\/wp-json\/wp\/v2\/media?parent=21948"}],"wp:term":[{"taxonomy":"product_brand","embeddable":true,"href":"https:\/\/www.billigtrikotde.com\/nl\/wp-json\/wp\/v2\/product_brand?post=21948"},{"taxonomy":"product_cat","embeddable":true,"href":"https:\/\/www.billigtrikotde.com\/nl\/wp-json\/wp\/v2\/product_cat?post=21948"},{"taxonomy":"product_tag","embeddable":true,"href":"https:\/\/www.billigtrikotde.com\/nl\/wp-json\/wp\/v2\/product_tag?post=21948"}],"curies":[{"name":"wp","href":"https:\/\/api.w.org\/{rel}","templated":true}]}}