{"id":21885,"date":"2025-05-16T13:47:23","date_gmt":"2025-05-16T11:47:23","guid":{"rendered":"https:\/\/www.billigtrikotde.com\/?post_type=product&#038;p=21885"},"modified":"2025-05-16T13:49:23","modified_gmt":"2025-05-16T11:49:23","slug":"aston-villa-torwart-3rd-trikot-kinder-fussballtrikots-set-emiliano-martinez-23","status":"publish","type":"product","link":"https:\/\/www.billigtrikotde.com\/nl\/aston-villa-torwart-3rd-trikot-kinder-fussballtrikots-set-emiliano-martinez-23\/","title":{"rendered":"Aston Villa Emiliano Martinez #23 Doelman 3e shirt Kinderen 2024-25 Lange mouwen (+ korte broek)"},"content":{"rendered":"<h3>Aston Villa doelman 3e trikot Kinder voetbaltruitjes set Emiliano Mart\u00ednez 23<\/h3>\n<p>Tips voor het afdrukken: Als de naam en het nummer op de foto precies zijn wat je wilt, hoef je ze niet opnieuw in te voeren. Zo niet, dan moet je de gewenste naam en het gewenste nummer invoeren.<\/p>\n<p>Wastips: Het wordt aanbevolen om voetbalshirts met de hand te wassen. Als je de wasmachine wilt gebruiken, denk er dan aan om voetbalshirts binnenstebuiten te draaien en vervolgens te wassen. Vul de machine met koud water en gebruik een fijnwasprogramma om de kleuren beter te beschermen.<\/p>","protected":false},"excerpt":{"rendered":"<p>Aston Villa Torwart 3rd trikot Kinder Fu\u00dfballtrikots Set Emiliano Martinez 23 Tipps zum Drucken: Wenn der Name und die Nummer auf dem Bild genau Ihren W\u00fcnschen entsprechen, m\u00fcssen Sie sie nicht erneut eingeben. Wenn nicht, sollten Sie Ihren gew\u00fcnschten Namen und Ihre Nummer eingeben. Tipps zum Waschen: Es wird empfohlen, Fu\u00dfballtrikots von Hand zu waschen. [&hellip;]<\/p>","protected":false},"featured_media":21887,"comment_status":"open","ping_status":"closed","template":"","meta":[],"product_brand":[],"product_cat":[893],"product_tag":[1493,895,20,574,22,1491,24,94],"class_list":{"0":"post-21885","1":"product","2":"type-product","3":"status-publish","4":"has-post-thumbnail","6":"product_cat-aston-villa-kindertrikot","7":"product_tag-aston-villa-torwartbekleidung-fussball-kinder","8":"product_tag-aston-villa-trikot-fuer-kinder","9":"product_tag-coole-fussballtrikots","10":"product_tag-fussballtrikot-deutschland","11":"product_tag-fussballtrikot-guenstig-kaufen","12":"product_tag-guenstige-aston-villa-trikot-kinder","13":"product_tag-guenstiges-fussballtrikot","14":"product_tag-kinder-fussball-trikotsatz","16":"first","17":"instock","18":"shipping-taxable","19":"purchasable","20":"product-type-variable"},"_links":{"self":[{"href":"https:\/\/www.billigtrikotde.com\/nl\/wp-json\/wp\/v2\/product\/21885","targetHints":{"allow":["GET"]}}],"collection":[{"href":"https:\/\/www.billigtrikotde.com\/nl\/wp-json\/wp\/v2\/product"}],"about":[{"href":"https:\/\/www.billigtrikotde.com\/nl\/wp-json\/wp\/v2\/types\/product"}],"replies":[{"embeddable":true,"href":"https:\/\/www.billigtrikotde.com\/nl\/wp-json\/wp\/v2\/comments?post=21885"}],"wp:featuredmedia":[{"embeddable":true,"href":"https:\/\/www.billigtrikotde.com\/nl\/wp-json\/wp\/v2\/media\/21887"}],"wp:attachment":[{"href":"https:\/\/www.billigtrikotde.com\/nl\/wp-json\/wp\/v2\/media?parent=21885"}],"wp:term":[{"taxonomy":"product_brand","embeddable":true,"href":"https:\/\/www.billigtrikotde.com\/nl\/wp-json\/wp\/v2\/product_brand?post=21885"},{"taxonomy":"product_cat","embeddable":true,"href":"https:\/\/www.billigtrikotde.com\/nl\/wp-json\/wp\/v2\/product_cat?post=21885"},{"taxonomy":"product_tag","embeddable":true,"href":"https:\/\/www.billigtrikotde.com\/nl\/wp-json\/wp\/v2\/product_tag?post=21885"}],"curies":[{"name":"wp","href":"https:\/\/api.w.org\/{rel}","templated":true}]}}