{"id":21869,"date":"2025-05-16T14:30:31","date_gmt":"2025-05-16T12:30:31","guid":{"rendered":"https:\/\/www.billigtrikotde.com\/?post_type=product&#038;p=21869"},"modified":"2025-05-16T17:16:24","modified_gmt":"2025-05-16T15:16:24","slug":"fussballtrikots-set-aston-villa-emiliano-martinez-23-torwart-heimtrikot-kinder-2024-25","status":"publish","type":"product","link":"https:\/\/www.billigtrikotde.com\/nl\/fussballtrikots-set-aston-villa-emiliano-martinez-23-torwart-heimtrikot-kinder-2024-25\/","title":{"rendered":"Aston Villa Emiliano Martinez #23 Doelman Thuistrikot Kinder 2024-25 Voetbal truitjeset"},"content":{"rendered":"<h3>Voetbalshirts Set Aston Villa Emiliano Martinez #23 Doelfitter Thuistrui Kinderen 2024-25<\/h3>\n<p>Tips voor het afdrukken: Als de naam en het nummer op de foto precies zijn wat je wilt, hoef je ze niet opnieuw in te voeren. Zo niet, dan moet je de gewenste naam en het gewenste nummer invoeren.<\/p>\n<p>Wastips: Het wordt aanbevolen om voetbalshirts met de hand te wassen. Als je de wasmachine wilt gebruiken, denk er dan aan om voetbalshirts binnenstebuiten te draaien en vervolgens te wassen. Vul de machine met koud water en gebruik een fijnwasprogramma om de kleuren beter te beschermen.<\/p>","protected":false},"excerpt":{"rendered":"<p>Fu\u00dfballtrikots Set Aston Villa Emiliano Martinez #23 Torwart Heimtrikot Kinder 2024-25 Tipps zum Drucken: Wenn der Name und die Nummer auf dem Bild genau Ihren W\u00fcnschen entsprechen, m\u00fcssen Sie sie nicht erneut eingeben. Wenn nicht, sollten Sie Ihren gew\u00fcnschten Namen und Ihre Nummer eingeben. Tipps zum Waschen: Es wird empfohlen, Fu\u00dfballtrikots von Hand zu waschen. [&hellip;]<\/p>","protected":false},"featured_media":21871,"comment_status":"open","ping_status":"closed","template":"","meta":[],"product_brand":[],"product_cat":[893],"product_tag":[1493,1494,1492,1491,1495],"class_list":{"0":"post-21869","1":"product","2":"type-product","3":"status-publish","4":"has-post-thumbnail","6":"product_cat-aston-villa-kindertrikot","7":"product_tag-aston-villa-torwartbekleidung-fussball-kinder","8":"product_tag-emiliano-martinez-trikot-kinder-kaufen","9":"product_tag-guenstige-aston-villa-torwarttrikot-kinder","10":"product_tag-guenstige-aston-villa-trikot-kinder","11":"product_tag-guenstige-emiliano-martinez-trikot-kinder","13":"first","14":"instock","15":"shipping-taxable","16":"purchasable","17":"product-type-variable"},"_links":{"self":[{"href":"https:\/\/www.billigtrikotde.com\/nl\/wp-json\/wp\/v2\/product\/21869","targetHints":{"allow":["GET"]}}],"collection":[{"href":"https:\/\/www.billigtrikotde.com\/nl\/wp-json\/wp\/v2\/product"}],"about":[{"href":"https:\/\/www.billigtrikotde.com\/nl\/wp-json\/wp\/v2\/types\/product"}],"replies":[{"embeddable":true,"href":"https:\/\/www.billigtrikotde.com\/nl\/wp-json\/wp\/v2\/comments?post=21869"}],"wp:featuredmedia":[{"embeddable":true,"href":"https:\/\/www.billigtrikotde.com\/nl\/wp-json\/wp\/v2\/media\/21871"}],"wp:attachment":[{"href":"https:\/\/www.billigtrikotde.com\/nl\/wp-json\/wp\/v2\/media?parent=21869"}],"wp:term":[{"taxonomy":"product_brand","embeddable":true,"href":"https:\/\/www.billigtrikotde.com\/nl\/wp-json\/wp\/v2\/product_brand?post=21869"},{"taxonomy":"product_cat","embeddable":true,"href":"https:\/\/www.billigtrikotde.com\/nl\/wp-json\/wp\/v2\/product_cat?post=21869"},{"taxonomy":"product_tag","embeddable":true,"href":"https:\/\/www.billigtrikotde.com\/nl\/wp-json\/wp\/v2\/product_tag?post=21869"}],"curies":[{"name":"wp","href":"https:\/\/api.w.org\/{rel}","templated":true}]}}