{"id":21717,"date":"2025-05-12T14:01:00","date_gmt":"2025-05-12T12:01:00","guid":{"rendered":"https:\/\/www.billigtrikotde.com\/?post_type=product&#038;p=21717"},"modified":"2025-05-21T15:30:22","modified_gmt":"2025-05-21T13:30:22","slug":"inter-milan-heimtrikot-kinder-2024-25-fussballtrikots-set","status":"publish","type":"product","link":"https:\/\/www.billigtrikotde.com\/nl\/inter-milan-heimtrikot-kinder-2024-25-fussballtrikots-set\/","title":{"rendered":"Inter Milan thuistrui Kinderen 2024-25 Voetbalset"},"content":{"rendered":"<h3>Details over Inter Milan thuisshirt kinderen 2024-25 voetbaltruitenset<\/h3>\n<p>Geschikt voor: kinderen<br \/>\nMerkenlogo: Geborduurd<br \/>\nTeamembleem: Geborduurd<br \/>\n100 % polyester voor een droog gevoel.<br \/>\nProduktkleur: Zwart-Blauw<\/p>\n<p>Tips voor het afdrukken: Als de naam en het nummer op de foto precies zijn wat je wilt, hoef je ze niet opnieuw in te voeren. Zo niet, dan moet je de gewenste naam en het gewenste nummer invoeren.<\/p>\n<p>Wastips: Het wordt aanbevolen om voetbalshirts met de hand te wassen. Als je de wasmachine wilt gebruiken, denk er dan aan om voetbalshirts binnenstebuiten te draaien en vervolgens te wassen. Vul de machine met koud water en gebruik een fijnwasprogramma om de kleuren beter te beschermen.<\/p>","protected":false},"excerpt":{"rendered":"<p>Details zu Inter Milan Heimtrikot Kinder 2024-25 Fu\u00dfballtrikots Set Geeignet f\u00fcr: Kinder Markenlogo: Gestickt Teamabzeichen: Gestickt 100 % Polyester f\u00fcr ein trockenes Tragegef\u00fchl. Produktfarbe: Schwarz-Blau Tipps zum Drucken: Wenn der Name und die Nummer auf dem Bild genau Ihren W\u00fcnschen entsprechen, m\u00fcssen Sie sie nicht erneut eingeben. Wenn nicht, sollten Sie Ihren gew\u00fcnschten Namen und [&hellip;]<\/p>","protected":false},"featured_media":21719,"comment_status":"open","ping_status":"closed","template":"","meta":[],"product_brand":[],"product_cat":[779],"product_tag":[20,215,780,781,94],"class_list":{"0":"post-21717","1":"product","2":"type-product","3":"status-publish","4":"has-post-thumbnail","6":"product_cat-inter-milan-kindertrikot","7":"product_tag-coole-fussballtrikots","8":"product_tag-fussball-trikot-kurzarm","9":"product_tag-inter-milan-fussballtrikots-kinder","10":"product_tag-inter-milan-trikot-fuer-kinder","11":"product_tag-kinder-fussball-trikotsatz","13":"first","14":"instock","15":"shipping-taxable","16":"purchasable","17":"product-type-variable"},"_links":{"self":[{"href":"https:\/\/www.billigtrikotde.com\/nl\/wp-json\/wp\/v2\/product\/21717","targetHints":{"allow":["GET"]}}],"collection":[{"href":"https:\/\/www.billigtrikotde.com\/nl\/wp-json\/wp\/v2\/product"}],"about":[{"href":"https:\/\/www.billigtrikotde.com\/nl\/wp-json\/wp\/v2\/types\/product"}],"replies":[{"embeddable":true,"href":"https:\/\/www.billigtrikotde.com\/nl\/wp-json\/wp\/v2\/comments?post=21717"}],"wp:featuredmedia":[{"embeddable":true,"href":"https:\/\/www.billigtrikotde.com\/nl\/wp-json\/wp\/v2\/media\/21719"}],"wp:attachment":[{"href":"https:\/\/www.billigtrikotde.com\/nl\/wp-json\/wp\/v2\/media?parent=21717"}],"wp:term":[{"taxonomy":"product_brand","embeddable":true,"href":"https:\/\/www.billigtrikotde.com\/nl\/wp-json\/wp\/v2\/product_brand?post=21717"},{"taxonomy":"product_cat","embeddable":true,"href":"https:\/\/www.billigtrikotde.com\/nl\/wp-json\/wp\/v2\/product_cat?post=21717"},{"taxonomy":"product_tag","embeddable":true,"href":"https:\/\/www.billigtrikotde.com\/nl\/wp-json\/wp\/v2\/product_tag?post=21717"}],"curies":[{"name":"wp","href":"https:\/\/api.w.org\/{rel}","templated":true}]}}