{"id":21371,"date":"2025-03-23T16:59:58","date_gmt":"2025-03-23T15:59:58","guid":{"rendered":"https:\/\/www.billigtrikotde.com\/?post_type=product&#038;p=21371"},"modified":"2025-04-10T10:43:03","modified_gmt":"2025-04-10T08:43:03","slug":"billige-trikots-kinder-ajax-auswaertstrikot-2024-25-trikot-set","status":"publish","type":"product","link":"https:\/\/www.billigtrikotde.com\/nl\/billige-trikots-kinder-ajax-auswaertstrikot-2024-25-trikot-set\/","title":{"rendered":"Goedkope Jerseys Kids Ajax Away Jersey 2024-25 shirtset"},"content":{"rendered":"<p><strong>Goedkope Jerseys Kids Ajax Away Jersey 2024-25 shirtset<\/strong><\/p>\n<p>De goedkope Ajax-truien zijn een eerbetoon aan de rijke geschiedenis van Ajax en brengen tegelijkertijd moderne elementen en energie in dit Ajax-shirt. Het Ajax voetbalshirt ziet eruit als een blauw palet waarin verschillende tinten blauw, die diep geworteld zijn in de identiteit van de club, harmonieus met elkaar verweven zijn. De echte blikvanger van dit Ajax-shirt is echter de felgele kleur, die een gedurfd en opvallend contrast toevoegt aan de algehele look.<\/p>\n<p>Tips voor het afdrukken: Als de naam en het nummer op de foto precies zijn wat je wilt, hoef je ze niet opnieuw in te voeren. Zo niet, dan moet je de gewenste naam en het gewenste nummer invoeren.<\/p>\n<p>Wastips: Het wordt aanbevolen om voetbalshirts met de hand te wassen. Als je de wasmachine wilt gebruiken, denk er dan aan om voetbalshirts binnenstebuiten te draaien en vervolgens te wassen. Vul de machine met koud water en gebruik een fijnwasprogramma om de kleuren beter te beschermen.<\/p>","protected":false},"excerpt":{"rendered":"<p>Billige Trikots Kinder Ajax Ausw\u00e4rtstrikot 2024-25 trikot set Die Billige Trikots von Ajax sind eine Hommage an die reiche Geschichte von Ajax und bringen gleichzeitig moderne Elemente und Energie in dieses Ajax-Trikot ein. Das Trikot der Ajax-Fu\u00dfballmannschaft sieht aus wie eine blaue Palette, in der verschiedene Blaut\u00f6ne, die tief in der Identit\u00e4t des Vereins verwurzelt [&hellip;]<\/p>","protected":false},"featured_media":21373,"comment_status":"open","ping_status":"closed","template":"","meta":[],"product_brand":[],"product_cat":[680],"product_tag":[1372,681,682,1456,301,20,22,23,24],"class_list":{"0":"post-21371","1":"product","2":"type-product","3":"status-publish","4":"has-post-thumbnail","6":"product_cat-ajax-kindertrikot","7":"product_tag-ajax-amsterdam-trikot","8":"product_tag-ajax-fussballtrikots-kinder-mit-eigenem-namen","9":"product_tag-ajax-trikot-fuer-kinder","10":"product_tag-ajax-trikot-kinder","11":"product_tag-ajax-trikots","12":"product_tag-coole-fussballtrikots","13":"product_tag-fussballtrikot-guenstig-kaufen","14":"product_tag-fussballtrikot-kurzarm","15":"product_tag-guenstiges-fussballtrikot","17":"first","18":"instock","19":"shipping-taxable","20":"purchasable","21":"product-type-variable"},"_links":{"self":[{"href":"https:\/\/www.billigtrikotde.com\/nl\/wp-json\/wp\/v2\/product\/21371","targetHints":{"allow":["GET"]}}],"collection":[{"href":"https:\/\/www.billigtrikotde.com\/nl\/wp-json\/wp\/v2\/product"}],"about":[{"href":"https:\/\/www.billigtrikotde.com\/nl\/wp-json\/wp\/v2\/types\/product"}],"replies":[{"embeddable":true,"href":"https:\/\/www.billigtrikotde.com\/nl\/wp-json\/wp\/v2\/comments?post=21371"}],"wp:featuredmedia":[{"embeddable":true,"href":"https:\/\/www.billigtrikotde.com\/nl\/wp-json\/wp\/v2\/media\/21373"}],"wp:attachment":[{"href":"https:\/\/www.billigtrikotde.com\/nl\/wp-json\/wp\/v2\/media?parent=21371"}],"wp:term":[{"taxonomy":"product_brand","embeddable":true,"href":"https:\/\/www.billigtrikotde.com\/nl\/wp-json\/wp\/v2\/product_brand?post=21371"},{"taxonomy":"product_cat","embeddable":true,"href":"https:\/\/www.billigtrikotde.com\/nl\/wp-json\/wp\/v2\/product_cat?post=21371"},{"taxonomy":"product_tag","embeddable":true,"href":"https:\/\/www.billigtrikotde.com\/nl\/wp-json\/wp\/v2\/product_tag?post=21371"}],"curies":[{"name":"wp","href":"https:\/\/api.w.org\/{rel}","templated":true}]}}