{"id":2133,"date":"2024-10-23T14:01:29","date_gmt":"2024-10-23T12:01:29","guid":{"rendered":"http:\/\/billigtrikots.com\/?post_type=product&#038;p=2133"},"modified":"2024-10-23T14:03:00","modified_gmt":"2024-10-23T12:03:00","slug":"inter-mailand-auswaertstrikot-2022-weiss-blau-guenstig-bestellen","status":"publish","type":"product","link":"https:\/\/www.billigtrikotde.com\/nl\/inter-mailand-auswaertstrikot-2022-weiss-blau-guenstig-bestellen\/","title":{"rendered":"Bestel Inter Milan uittenue 2022 wit\/blauw tegen een voordelige prijs"},"content":{"rendered":"<p>Of je nu in het stadion bent of thuis op de bank \u2013 je steun laat je het beste zien door het zweetafvoerende model in het wit. Nike brengt met het shirt een echt uniek product uit. Meer support gaat bijna niet! Met dit Inter Milaan-uitaway-shirt breid je je fanencollectie uit met een artikel zoals de spelers in de Serie A dragen. Wij raden dit supercomfortabele, zweetafvoerende en ademende model aan met een aangenaam draaggevoel. Dit is een shirt dat met het clubwapen op de borst gegarandeerd kan uitpakken. Zo kun je aan iedereen laten zien dat jij de beste op het veld bent.<\/p>\n<p>Tips voor het afdrukken: Als de naam en het nummer op de foto precies zijn wat je wilt, hoef je ze niet opnieuw in te voeren. Zo niet, dan moet je de gewenste naam en het gewenste nummer invoeren.<\/p>\n<p>Wastips: Het wordt aanbevolen om voetbalshirts met de hand te wassen. Als je de wasmachine wilt gebruiken, denk er dan aan om voetbalshirts binnenstebuiten te draaien en vervolgens te wassen. Vul de machine met koud water en gebruik een fijnwasprogramma om de kleuren beter te beschermen.<\/p>","protected":false},"excerpt":{"rendered":"<p>Ob im Stadion oder zuhause auf der Couch \u2013 deine Unterst\u00fctzung zeigst du am besten durch das schwei\u00dfableitende Modell in Wei\u00df. Nike ver\u00f6ffentlicht mit dem Shirt ein wirklich einmaliges Produkt. Mehr Support geht kaum! Mit diesem Inter Mailand-Ausw\u00e4rts-Shirt erweiterst du deine Fan-Kollektion um einen Artikel, wie ihn die Spieler in der Serie A tragen. Wir [&hellip;]<\/p>","protected":false},"featured_media":2165,"comment_status":"open","ping_status":"closed","template":"","meta":[],"product_brand":[],"product_cat":[77],"product_tag":[20,21,22,23,24,79,78],"class_list":{"0":"post-2133","1":"product","2":"type-product","3":"status-publish","4":"has-post-thumbnail","6":"product_cat-inter-milan","7":"product_tag-coole-fussballtrikots","8":"product_tag-fussballtrikot-fuer-herren","9":"product_tag-fussballtrikot-guenstig-kaufen","10":"product_tag-fussballtrikot-kurzarm","11":"product_tag-guenstiges-fussballtrikot","12":"product_tag-inter-milan-auswaertstrikot","13":"product_tag-inter-milan-trikots","15":"first","16":"instock","17":"shipping-taxable","18":"purchasable","19":"product-type-variable"},"_links":{"self":[{"href":"https:\/\/www.billigtrikotde.com\/nl\/wp-json\/wp\/v2\/product\/2133","targetHints":{"allow":["GET"]}}],"collection":[{"href":"https:\/\/www.billigtrikotde.com\/nl\/wp-json\/wp\/v2\/product"}],"about":[{"href":"https:\/\/www.billigtrikotde.com\/nl\/wp-json\/wp\/v2\/types\/product"}],"replies":[{"embeddable":true,"href":"https:\/\/www.billigtrikotde.com\/nl\/wp-json\/wp\/v2\/comments?post=2133"}],"wp:featuredmedia":[{"embeddable":true,"href":"https:\/\/www.billigtrikotde.com\/nl\/wp-json\/wp\/v2\/media\/2165"}],"wp:attachment":[{"href":"https:\/\/www.billigtrikotde.com\/nl\/wp-json\/wp\/v2\/media?parent=2133"}],"wp:term":[{"taxonomy":"product_brand","embeddable":true,"href":"https:\/\/www.billigtrikotde.com\/nl\/wp-json\/wp\/v2\/product_brand?post=2133"},{"taxonomy":"product_cat","embeddable":true,"href":"https:\/\/www.billigtrikotde.com\/nl\/wp-json\/wp\/v2\/product_cat?post=2133"},{"taxonomy":"product_tag","embeddable":true,"href":"https:\/\/www.billigtrikotde.com\/nl\/wp-json\/wp\/v2\/product_tag?post=2133"}],"curies":[{"name":"wp","href":"https:\/\/api.w.org\/{rel}","templated":true}]}}