{"id":20857,"date":"2025-03-01T13:50:28","date_gmt":"2025-03-01T12:50:28","guid":{"rendered":"https:\/\/www.billigtrikotde.com\/?post_type=product&#038;p=20857"},"modified":"2025-03-01T14:06:34","modified_gmt":"2025-03-01T13:06:34","slug":"fussballtrikot-kaufen-kinder-ac-milan-3rd-trikot-2024-25-trikotsatz-theo-hernandez-19","status":"publish","type":"product","link":"https:\/\/www.billigtrikotde.com\/nl\/fussballtrikot-kaufen-kinder-ac-milan-3rd-trikot-2024-25-trikotsatz-theo-hernandez-19\/","title":{"rendered":"Voetbalshirt Kopen Kinderen AC Milan 3e shirt 2024-25 Kit Theo Hernandez 19"},"content":{"rendered":"<p>AC Milan's derde shirt voor het seizoen 2024\/25 wijkt af van het klassieke rood-zwarte kleurenschema. Donkergrijs is de hoofdkleur en de details in fris mintgroen, waaronder de monochrome clubbadge, manchetten en kraag. Daarnaast geven de druivenmistdetails op de kraag een subtiel en geraffineerd accent en weerspiegelen ze de vooruitstrevende geest van Milaan.<\/p>\n<p>Tips voor het afdrukken: Als de naam en het nummer op de foto precies zijn wat je wilt, hoef je ze niet opnieuw in te voeren. Zo niet, dan moet je de gewenste naam en het gewenste nummer invoeren.<\/p>\n<p>Wastips: Het wordt aanbevolen om voetbalshirts met de hand te wassen. Als je de wasmachine wilt gebruiken, denk er dan aan om voetbalshirts binnenstebuiten te draaien en vervolgens te wassen. Vul de machine met koud water en gebruik een fijnwasprogramma om de kleuren beter te beschermen.<\/p>","protected":false},"excerpt":{"rendered":"<p>Das dritte Trikot des AC Mailand f\u00fcr die Saison 2024\/25 weicht vom klassischen Farbschema aus Rot und Schwarz ab. Dunkelgrau ist die Hauptfarbe und die Details in frischem Mintgr\u00fcn, darunter das einfarbige Vereinsabzeichen, die Manschetten und der Kragen, sind in frischem Mintgr\u00fcn gehalten. Dar\u00fcber hinaus verleihen die Details in Grape Mist am Kragen eine subtile [&hellip;]<\/p>","protected":false},"featured_media":20859,"comment_status":"open","ping_status":"closed","template":"","meta":[],"product_brand":[],"product_cat":[92],"product_tag":[630,631,93,20,574,1415,24,1416,94,1423],"class_list":{"0":"post-20857","1":"product","2":"type-product","3":"status-publish","4":"has-post-thumbnail","6":"product_cat-ac-mailand-kindertrikot","7":"product_tag-ac-milan-fussballtrikots-kinder","8":"product_tag-ac-milan-trikot-fuer-kinder","9":"product_tag-ac-milan-trikotsatz-fuer-kinder","10":"product_tag-coole-fussballtrikots","11":"product_tag-fussballtrikot-deutschland","12":"product_tag-fussballtrikots-set","13":"product_tag-guenstiges-fussballtrikot","14":"product_tag-kinder-ac-milan-trikot","15":"product_tag-kinder-fussball-trikotsatz","16":"product_tag-theo-hernandez-trikot","18":"first","19":"instock","20":"shipping-taxable","21":"purchasable","22":"product-type-variable"},"_links":{"self":[{"href":"https:\/\/www.billigtrikotde.com\/nl\/wp-json\/wp\/v2\/product\/20857","targetHints":{"allow":["GET"]}}],"collection":[{"href":"https:\/\/www.billigtrikotde.com\/nl\/wp-json\/wp\/v2\/product"}],"about":[{"href":"https:\/\/www.billigtrikotde.com\/nl\/wp-json\/wp\/v2\/types\/product"}],"replies":[{"embeddable":true,"href":"https:\/\/www.billigtrikotde.com\/nl\/wp-json\/wp\/v2\/comments?post=20857"}],"wp:featuredmedia":[{"embeddable":true,"href":"https:\/\/www.billigtrikotde.com\/nl\/wp-json\/wp\/v2\/media\/20859"}],"wp:attachment":[{"href":"https:\/\/www.billigtrikotde.com\/nl\/wp-json\/wp\/v2\/media?parent=20857"}],"wp:term":[{"taxonomy":"product_brand","embeddable":true,"href":"https:\/\/www.billigtrikotde.com\/nl\/wp-json\/wp\/v2\/product_brand?post=20857"},{"taxonomy":"product_cat","embeddable":true,"href":"https:\/\/www.billigtrikotde.com\/nl\/wp-json\/wp\/v2\/product_cat?post=20857"},{"taxonomy":"product_tag","embeddable":true,"href":"https:\/\/www.billigtrikotde.com\/nl\/wp-json\/wp\/v2\/product_tag?post=20857"}],"curies":[{"name":"wp","href":"https:\/\/api.w.org\/{rel}","templated":true}]}}