{"id":20715,"date":"2025-01-29T05:27:56","date_gmt":"2025-01-29T04:27:56","guid":{"rendered":"https:\/\/www.billigtrikotde.com\/?post_type=product&#038;p=20715"},"modified":"2025-03-01T05:56:38","modified_gmt":"2025-03-01T04:56:38","slug":"tottenham-hotspur-auswaerts-trikotsatz-2024-25-fuer-kinder-cristian-romero-17","status":"publish","type":"product","link":"https:\/\/www.billigtrikotde.com\/nl\/tottenham-hotspur-auswaerts-trikotsatz-2024-25-fuer-kinder-cristian-romero-17\/","title":{"rendered":"Tottenham Hotspur Uitrusting 2024-25 voor Kinderen Cristian Romero 17"},"content":{"rendered":"<p>In een gedurfde afwijking van Tottenham Hotspur's traditionele shirtontwerp, staat het clubwapen centraal op de Tottenham Hotspur 24\/25 uittenue. Deze innovatieve plaatsing geeft een moderne draai aan het klassieke ontwerp en slaat een brug tussen Tottenham's rijke geschiedenis en haar vooruitstrevende ambities. De mouwen en hals zijn versierd met een geel-witte band, een designelement dat komend seizoen op alle tenues van de club te zien zal zijn.<\/p>\n<p>Tips voor het afdrukken: Als de naam en het nummer op de foto precies zijn wat je wilt, hoef je ze niet opnieuw in te voeren. Zo niet, dan moet je de gewenste naam en het gewenste nummer invoeren.<\/p>\n<p>Wastips: Het wordt aanbevolen om voetbalshirts met de hand te wassen. Als je de wasmachine wilt gebruiken, denk er dan aan om voetbalshirts binnenstebuiten te draaien en vervolgens te wassen. Vul de machine met koud water en gebruik een fijnwasprogramma om de kleuren beter te beschermen.<\/p>","protected":false},"excerpt":{"rendered":"<p>In einer mutigen Abkehr vom traditionellen Trikotdesign von Tottenham Hotspur steht das Vereinswappen auf dem Tottenham Hotspur 24\/25-Ausw\u00e4rtstrikot im Mittelpunkt. Diese innovative Platzierung verleiht dem klassischen Design eine moderne Note und \u00fcberbr\u00fcckt die L\u00fccke zwischen Tottenhams reicher Geschichte und seinen zukunftsweisenden Ambitionen. Die \u00c4rmel und der Ausschnitt sind mit einem gelb-wei\u00dfen Band verziert, einem Designelement, [&hellip;]<\/p>","protected":false},"featured_media":20717,"comment_status":"open","ping_status":"closed","template":"","meta":[],"product_brand":[],"product_cat":[102],"product_tag":[20,1403,574,24,94,652,104,105],"class_list":{"0":"post-20715","1":"product","2":"type-product","3":"status-publish","4":"has-post-thumbnail","6":"product_cat-tottenham-hotspur-kindertrikot","7":"product_tag-coole-fussballtrikots","8":"product_tag-cristian-romero-trikots","9":"product_tag-fussballtrikot-deutschland","10":"product_tag-guenstiges-fussballtrikot","11":"product_tag-kinder-fussball-trikotsatz","12":"product_tag-tottenham-hotspur-fussballtrikot","13":"product_tag-tottenham-hotspur-trikots","14":"product_tag-tottenham-hotspur-trikotsatz-fuer-kinder","16":"first","17":"instock","18":"shipping-taxable","19":"purchasable","20":"product-type-variable"},"_links":{"self":[{"href":"https:\/\/www.billigtrikotde.com\/nl\/wp-json\/wp\/v2\/product\/20715","targetHints":{"allow":["GET"]}}],"collection":[{"href":"https:\/\/www.billigtrikotde.com\/nl\/wp-json\/wp\/v2\/product"}],"about":[{"href":"https:\/\/www.billigtrikotde.com\/nl\/wp-json\/wp\/v2\/types\/product"}],"replies":[{"embeddable":true,"href":"https:\/\/www.billigtrikotde.com\/nl\/wp-json\/wp\/v2\/comments?post=20715"}],"wp:featuredmedia":[{"embeddable":true,"href":"https:\/\/www.billigtrikotde.com\/nl\/wp-json\/wp\/v2\/media\/20717"}],"wp:attachment":[{"href":"https:\/\/www.billigtrikotde.com\/nl\/wp-json\/wp\/v2\/media?parent=20715"}],"wp:term":[{"taxonomy":"product_brand","embeddable":true,"href":"https:\/\/www.billigtrikotde.com\/nl\/wp-json\/wp\/v2\/product_brand?post=20715"},{"taxonomy":"product_cat","embeddable":true,"href":"https:\/\/www.billigtrikotde.com\/nl\/wp-json\/wp\/v2\/product_cat?post=20715"},{"taxonomy":"product_tag","embeddable":true,"href":"https:\/\/www.billigtrikotde.com\/nl\/wp-json\/wp\/v2\/product_tag?post=20715"}],"curies":[{"name":"wp","href":"https:\/\/api.w.org\/{rel}","templated":true}]}}