{"id":20527,"date":"2025-01-07T08:20:34","date_gmt":"2025-01-07T07:20:34","guid":{"rendered":"https:\/\/www.billigtrikotde.com\/?post_type=product&#038;p=20527"},"modified":"2025-02-01T15:56:58","modified_gmt":"2025-02-01T14:56:58","slug":"fussballtrikots-sale-kinder-rb-leipzig-auswaertstrikot-2024-25-rot-kevin-kampl-44","status":"publish","type":"product","link":"https:\/\/www.billigtrikotde.com\/nl\/fussballtrikots-sale-kinder-rb-leipzig-auswaertstrikot-2024-25-rot-kevin-kampl-44\/","title":{"rendered":"Voetbalshirts Sale Kinder RB Leipzig Weg Shirt 2024-25 Rood Kevin Kampl 44"},"content":{"rendered":"<p>Het goedkope uitshirt RB Leipzig 2024-25 heeft een stijlvol ontwerp voor de club die eigendom is van de Red Bulls. De combinatie van twee tinten rood in een uniek patroonontwerp met alle logo's in het wit, het ontwerp van het Leipzig 24-25 uitshirt symboliseert de \"Unstoppable\" club.Het clubwapen van het RB Leipzig 2024-25 uitshirt is wit op een kastanjebruine achtergrond, gemaakt van hoogwaardig TPU met een 3D-effect. De kraag is lichtrood en heeft een kastanjebruine inzet aan de voorkant.<\/p>\n<p>Tips voor het afdrukken: Als de naam en het nummer op de foto precies zijn wat je wilt, hoef je ze niet opnieuw in te voeren. Zo niet, dan moet je de gewenste naam en het gewenste nummer invoeren.<\/p>\n<p>Wastips: Het wordt aanbevolen om voetbalshirts met de hand te wassen. Als je de wasmachine wilt gebruiken, denk er dan aan om voetbalshirts binnenstebuiten te draaien en vervolgens te wassen. Vul de machine met koud water en gebruik een fijnwasprogramma om de kleuren beter te beschermen.<\/p>","protected":false},"excerpt":{"rendered":"<p>Das G\u00fcnstige RB Leipzig 2024-25 Ausw\u00e4rtstrikot hat ein stylisches Design f\u00fcr den Verein im Besitz der Roten Bullen. Es kombiniert zwei Rott\u00f6ne in einem einzigartigen Musterdesign mit allen Logos in Wei\u00df.Das Design des Leipzig 24-25 Ausw\u00e4rtstrikots symbolisiert den \u201eUnstoppable\u201c Club.Das Vereinswappen des RB Leipzig 2024-25 Ausw\u00e4rtstrikots ist wei\u00df auf rotbraunem Grund, hergestellt aus hochwertigem TPU [&hellip;]<\/p>","protected":false},"featured_media":20529,"comment_status":"open","ping_status":"closed","template":"","meta":[],"product_brand":[],"product_cat":[1330],"product_tag":[20,574,24,1376,94,1331,1332,1333,187,1334],"class_list":{"0":"post-20527","1":"product","2":"type-product","3":"status-publish","4":"has-post-thumbnail","6":"product_cat-rb-leipzig-kindertrikot","7":"product_tag-coole-fussballtrikots","8":"product_tag-fussballtrikot-deutschland","9":"product_tag-guenstiges-fussballtrikot","10":"product_tag-kevin-kampl-trikots","11":"product_tag-kinder-fussball-trikotsatz","12":"product_tag-rb-leipzig-fussballtrikots-kinder","13":"product_tag-rb-leipzig-kinder-trikot-set","14":"product_tag-rb-leipzig-trikot-fuer-kinder","15":"product_tag-rb-leipzig-trikots","16":"product_tag-rb-leipzig-trikotsatz-fuer-kinder","18":"first","19":"instock","20":"shipping-taxable","21":"purchasable","22":"product-type-variable"},"_links":{"self":[{"href":"https:\/\/www.billigtrikotde.com\/nl\/wp-json\/wp\/v2\/product\/20527","targetHints":{"allow":["GET"]}}],"collection":[{"href":"https:\/\/www.billigtrikotde.com\/nl\/wp-json\/wp\/v2\/product"}],"about":[{"href":"https:\/\/www.billigtrikotde.com\/nl\/wp-json\/wp\/v2\/types\/product"}],"replies":[{"embeddable":true,"href":"https:\/\/www.billigtrikotde.com\/nl\/wp-json\/wp\/v2\/comments?post=20527"}],"wp:featuredmedia":[{"embeddable":true,"href":"https:\/\/www.billigtrikotde.com\/nl\/wp-json\/wp\/v2\/media\/20529"}],"wp:attachment":[{"href":"https:\/\/www.billigtrikotde.com\/nl\/wp-json\/wp\/v2\/media?parent=20527"}],"wp:term":[{"taxonomy":"product_brand","embeddable":true,"href":"https:\/\/www.billigtrikotde.com\/nl\/wp-json\/wp\/v2\/product_brand?post=20527"},{"taxonomy":"product_cat","embeddable":true,"href":"https:\/\/www.billigtrikotde.com\/nl\/wp-json\/wp\/v2\/product_cat?post=20527"},{"taxonomy":"product_tag","embeddable":true,"href":"https:\/\/www.billigtrikotde.com\/nl\/wp-json\/wp\/v2\/product_tag?post=20527"}],"curies":[{"name":"wp","href":"https:\/\/api.w.org\/{rel}","templated":true}]}}