{"id":20414,"date":"2024-12-19T09:24:16","date_gmt":"2024-12-19T08:24:16","guid":{"rendered":"https:\/\/www.gunstigfussballtrikot.de\/?post_type=product&#038;p=20414"},"modified":"2024-12-19T09:24:17","modified_gmt":"2024-12-19T08:24:17","slug":"rb-leipzig-heim-trikotsatz-2024-25-neuen-fussballtrikot-fuer-kinder-arthur-vermeeren-18","status":"publish","type":"product","link":"https:\/\/www.billigtrikotde.com\/nl\/rb-leipzig-heim-trikotsatz-2024-25-neuen-fussballtrikot-fuer-kinder-arthur-vermeeren-18\/","title":{"rendered":"RB Leipzig Thuisset 2024-25 Nieuw Voetbalshirt voor Kinderen Arthur Vermeeren 18"},"content":{"rendered":"<p>Het shirt RB Leipzig 2024-2025 heeft een modern design in de clubkleuren wit en rood. Wat het RB Leipzig 2024-2025 shirt onderscheidt is het ontwerp op de voorkant.44. Het Leipzig 24-25 shirt heeft een uniek rood grafisch ontwerp. Het patroon is ge\u00efnspireerd op de Universiteit van Leipzig en zowel de kraag als de manchetten van het Rasenballsports Leipzig 24-25 thuisshirt zijn rood.<\/p>\n<p>Tips voor het afdrukken: Als de naam en het nummer op de foto precies zijn wat je wilt, hoef je ze niet opnieuw in te voeren. Zo niet, dan moet je de gewenste naam en het gewenste nummer invoeren.<\/p>\n<p>Wastips: Het wordt aanbevolen om voetbalshirts met de hand te wassen. Als je de wasmachine wilt gebruiken, denk er dan aan om voetbalshirts binnenstebuiten te draaien en vervolgens te wassen. Vul de machine met koud water en gebruik een fijnwasprogramma om de kleuren beter te beschermen.<\/p>","protected":false},"excerpt":{"rendered":"<p>Das RB Leipzig 2024-2025 Trikot hat ein modernes Design in den Vereinsfarben Wei\u00df und Rot. Was das RB Leipzig 2024-2025 Trikot besonders auszeichnet, ist das Design auf der Vorderseite.44. Das Leipzig 24-25 Trikot hat ein einzigartiges rotes Grafikdesign. Das Muster ist von der Universit\u00e4t Leipzig inspiriert.Sowohl der Kragen als auch die \u00c4rmelb\u00fcndchen des Rasenballsports Leipzig [&hellip;]<\/p>","protected":false},"featured_media":20416,"comment_status":"open","ping_status":"closed","template":"","meta":[],"product_brand":[],"product_cat":[1330],"product_tag":[1377,20,574,24,94,1331,1332,1333,187,1334],"class_list":{"0":"post-20414","1":"product","2":"type-product","3":"status-publish","4":"has-post-thumbnail","6":"product_cat-rb-leipzig-kindertrikot","7":"product_tag-arthur-vermeeren-trikots","8":"product_tag-coole-fussballtrikots","9":"product_tag-fussballtrikot-deutschland","10":"product_tag-guenstiges-fussballtrikot","11":"product_tag-kinder-fussball-trikotsatz","12":"product_tag-rb-leipzig-fussballtrikots-kinder","13":"product_tag-rb-leipzig-kinder-trikot-set","14":"product_tag-rb-leipzig-trikot-fuer-kinder","15":"product_tag-rb-leipzig-trikots","16":"product_tag-rb-leipzig-trikotsatz-fuer-kinder","18":"first","19":"instock","20":"shipping-taxable","21":"purchasable","22":"product-type-variable"},"_links":{"self":[{"href":"https:\/\/www.billigtrikotde.com\/nl\/wp-json\/wp\/v2\/product\/20414","targetHints":{"allow":["GET"]}}],"collection":[{"href":"https:\/\/www.billigtrikotde.com\/nl\/wp-json\/wp\/v2\/product"}],"about":[{"href":"https:\/\/www.billigtrikotde.com\/nl\/wp-json\/wp\/v2\/types\/product"}],"replies":[{"embeddable":true,"href":"https:\/\/www.billigtrikotde.com\/nl\/wp-json\/wp\/v2\/comments?post=20414"}],"wp:featuredmedia":[{"embeddable":true,"href":"https:\/\/www.billigtrikotde.com\/nl\/wp-json\/wp\/v2\/media\/20416"}],"wp:attachment":[{"href":"https:\/\/www.billigtrikotde.com\/nl\/wp-json\/wp\/v2\/media?parent=20414"}],"wp:term":[{"taxonomy":"product_brand","embeddable":true,"href":"https:\/\/www.billigtrikotde.com\/nl\/wp-json\/wp\/v2\/product_brand?post=20414"},{"taxonomy":"product_cat","embeddable":true,"href":"https:\/\/www.billigtrikotde.com\/nl\/wp-json\/wp\/v2\/product_cat?post=20414"},{"taxonomy":"product_tag","embeddable":true,"href":"https:\/\/www.billigtrikotde.com\/nl\/wp-json\/wp\/v2\/product_tag?post=20414"}],"curies":[{"name":"wp","href":"https:\/\/api.w.org\/{rel}","templated":true}]}}