{"id":2014,"date":"2024-10-23T13:56:00","date_gmt":"2024-10-23T11:56:00","guid":{"rendered":"http:\/\/billigtrikots.com\/?post_type=product&#038;p=2014"},"modified":"2024-10-23T13:58:06","modified_gmt":"2024-10-23T11:58:06","slug":"personalisierbar-trikotsatz-chelsea-fc-2022-auswaertstrikot-gelb-schwarz-mendy-16","status":"publish","type":"product","link":"https:\/\/www.billigtrikotde.com\/nl\/personalisierbar-trikotsatz-chelsea-fc-2022-auswaertstrikot-gelb-schwarz-mendy-16\/","title":{"rendered":"Aanpasbare Chelsea FC 2022 uittenue geel\/zwart Mendy 16"},"content":{"rendered":"<p>Vertegenwoordig je team in het Chelsea FC Stadium Away shirt. Het zeer ademende materiaal voert transpiratie af van de huid, zodat je koel en comfortabel blijft op het veld of op de tribune.<\/p>\n<p>Nike Dri-FIT technologie voert transpiratie af van de huid, waardoor het snel verdampt en je droog en comfortabel blijft.<\/p>\n<p>Het Nike Breathe materiaal is bijzonder ademend en houdt je koel.<\/p>\n<p>Het authentieke ontwerp is gebaseerd op de shirts van professionele spelers.<\/p>\n<p>Tips voor het afdrukken: Als de naam en het nummer op de foto precies zijn wat je wilt, hoef je ze niet opnieuw in te voeren. Zo niet, dan moet je de gewenste naam en het gewenste nummer invoeren.<\/p>\n<p>Wastips: Het wordt aanbevolen om voetbalshirts met de hand te wassen. Als je de wasmachine wilt gebruiken, denk er dan aan om voetbalshirts binnenstebuiten te draaien en vervolgens te wassen. Vul de machine met koud water en gebruik een fijnwasprogramma om de kleuren beter te beschermen.<\/p>","protected":false},"excerpt":{"rendered":"<p>Repr\u00e4sentiere dein Team im Chelsea FC Stadium Away Trikot. Das \u00e4u\u00dferst atmungsaktive Material leitet den Schwei\u00df von der Haut ab und sorgt damit f\u00fcr k\u00fchlen Tragekomfort \u2013 egal, ob auf dem Spielfeld oder der Trib\u00fcne. Die Nike Dri-FIT-Technologie leitet Schwei\u00df von der Haut ab, wodurch er schnell verdunstet, und erm\u00f6glicht so trockenen Tragekomfort. Das Nike [&hellip;]<\/p>","protected":false},"featured_media":2044,"comment_status":"open","ping_status":"closed","template":"","meta":[],"product_brand":[],"product_cat":[72],"product_tag":[20,76,73,21,22,23,24],"class_list":{"0":"post-2014","1":"product","2":"type-product","3":"status-publish","4":"has-post-thumbnail","6":"product_cat-chelsea","7":"product_tag-coole-fussballtrikots","8":"product_tag-chelsea-auswaertstrikot","9":"product_tag-chelsea-trikots","10":"product_tag-fussballtrikot-fuer-herren","11":"product_tag-fussballtrikot-guenstig-kaufen","12":"product_tag-fussballtrikot-kurzarm","13":"product_tag-guenstiges-fussballtrikot","15":"first","16":"instock","17":"shipping-taxable","18":"purchasable","19":"product-type-variable"},"_links":{"self":[{"href":"https:\/\/www.billigtrikotde.com\/nl\/wp-json\/wp\/v2\/product\/2014","targetHints":{"allow":["GET"]}}],"collection":[{"href":"https:\/\/www.billigtrikotde.com\/nl\/wp-json\/wp\/v2\/product"}],"about":[{"href":"https:\/\/www.billigtrikotde.com\/nl\/wp-json\/wp\/v2\/types\/product"}],"replies":[{"embeddable":true,"href":"https:\/\/www.billigtrikotde.com\/nl\/wp-json\/wp\/v2\/comments?post=2014"}],"wp:featuredmedia":[{"embeddable":true,"href":"https:\/\/www.billigtrikotde.com\/nl\/wp-json\/wp\/v2\/media\/2044"}],"wp:attachment":[{"href":"https:\/\/www.billigtrikotde.com\/nl\/wp-json\/wp\/v2\/media?parent=2014"}],"wp:term":[{"taxonomy":"product_brand","embeddable":true,"href":"https:\/\/www.billigtrikotde.com\/nl\/wp-json\/wp\/v2\/product_brand?post=2014"},{"taxonomy":"product_cat","embeddable":true,"href":"https:\/\/www.billigtrikotde.com\/nl\/wp-json\/wp\/v2\/product_cat?post=2014"},{"taxonomy":"product_tag","embeddable":true,"href":"https:\/\/www.billigtrikotde.com\/nl\/wp-json\/wp\/v2\/product_tag?post=2014"}],"curies":[{"name":"wp","href":"https:\/\/api.w.org\/{rel}","templated":true}]}}