{"id":195,"date":"2024-10-23T12:09:04","date_gmt":"2024-10-23T10:09:04","guid":{"rendered":"http:\/\/billigtrikots.com\/?post_type=product&#038;p=195"},"modified":"2024-10-23T12:11:08","modified_gmt":"2024-10-23T10:11:08","slug":"fussball-trikotsatz-fc-barcelona-torwarttrikot-2021-2022-in-gruen","status":"publish","type":"product","link":"https:\/\/www.billigtrikotde.com\/nl\/fussball-trikotsatz-fc-barcelona-torwarttrikot-2021-2022-in-gruen\/","title":{"rendered":"Voetbalset FC Barcelona keeperstrui 2021\/2022 in groen"},"content":{"rendered":"<p>Hier komt het Nike shirt in het groen waarmee je je favoriete club in elke situatie kunt steunen en kunt laten zien waar je hart voor klopt. Hou van je team - laat zien voor wie je hart klopt met het FC Barcelona shirt. Het is ademend, lichtgewicht en zweetafvoerend. Deze sporttop is gemaakt om je prestaties naar een hoger niveau te tillen. Dit is een keepersshirt dat gegarandeerd indruk maakt met het clubwapen op de borst.<\/p>\n<p>Tips voor het afdrukken: Als de naam en het nummer op de foto precies zijn wat je wilt, hoef je ze niet opnieuw in te voeren. Zo niet, dan moet je de gewenste naam en het gewenste nummer invoeren.<\/p>\n<p>Wastips: Het wordt aanbevolen om voetbalshirts met de hand te wassen. Als je de wasmachine wilt gebruiken, denk er dan aan om voetbalshirts binnenstebuiten te draaien en vervolgens te wassen. Vul de machine met koud water en gebruik een fijnwasprogramma om de kleuren beter te beschermen.<\/p>","protected":false},"excerpt":{"rendered":"<p>Hier kommt das Nike Shirt in Gr\u00fcn, das dir hilft, deinen Lieblingsverein in jeder Lage zu supporten und zu zeigen, wof\u00fcr dein Herz schl\u00e4gt. Liebe deine Mannschaft \u2013 mit dem Shirt des FC Barcelona zeigst du, f\u00fcr wen dein Herz schl\u00e4gt. Es ist atmungsaktiv, leicht und schwei\u00dfableitend. Dieses Sporttop wurde geschaffen, um deine Leistung um [&hellip;]<\/p>","protected":false},"featured_media":236,"comment_status":"open","ping_status":"closed","template":"","meta":[],"product_brand":[],"product_cat":[31],"product_tag":[20,34,35,21,23,24],"class_list":{"0":"post-195","1":"product","2":"type-product","3":"status-publish","4":"has-post-thumbnail","6":"product_cat-fc-barcelona","7":"product_tag-coole-fussballtrikots","8":"product_tag-fc-barcelona-torwarttrikot","9":"product_tag-fussball-torwarttrikots","10":"product_tag-fussballtrikot-fuer-herren","11":"product_tag-fussballtrikot-kurzarm","12":"product_tag-guenstiges-fussballtrikot","14":"first","15":"instock","16":"shipping-taxable","17":"purchasable","18":"product-type-variable"},"_links":{"self":[{"href":"https:\/\/www.billigtrikotde.com\/nl\/wp-json\/wp\/v2\/product\/195","targetHints":{"allow":["GET"]}}],"collection":[{"href":"https:\/\/www.billigtrikotde.com\/nl\/wp-json\/wp\/v2\/product"}],"about":[{"href":"https:\/\/www.billigtrikotde.com\/nl\/wp-json\/wp\/v2\/types\/product"}],"replies":[{"embeddable":true,"href":"https:\/\/www.billigtrikotde.com\/nl\/wp-json\/wp\/v2\/comments?post=195"}],"wp:featuredmedia":[{"embeddable":true,"href":"https:\/\/www.billigtrikotde.com\/nl\/wp-json\/wp\/v2\/media\/236"}],"wp:attachment":[{"href":"https:\/\/www.billigtrikotde.com\/nl\/wp-json\/wp\/v2\/media?parent=195"}],"wp:term":[{"taxonomy":"product_brand","embeddable":true,"href":"https:\/\/www.billigtrikotde.com\/nl\/wp-json\/wp\/v2\/product_brand?post=195"},{"taxonomy":"product_cat","embeddable":true,"href":"https:\/\/www.billigtrikotde.com\/nl\/wp-json\/wp\/v2\/product_cat?post=195"},{"taxonomy":"product_tag","embeddable":true,"href":"https:\/\/www.billigtrikotde.com\/nl\/wp-json\/wp\/v2\/product_tag?post=195"}],"curies":[{"name":"wp","href":"https:\/\/api.w.org\/{rel}","templated":true}]}}