{"id":1938,"date":"2024-10-23T13:52:39","date_gmt":"2024-10-23T11:52:39","guid":{"rendered":"http:\/\/billigtrikots.com\/?post_type=product&#038;p=1938"},"modified":"2024-10-23T13:54:14","modified_gmt":"2024-10-23T11:54:14","slug":"wolverhampton-wanderers-gelb-trikot-2022-heim-mit-aufdruck-boly-15","status":"publish","type":"product","link":"https:\/\/www.billigtrikotde.com\/nl\/wolverhampton-wanderers-gelb-trikot-2022-heim-mit-aufdruck-boly-15\/","title":{"rendered":"Wolverhampton Wanderers Geel Shirt 2022 Thuis met Opdruk BOLY 15"},"content":{"rendered":"<p>Maak je klaar om je steun te betuigen in dit Wolverhampton Wanderers FC 2021\/22 thuisshirt voor heren van Castore. Dit standaard fit shirt in goudkleur is gemaakt van lichtgewicht polyester stof om je koel en comfortabel te houden op het veld. Het heeft een V-hals, korte mouwen en contrasterende zwarte panelen en manchetten. Dit shirt heeft het kenmerkende Castore-logo en het iconische Wolves-wapen op de borst. Machinewasbaar.<\/p>\n<p>Tips voor het afdrukken: Als de naam en het nummer op de foto precies zijn wat je wilt, hoef je ze niet opnieuw in te voeren. Zo niet, dan moet je de gewenste naam en het gewenste nummer invoeren.<\/p>\n<p>Wastips: Het wordt aanbevolen om voetbalshirts met de hand te wassen. Als je de wasmachine wilt gebruiken, denk er dan aan om voetbalshirts binnenstebuiten te draaien en vervolgens te wassen. Vul de machine met koud water en gebruik een fijnwasprogramma om de kleuren beter te beschermen.<\/p>","protected":false},"excerpt":{"rendered":"<p>Mach dich bereit und zeige deine Unterst\u00fctzung in diesem Herren Wolverhampton Wanderers FC 2021\/22 Heimtrikot von Castore. Dieses Standard-Fit-Shirt in der Farbe Gold ist aus leichtem Polyestergewebe gefertigt, das dich auf dem Platz k\u00fchl und bequem h\u00e4lt. Es hat einen V-Ausschnitt, kurze \u00c4rmel und kontrastierende schwarze Eins\u00e4tze und B\u00fcndchen. Mit dem charakteristischen Castore-Branding ist dieses [&hellip;]<\/p>","protected":false},"featured_media":1970,"comment_status":"open","ping_status":"closed","template":"","meta":[],"product_brand":[],"product_cat":[69],"product_tag":[20,70,21,22,23,24,71],"class_list":{"0":"post-1938","1":"product","2":"type-product","3":"status-publish","4":"has-post-thumbnail","6":"product_cat-wolverhampton-wanderers","7":"product_tag-coole-fussballtrikots","8":"product_tag-castore-wolves-heimtrikot","9":"product_tag-fussballtrikot-fuer-herren","10":"product_tag-fussballtrikot-guenstig-kaufen","11":"product_tag-fussballtrikot-kurzarm","12":"product_tag-guenstiges-fussballtrikot","13":"product_tag-wolverhampton-wanderers-trikots","15":"first","16":"instock","17":"shipping-taxable","18":"purchasable","19":"product-type-variable"},"_links":{"self":[{"href":"https:\/\/www.billigtrikotde.com\/nl\/wp-json\/wp\/v2\/product\/1938","targetHints":{"allow":["GET"]}}],"collection":[{"href":"https:\/\/www.billigtrikotde.com\/nl\/wp-json\/wp\/v2\/product"}],"about":[{"href":"https:\/\/www.billigtrikotde.com\/nl\/wp-json\/wp\/v2\/types\/product"}],"replies":[{"embeddable":true,"href":"https:\/\/www.billigtrikotde.com\/nl\/wp-json\/wp\/v2\/comments?post=1938"}],"wp:featuredmedia":[{"embeddable":true,"href":"https:\/\/www.billigtrikotde.com\/nl\/wp-json\/wp\/v2\/media\/1970"}],"wp:attachment":[{"href":"https:\/\/www.billigtrikotde.com\/nl\/wp-json\/wp\/v2\/media?parent=1938"}],"wp:term":[{"taxonomy":"product_brand","embeddable":true,"href":"https:\/\/www.billigtrikotde.com\/nl\/wp-json\/wp\/v2\/product_brand?post=1938"},{"taxonomy":"product_cat","embeddable":true,"href":"https:\/\/www.billigtrikotde.com\/nl\/wp-json\/wp\/v2\/product_cat?post=1938"},{"taxonomy":"product_tag","embeddable":true,"href":"https:\/\/www.billigtrikotde.com\/nl\/wp-json\/wp\/v2\/product_tag?post=1938"}],"curies":[{"name":"wp","href":"https:\/\/api.w.org\/{rel}","templated":true}]}}