{"id":19370,"date":"2024-10-24T11:24:24","date_gmt":"2024-10-24T09:24:24","guid":{"rendered":"http:\/\/billigtrikots.com\/?post_type=product&#038;p=19370"},"modified":"2025-10-16T16:01:50","modified_gmt":"2025-10-16T14:01:50","slug":"herren-real-madrid-2024-25-auswaertstrikot-kurzarm-kurze-hosen-thibaut-courtois-1","status":"publish","type":"product","link":"https:\/\/www.billigtrikotde.com\/nl\/herren-real-madrid-2024-25-auswaertstrikot-kurzarm-kurze-hosen-thibaut-courtois-1\/","title":{"rendered":"Heren Real Madrid 2024-25 Away Jersey Korte Mouw + Korte Broek Thibaut Courtois 1"},"content":{"rendered":"<p>Het nieuwe uitshirt van Real Madrid 24-25 doet qua kleur denken aan het derde shirt uit 2013-2014 en is overwegend feloranje met zwarte applicaties. Het uittenue van Real Madrid voor het seizoen 2024\/25 is ge\u00efnspireerd op de sterren aan de hemel tijdens uitwedstrijden en verbindt de club altijd met het Santiago Bernabeu. Het oranje shirt heeft een abstract astrale graphic die door het hele shirt loopt, met tinten Glow Blue, Black-Blue Metallic en Night Navy die overal terugkomen - vooral op de kraag. Een shirt dat de Madridistas verbindt met hun thuisland.<\/p>\n<p>Tips voor het afdrukken: Als de naam en het nummer op de foto precies zijn wat je wilt, hoef je ze niet opnieuw in te voeren. Zo niet, dan moet je de gewenste naam en het gewenste nummer invoeren.<\/p>\n<p>Wastips: Het wordt aanbevolen om voetbalshirts met de hand te wassen. Als je de wasmachine wilt gebruiken, denk er dan aan om voetbalshirts binnenstebuiten te draaien en vervolgens te wassen. Vul de machine met koud water en gebruik een fijnwasprogramma om de kleuren beter te beschermen.<\/p>","protected":false},"excerpt":{"rendered":"<p>Das neue Real Madrid 24-25 Ausw\u00e4rtstrikot erinnert farblich an das dritte Trikot von 2013-2014. Es ist \u00fcberwiegend leuchtend orange mit schwarzen Applikationen. Der Kragen ist mit wei\u00dfen Details versehen.Das Ausw\u00e4rtstrikot von Real Madrid f\u00fcr die Saison 2024\/25 ist von den Sternen am Himmel w\u00e4hrend der Ausw\u00e4rtsspiele inspiriert und verbindet den Verein immer mit dem Santiago [&hellip;]<\/p>","protected":false},"featured_media":19412,"comment_status":"open","ping_status":"closed","template":"","meta":[],"product_brand":[],"product_cat":[45],"product_tag":[574,21,228,24,1191,489,490,979,47,1303],"class_list":{"0":"post-19370","1":"product","2":"type-product","3":"status-publish","4":"has-post-thumbnail","6":"product_cat-real-madrid","7":"product_tag-fussballtrikot-deutschland","8":"product_tag-fussballtrikot-fuer-herren","9":"product_tag-guenstige-fussballtrikot","10":"product_tag-guenstiges-fussballtrikot","11":"product_tag-real-madrid-club-de-futbol-2024-25-trikot","12":"product_tag-real-madrid-fussballtrikot","13":"product_tag-real-madrid-trikot","14":"product_tag-real-madrid-trikot-2024","15":"product_tag-real-madrid-trikots","16":"product_tag-thibaut-courtois-trikots","18":"first","19":"instock","20":"shipping-taxable","21":"purchasable","22":"product-type-variable"},"_links":{"self":[{"href":"https:\/\/www.billigtrikotde.com\/nl\/wp-json\/wp\/v2\/product\/19370","targetHints":{"allow":["GET"]}}],"collection":[{"href":"https:\/\/www.billigtrikotde.com\/nl\/wp-json\/wp\/v2\/product"}],"about":[{"href":"https:\/\/www.billigtrikotde.com\/nl\/wp-json\/wp\/v2\/types\/product"}],"replies":[{"embeddable":true,"href":"https:\/\/www.billigtrikotde.com\/nl\/wp-json\/wp\/v2\/comments?post=19370"}],"wp:featuredmedia":[{"embeddable":true,"href":"https:\/\/www.billigtrikotde.com\/nl\/wp-json\/wp\/v2\/media\/19412"}],"wp:attachment":[{"href":"https:\/\/www.billigtrikotde.com\/nl\/wp-json\/wp\/v2\/media?parent=19370"}],"wp:term":[{"taxonomy":"product_brand","embeddable":true,"href":"https:\/\/www.billigtrikotde.com\/nl\/wp-json\/wp\/v2\/product_brand?post=19370"},{"taxonomy":"product_cat","embeddable":true,"href":"https:\/\/www.billigtrikotde.com\/nl\/wp-json\/wp\/v2\/product_cat?post=19370"},{"taxonomy":"product_tag","embeddable":true,"href":"https:\/\/www.billigtrikotde.com\/nl\/wp-json\/wp\/v2\/product_tag?post=19370"}],"curies":[{"name":"wp","href":"https:\/\/api.w.org\/{rel}","templated":true}]}}