{"id":18843,"date":"2024-10-24T10:58:28","date_gmt":"2024-10-24T08:58:28","guid":{"rendered":"http:\/\/billigtrikots.com\/?post_type=product&#038;p=18843"},"modified":"2024-10-24T11:00:39","modified_gmt":"2024-10-24T09:00:39","slug":"frauen-frankreichs-trikots-fuer-die-europameisterschaft-2024-auswaertstrikot-eduardo-camavinga-6","status":"publish","type":"product","link":"https:\/\/www.billigtrikotde.com\/nl\/frauen-frankreichs-trikots-fuer-die-europameisterschaft-2024-auswaertstrikot-eduardo-camavinga-6\/","title":{"rendered":"Damessuits Frankrijk voor het EK 2024 uittenue Eduardo Camavinga 6"},"content":{"rendered":"<p>Het Frankrijk Euro 2024 uitshirt combineert een witte basiskleur met koningsblauw. Het meest opvallende kenmerk is het krijtstreepdesign - het loopt van blauw (rechterkant) naar rood (linkerkant). Het Frankrijk Euro 2024 uitshirt heeft een blauwe kraag en blauwe manchetten. Wat opvalt aan de voorkant is het enorme, full-colour Frankrijk-wapen, dat voor het eerst gebruikt zal worden op Euro 2024 en ook na het toernooi gebruikt kan worden.<\/p>\n<p>Zowel op de uit- als thuisshirts voor het Europees Kampioenschap Frankrijk 2024 staat een nieuw gekleurd wapenschild in een enorm formaat dat groter is dan dat van de vorige France-truien. Het gebied van het France-symbool blijft echter voldoen aan de FIFA-regels voor shirts.<\/p>\n<p>Tips voor het afdrukken: Als de naam en het nummer op de foto precies zijn wat je wilt, hoef je ze niet opnieuw in te voeren. Zo niet, dan moet je de gewenste naam en het gewenste nummer invoeren.<\/p>\n<p>Wastips: Het wordt aanbevolen om voetbalshirts met de hand te wassen. Als je de wasmachine wilt gebruiken, denk er dan aan om voetbalshirts binnenstebuiten te draaien en vervolgens te wassen. Vul de machine met koud water en gebruik een fijnwasprogramma om de kleuren beter te beschermen.<\/p>","protected":false},"excerpt":{"rendered":"<p>Das Frankreich Euro 2024 Ausw\u00e4rtstrikot kombiniert eine wei\u00dfe Grundfarbe mit einem K\u00f6nigsblau. Am auff\u00e4lligsten ist das Nadelstreifendesign \u2013 es geht von Blau (rechte Seite) zu Rot (linke Seite). Das Frankreich Euro 2024 Ausw\u00e4rtstrikot hat einen blauen Kragen und blaue \u00c4rmelb\u00fcndchen. Was auf der Vorderseite auff\u00e4llt, ist das riesige, voll farbige Frankreich-Wappen, das erstmals bei der [&hellip;]<\/p>","protected":false},"featured_media":18877,"comment_status":"closed","ping_status":"closed","template":"","meta":[],"product_brand":[],"product_cat":[1098],"product_tag":[20,1219,1076,22,23,24],"class_list":{"0":"post-18843","1":"product","2":"type-product","3":"status-publish","4":"has-post-thumbnail","6":"product_cat-em-2024-frankreich","7":"product_tag-coole-fussballtrikots","8":"product_tag-eduardo-camavinga-trikots","9":"product_tag-em-2024-trikot","10":"product_tag-fussballtrikot-guenstig-kaufen","11":"product_tag-fussballtrikot-kurzarm","12":"product_tag-guenstiges-fussballtrikot","14":"first","15":"instock","16":"purchasable","17":"product-type-variable"},"_links":{"self":[{"href":"https:\/\/www.billigtrikotde.com\/nl\/wp-json\/wp\/v2\/product\/18843","targetHints":{"allow":["GET"]}}],"collection":[{"href":"https:\/\/www.billigtrikotde.com\/nl\/wp-json\/wp\/v2\/product"}],"about":[{"href":"https:\/\/www.billigtrikotde.com\/nl\/wp-json\/wp\/v2\/types\/product"}],"replies":[{"embeddable":true,"href":"https:\/\/www.billigtrikotde.com\/nl\/wp-json\/wp\/v2\/comments?post=18843"}],"wp:featuredmedia":[{"embeddable":true,"href":"https:\/\/www.billigtrikotde.com\/nl\/wp-json\/wp\/v2\/media\/18877"}],"wp:attachment":[{"href":"https:\/\/www.billigtrikotde.com\/nl\/wp-json\/wp\/v2\/media?parent=18843"}],"wp:term":[{"taxonomy":"product_brand","embeddable":true,"href":"https:\/\/www.billigtrikotde.com\/nl\/wp-json\/wp\/v2\/product_brand?post=18843"},{"taxonomy":"product_cat","embeddable":true,"href":"https:\/\/www.billigtrikotde.com\/nl\/wp-json\/wp\/v2\/product_cat?post=18843"},{"taxonomy":"product_tag","embeddable":true,"href":"https:\/\/www.billigtrikotde.com\/nl\/wp-json\/wp\/v2\/product_tag?post=18843"}],"curies":[{"name":"wp","href":"https:\/\/api.w.org\/{rel}","templated":true}]}}