{"id":18794,"date":"2024-10-24T10:55:09","date_gmt":"2024-10-24T08:55:09","guid":{"rendered":"http:\/\/billigtrikots.com\/?post_type=product&#038;p=18794"},"modified":"2024-10-24T10:58:20","modified_gmt":"2024-10-24T08:58:20","slug":"fussballtrikot-kinder-set-portugal-em-2024-heimtrikot-goncalo-inacio-14","status":"publish","type":"product","link":"https:\/\/www.billigtrikotde.com\/nl\/fussballtrikot-kinder-set-portugal-em-2024-heimtrikot-goncalo-inacio-14\/","title":{"rendered":"Voetbalshirt Kinderen Set Portugal Euro 2024 Thuisshirt Goncalo Inacio 14"},"content":{"rendered":"<p>Het Portugal Euro 2024-shirt heeft de klassieke rode kleur van het land, maar gecombineerd met andere kleuren dan in voorgaande jaren. Het is voornamelijk rood, gecombineerd met groene en zwarte applicaties, plus een lichtbeige voor de sovoosh, evenals de namen en nummers. De offici\u00eble kleuren zijn \"University Red\/Pine Green\/Sail\" en het Portugal 2024-shirt maakt geen gebruik van een grafisch ontwerp, maar laat de kleuren centraal staan. Er is speciale Portugal belettering aan de binnenkant van de kraag.<\/p>\n<p>Tips voor het afdrukken: Als de naam en het nummer op de foto precies zijn wat je wilt, hoef je ze niet opnieuw in te voeren. Zo niet, dan moet je de gewenste naam en het gewenste nummer invoeren.<\/p>\n<p>Wastips: Het wordt aanbevolen om voetbalshirts met de hand te wassen. Als je de wasmachine wilt gebruiken, denk er dan aan om voetbalshirts binnenstebuiten te draaien en vervolgens te wassen. Vul de machine met koud water en gebruik een fijnwasprogramma om de kleuren beter te beschermen.<\/p>","protected":false},"excerpt":{"rendered":"<p>Das Portugal Euro 2024 Trikot zeigt die klassische rote Farbe des Landes, aber kombiniert mit anderen Farben als in den letzten Jahren. Es ist haupts\u00e4chlich rot, kombiniert mit gr\u00fcnen und schwarzen Applikationen, dazu kommt ein helles Beige f\u00fcr den Sowoosh, sowie die Namen und Nummern. Offiziell lauten die Farben \u201eUniversity Red\/Pine Green\/Sail\u201c.Verwendet f\u00fcr das Trikot [&hellip;]<\/p>","protected":false},"featured_media":18833,"comment_status":"open","ping_status":"closed","template":"","meta":[],"product_brand":[],"product_cat":[1094],"product_tag":[20,1076,1077,21,22,23,1203,24,1095],"class_list":{"0":"post-18794","1":"product","2":"type-product","3":"status-publish","4":"has-post-thumbnail","6":"product_cat-em-2024-portugal","7":"product_tag-coole-fussballtrikots","8":"product_tag-em-2024-trikot","9":"product_tag-em-2024-trikot-herren","10":"product_tag-fussballtrikot-fuer-herren","11":"product_tag-fussballtrikot-guenstig-kaufen","12":"product_tag-fussballtrikot-kurzarm","13":"product_tag-goncalo-inacio-trikot","14":"product_tag-guenstiges-fussballtrikot","15":"product_tag-portugal-trikot-em-2024","17":"first","18":"instock","19":"shipping-taxable","20":"purchasable","21":"product-type-variable"},"_links":{"self":[{"href":"https:\/\/www.billigtrikotde.com\/nl\/wp-json\/wp\/v2\/product\/18794","targetHints":{"allow":["GET"]}}],"collection":[{"href":"https:\/\/www.billigtrikotde.com\/nl\/wp-json\/wp\/v2\/product"}],"about":[{"href":"https:\/\/www.billigtrikotde.com\/nl\/wp-json\/wp\/v2\/types\/product"}],"replies":[{"embeddable":true,"href":"https:\/\/www.billigtrikotde.com\/nl\/wp-json\/wp\/v2\/comments?post=18794"}],"wp:featuredmedia":[{"embeddable":true,"href":"https:\/\/www.billigtrikotde.com\/nl\/wp-json\/wp\/v2\/media\/18833"}],"wp:attachment":[{"href":"https:\/\/www.billigtrikotde.com\/nl\/wp-json\/wp\/v2\/media?parent=18794"}],"wp:term":[{"taxonomy":"product_brand","embeddable":true,"href":"https:\/\/www.billigtrikotde.com\/nl\/wp-json\/wp\/v2\/product_brand?post=18794"},{"taxonomy":"product_cat","embeddable":true,"href":"https:\/\/www.billigtrikotde.com\/nl\/wp-json\/wp\/v2\/product_cat?post=18794"},{"taxonomy":"product_tag","embeddable":true,"href":"https:\/\/www.billigtrikotde.com\/nl\/wp-json\/wp\/v2\/product_tag?post=18794"}],"curies":[{"name":"wp","href":"https:\/\/api.w.org\/{rel}","templated":true}]}}