{"id":18358,"date":"2024-10-24T10:29:26","date_gmt":"2024-10-24T08:29:26","guid":{"rendered":"http:\/\/billigtrikots.com\/?post_type=product&#038;p=18358"},"modified":"2024-10-24T10:32:32","modified_gmt":"2024-10-24T08:32:32","slug":"guenstige-fussballtrikots-herren-argentinien-auswaertstrikot-2024-25-mit-aufdruck-lionel-messi","status":"publish","type":"product","link":"https:\/\/www.billigtrikotde.com\/nl\/guenstige-fussballtrikots-herren-argentinien-auswaertstrikot-2024-25-mit-aufdruck-lionel-messi\/","title":{"rendered":"Goedkope Voetbalshirts Heren Argentini\u00eb Weg Shirt 2024-25 met Lionel Messi Opdruk"},"content":{"rendered":"<p>Goedkope Voetbalshirts Heren Argentini\u00eb Uitshirt 2024-25 met Lionel Messi OpdrukDe Argentini\u00eb 2024 uittenue combineert een koningsblauwe basiskleur met de kleuren van de Argentijnse vlag, wit en hemelsblauw. De blauwe kleur van de Argentini\u00eb 2024 uittenue is vergelijkbaar met de kleur van Argentini\u00eb's uittenues tot het einde van de jaren 1990, voordat marineblauw de reguliere keuze werd. De bondsbadge zal tweekleurig zijn in hemelsblauw en wit. Wat het uittenue van Argentini\u00eb 2024 uniek maakt is een detail dat herinneringen oproept aan het WK 2006 - de zijkant heeft een teamspirit-achtig paneel met de hemelsblauwe en witte kleuren van de Argentijnse vlag. Het Argentijnse uitshirt van 2006 werd gedragen door Messi toen hij zijn WK-debuut maakte en het uitshirt van 2024 is een duidelijk eerbetoon aan dat ontwerp.<\/p>\n<p>Tips voor het afdrukken: Als de naam en het nummer op de foto precies zijn wat je wilt, hoef je ze niet opnieuw in te voeren. Zo niet, dan moet je de gewenste naam en het gewenste nummer invoeren.<\/p>\n<p>Wastips: Het wordt aanbevolen om voetbalshirts met de hand te wassen. Als je de wasmachine wilt gebruiken, denk er dan aan om voetbalshirts binnenstebuiten te draaien en vervolgens te wassen. Vul de machine met koud water en gebruik een fijnwasprogramma om de kleuren beter te beschermen.<\/p>","protected":false},"excerpt":{"rendered":"<p>G\u00fcnstige Fu\u00dfballtrikots Herren Argentinien Ausw\u00e4rtstrikot 2024-25 mit Aufdruck Lionel Messi.Das Argentinien 2024 Ausw\u00e4rtstrikot kombiniert eine k\u00f6nigsblaue Grundfarbe mit den Farben der argentinischen Flagge, Wei\u00df und Himmelblau. Die Three Stripes sind wahrscheinlich hellblau, das AFA-Wappen ist himmelblau und wei\u00df.Die blaue Farbe des Argentinien 2024-Ausw\u00e4rtstrikots \u00e4hnelt der Farbe der argentinischen Ausw\u00e4rtstrikots bis Ende der 90er Jahre, bevor [&hellip;]<\/p>","protected":false},"featured_media":18403,"comment_status":"open","ping_status":"closed","template":"","meta":[],"product_brand":[],"product_cat":[325],"product_tag":[1186,1119,20,21,22,24],"class_list":{"0":"post-18358","1":"product","2":"type-product","3":"status-publish","4":"has-post-thumbnail","6":"product_cat-argentinien-trikots","7":"product_tag-argentinien-2024-25-trikots","8":"product_tag-argentinien-fussballtrikots","9":"product_tag-coole-fussballtrikots","10":"product_tag-fussballtrikot-fuer-herren","11":"product_tag-fussballtrikot-guenstig-kaufen","12":"product_tag-guenstiges-fussballtrikot","14":"first","15":"instock","16":"shipping-taxable","17":"purchasable","18":"product-type-variable"},"_links":{"self":[{"href":"https:\/\/www.billigtrikotde.com\/nl\/wp-json\/wp\/v2\/product\/18358","targetHints":{"allow":["GET"]}}],"collection":[{"href":"https:\/\/www.billigtrikotde.com\/nl\/wp-json\/wp\/v2\/product"}],"about":[{"href":"https:\/\/www.billigtrikotde.com\/nl\/wp-json\/wp\/v2\/types\/product"}],"replies":[{"embeddable":true,"href":"https:\/\/www.billigtrikotde.com\/nl\/wp-json\/wp\/v2\/comments?post=18358"}],"wp:featuredmedia":[{"embeddable":true,"href":"https:\/\/www.billigtrikotde.com\/nl\/wp-json\/wp\/v2\/media\/18403"}],"wp:attachment":[{"href":"https:\/\/www.billigtrikotde.com\/nl\/wp-json\/wp\/v2\/media?parent=18358"}],"wp:term":[{"taxonomy":"product_brand","embeddable":true,"href":"https:\/\/www.billigtrikotde.com\/nl\/wp-json\/wp\/v2\/product_brand?post=18358"},{"taxonomy":"product_cat","embeddable":true,"href":"https:\/\/www.billigtrikotde.com\/nl\/wp-json\/wp\/v2\/product_cat?post=18358"},{"taxonomy":"product_tag","embeddable":true,"href":"https:\/\/www.billigtrikotde.com\/nl\/wp-json\/wp\/v2\/product_tag?post=18358"}],"curies":[{"name":"wp","href":"https:\/\/api.w.org\/{rel}","templated":true}]}}