{"id":18248,"date":"2024-10-24T10:23:47","date_gmt":"2024-10-24T08:23:47","guid":{"rendered":"http:\/\/billigtrikots.com\/?post_type=product&#038;p=18248"},"modified":"2024-10-24T10:27:01","modified_gmt":"2024-10-24T08:27:01","slug":"billige-argentinien-heimtrikot-copa-america-2024-mit-aufdruck-mac-allister-20","status":"publish","type":"product","link":"https:\/\/www.billigtrikotde.com\/nl\/billige-argentinien-heimtrikot-copa-america-2024-mit-aufdruck-mac-allister-20\/","title":{"rendered":"Goedkoop Argentini\u00eb thuisshirt Copa Am\u00e9rica 2024 met opdruk Mac Allister 20"},"content":{"rendered":"<p>Het Argentini\u00eb 2024 shirt heeft de traditionele witte en hemelsblauwe strepen van het land, gecombineerd met gouden logo's, applicaties en gouden letters.Argentini\u00eb won zowel de 2021 Copa Am\u00e9rica als de 2022 World Cup, dus de gouden elementen zijn een passend eerbetoon.De strepen op het Argentini\u00eb 2024 shirt zijn klassiek, met een blauwe streep in het midden en de witte strepen met het AFA logo.Argentini\u00eb gebruikt een licht bijgewerkt 3-sterren logo, waarbij de derde ster iets hoger zit dan bij de eerste twee World Cups.<\/p>","protected":false},"excerpt":{"rendered":"<p>Das Argentinien 2024 Trikot zeigt die traditionellen wei\u00dfen und himmelblauen Streifen des Landes, kombiniert mit goldenen Logos, Applikationen und einer goldenen Schrift.Argentinien hat sowohl die Copa Am\u00e9rica 2021 als auch die Weltmeisterschaft 2022 gewonnen, daher sind die goldenen Elemente eine passende Hommage.Die Streifen des Argentinien-Trikots 2024 sind klassisch, mit einem blauen Streifen in der Mitte [&hellip;]<\/p>","protected":false},"featured_media":18298,"comment_status":"open","ping_status":"closed","template":"","meta":[],"product_brand":[],"product_cat":[325],"product_tag":[1118,1119,20,21,22,24,1138,1139,1140,1141,1142],"class_list":{"0":"post-18248","1":"product","2":"type-product","3":"status-publish","4":"has-post-thumbnail","6":"product_cat-argentinien-trikots","7":"product_tag-argentinien-copa-america-2024","8":"product_tag-argentinien-fussballtrikots","9":"product_tag-coole-fussballtrikots","10":"product_tag-fussballtrikot-fuer-herren","11":"product_tag-fussballtrikot-guenstig-kaufen","12":"product_tag-guenstiges-fussballtrikot","13":"product_tag-mac-allister-auswaerts-2024","14":"product_tag-mac-allister-copa-america-2024","15":"product_tag-mac-allister-fussballtrikots","16":"product_tag-mac-allister-heim-2024","17":"product_tag-mac-allister-kinder","19":"first","20":"instock","21":"shipping-taxable","22":"purchasable","23":"product-type-variable"},"_links":{"self":[{"href":"https:\/\/www.billigtrikotde.com\/nl\/wp-json\/wp\/v2\/product\/18248","targetHints":{"allow":["GET"]}}],"collection":[{"href":"https:\/\/www.billigtrikotde.com\/nl\/wp-json\/wp\/v2\/product"}],"about":[{"href":"https:\/\/www.billigtrikotde.com\/nl\/wp-json\/wp\/v2\/types\/product"}],"replies":[{"embeddable":true,"href":"https:\/\/www.billigtrikotde.com\/nl\/wp-json\/wp\/v2\/comments?post=18248"}],"wp:featuredmedia":[{"embeddable":true,"href":"https:\/\/www.billigtrikotde.com\/nl\/wp-json\/wp\/v2\/media\/18298"}],"wp:attachment":[{"href":"https:\/\/www.billigtrikotde.com\/nl\/wp-json\/wp\/v2\/media?parent=18248"}],"wp:term":[{"taxonomy":"product_brand","embeddable":true,"href":"https:\/\/www.billigtrikotde.com\/nl\/wp-json\/wp\/v2\/product_brand?post=18248"},{"taxonomy":"product_cat","embeddable":true,"href":"https:\/\/www.billigtrikotde.com\/nl\/wp-json\/wp\/v2\/product_cat?post=18248"},{"taxonomy":"product_tag","embeddable":true,"href":"https:\/\/www.billigtrikotde.com\/nl\/wp-json\/wp\/v2\/product_tag?post=18248"}],"curies":[{"name":"wp","href":"https:\/\/api.w.org\/{rel}","templated":true}]}}