{"id":18109,"date":"2024-10-24T10:16:54","date_gmt":"2024-10-24T08:16:54","guid":{"rendered":"http:\/\/billigtrikots.com\/?post_type=product&#038;p=18109"},"modified":"2024-10-24T10:20:06","modified_gmt":"2024-10-24T08:20:06","slug":"herren-england-euro-2024-heimtrikot-em-24-25-weiss-kurzarm","status":"publish","type":"product","link":"https:\/\/www.billigtrikotde.com\/nl\/herren-england-euro-2024-heimtrikot-em-24-25-weiss-kurzarm\/","title":{"rendered":"Heren Engeland EURO 2024 Thuisshirt EM 24-25 wit korte mouw"},"content":{"rendered":"<p>Het Engeland Euro 2024 shirt is een grote verandering ten opzichte van de vorige Engeland thuisshirts. Het Engeland 2024 voetbalshirt combineert het klassieke wit van het land met donker marineblauw en kastanjebruin\/lichtrode details. We gebruiken een speciaal geconstrueerde kraag die een combinatie is van een klassieke V-kraag en een polokraag - het is een 'valse V' polokraag. De manchetten van het Engeland 2024 thuisshirt hebben effen marineblauw\/lichtrood\/ kastanjebruin gestreepte details.<\/p>","protected":false},"excerpt":{"rendered":"<p>Das England Euro 2024 Trikot ist eine starke Ver\u00e4nderung gegen\u00fcber den bisherigen England Heimtrikots. Das England 2024 Fu\u00dfballtrikot kombiniert das klassische Wei\u00df des Landes mit einem dunklen Marineblau und kastanienbraunen\/hellroten Details.We verwendet einen speziell konstruierten Kragen, der eine Kombination aus einem klassischen V-Kragen und einem Polokragen ist \u2013 es ist ein \u201efalscher V-Polokragen\u201c. Die \u00c4rmelb\u00fcndchen [&hellip;]<\/p>","protected":false},"featured_media":18157,"comment_status":"open","ping_status":"closed","template":"","meta":[],"product_brand":[],"product_cat":[1096,1072],"product_tag":[20,1076,1077,1097,21,22,23,24],"class_list":{"0":"post-18109","1":"product","2":"type-product","3":"status-publish","4":"has-post-thumbnail","6":"product_cat-em-2024-england","7":"product_cat-em-2024-trikots","8":"product_tag-coole-fussballtrikots","9":"product_tag-em-2024-trikot","10":"product_tag-em-2024-trikot-herren","11":"product_tag-england-trikot-em-2024","12":"product_tag-fussballtrikot-fuer-herren","13":"product_tag-fussballtrikot-guenstig-kaufen","14":"product_tag-fussballtrikot-kurzarm","15":"product_tag-guenstiges-fussballtrikot","17":"first","18":"instock","19":"shipping-taxable","20":"purchasable","21":"product-type-variable"},"_links":{"self":[{"href":"https:\/\/www.billigtrikotde.com\/nl\/wp-json\/wp\/v2\/product\/18109","targetHints":{"allow":["GET"]}}],"collection":[{"href":"https:\/\/www.billigtrikotde.com\/nl\/wp-json\/wp\/v2\/product"}],"about":[{"href":"https:\/\/www.billigtrikotde.com\/nl\/wp-json\/wp\/v2\/types\/product"}],"replies":[{"embeddable":true,"href":"https:\/\/www.billigtrikotde.com\/nl\/wp-json\/wp\/v2\/comments?post=18109"}],"wp:featuredmedia":[{"embeddable":true,"href":"https:\/\/www.billigtrikotde.com\/nl\/wp-json\/wp\/v2\/media\/18157"}],"wp:attachment":[{"href":"https:\/\/www.billigtrikotde.com\/nl\/wp-json\/wp\/v2\/media?parent=18109"}],"wp:term":[{"taxonomy":"product_brand","embeddable":true,"href":"https:\/\/www.billigtrikotde.com\/nl\/wp-json\/wp\/v2\/product_brand?post=18109"},{"taxonomy":"product_cat","embeddable":true,"href":"https:\/\/www.billigtrikotde.com\/nl\/wp-json\/wp\/v2\/product_cat?post=18109"},{"taxonomy":"product_tag","embeddable":true,"href":"https:\/\/www.billigtrikotde.com\/nl\/wp-json\/wp\/v2\/product_tag?post=18109"}],"curies":[{"name":"wp","href":"https:\/\/api.w.org\/{rel}","templated":true}]}}