{"id":18075,"date":"2024-10-24T10:15:04","date_gmt":"2024-10-24T08:15:04","guid":{"rendered":"http:\/\/billigtrikots.com\/?post_type=product&#038;p=18075"},"modified":"2024-10-24T10:17:49","modified_gmt":"2024-10-24T08:17:49","slug":"herren-portugal-euro-2024-auswaertstrikot-em-24-25-mit-aufdruck-ronaldo-7","status":"publish","type":"product","link":"https:\/\/www.billigtrikotde.com\/nl\/herren-portugal-euro-2024-auswaertstrikot-em-24-25-mit-aufdruck-ronaldo-7\/","title":{"rendered":"Heren Portugal EURO 2024 uittenue EM 24-25 met opdruk Ronaldo 7"},"content":{"rendered":"<p>Het Portugal 2024 uitshirt heeft een ontwerp dat nauw verbonden is met de geschiedenis van Portugal. Het shirt heeft een all-over graphic met een azulejo stijl patroon dat een grungy effect heeft. Azulejo is een vorm van Portugese en Spaanse tingeglazuurde keramische tegels. Het wordt meestal gebruikt om muren en vloeren te versieren en staat bekend om zijn felle kleuren en ingewikkelde patronen.<\/p>\n<p>Bei den Farben setzt das Farbschema des Ausw\u00e4rtstrikots f\u00fcr die WM 2022 fort. Wie das Trikot f\u00fcr Katar ist auch das neue Portugal-Ausw\u00e4rtstrikot 2024 haupts\u00e4chlich in Segelfarben gehalten.Portugal Euro 2024 Ausw\u00e4rtstrikot mit Hellblau und einem sehr dunklen Marineblau, &#8222;University Blue&#8220; und &#8222;Pitch Blue&#8220;.<\/p>","protected":false},"excerpt":{"rendered":"<p>Het Portugal 2024 uitshirt heeft een ontwerp dat nauw verbonden is met de geschiedenis van Portugal. Het shirt heeft een all-over graphic met een azulejo stijl patroon dat een grungy effect heeft. Azulejo is een vorm van Portugese en Spaanse tingeglazuurde keramische tegels. Het wordt meestal gebruikt om muren en vloeren te versieren en staat bekend om zijn felle kleuren en ingewikkelde patronen.<\/p>","protected":false},"featured_media":18120,"comment_status":"open","ping_status":"closed","template":"","meta":[],"product_brand":[],"product_cat":[1094,1072],"product_tag":[20,1076,1077,21,22,23,24,1095],"class_list":{"0":"post-18075","1":"product","2":"type-product","3":"status-publish","4":"has-post-thumbnail","6":"product_cat-em-2024-portugal","7":"product_cat-em-2024-trikots","8":"product_tag-coole-fussballtrikots","9":"product_tag-em-2024-trikot","10":"product_tag-em-2024-trikot-herren","11":"product_tag-fussballtrikot-fuer-herren","12":"product_tag-fussballtrikot-guenstig-kaufen","13":"product_tag-fussballtrikot-kurzarm","14":"product_tag-guenstiges-fussballtrikot","15":"product_tag-portugal-trikot-em-2024","17":"first","18":"instock","19":"shipping-taxable","20":"purchasable","21":"product-type-variable"},"_links":{"self":[{"href":"https:\/\/www.billigtrikotde.com\/nl\/wp-json\/wp\/v2\/product\/18075","targetHints":{"allow":["GET"]}}],"collection":[{"href":"https:\/\/www.billigtrikotde.com\/nl\/wp-json\/wp\/v2\/product"}],"about":[{"href":"https:\/\/www.billigtrikotde.com\/nl\/wp-json\/wp\/v2\/types\/product"}],"replies":[{"embeddable":true,"href":"https:\/\/www.billigtrikotde.com\/nl\/wp-json\/wp\/v2\/comments?post=18075"}],"wp:featuredmedia":[{"embeddable":true,"href":"https:\/\/www.billigtrikotde.com\/nl\/wp-json\/wp\/v2\/media\/18120"}],"wp:attachment":[{"href":"https:\/\/www.billigtrikotde.com\/nl\/wp-json\/wp\/v2\/media?parent=18075"}],"wp:term":[{"taxonomy":"product_brand","embeddable":true,"href":"https:\/\/www.billigtrikotde.com\/nl\/wp-json\/wp\/v2\/product_brand?post=18075"},{"taxonomy":"product_cat","embeddable":true,"href":"https:\/\/www.billigtrikotde.com\/nl\/wp-json\/wp\/v2\/product_cat?post=18075"},{"taxonomy":"product_tag","embeddable":true,"href":"https:\/\/www.billigtrikotde.com\/nl\/wp-json\/wp\/v2\/product_tag?post=18075"}],"curies":[{"name":"wp","href":"https:\/\/api.w.org\/{rel}","templated":true}]}}