{"id":1725,"date":"2024-10-23T13:42:51","date_gmt":"2024-10-23T11:42:51","guid":{"rendered":"http:\/\/billigtrikots.com\/?post_type=product&#038;p=1725"},"modified":"2024-10-23T13:44:55","modified_gmt":"2024-10-23T11:44:55","slug":"herren-bvb-borussia-dortmund-2022-cup-shirt-gelb-schwarz-mit-aufdruck-brandt-19","status":"publish","type":"product","link":"https:\/\/www.billigtrikotde.com\/nl\/herren-bvb-borussia-dortmund-2022-cup-shirt-gelb-schwarz-mit-aufdruck-brandt-19\/","title":{"rendered":"Heren BVB Borussia Dortmund 2022 CUP Shirt geel\/zwart met Brandt 19 opdruk"},"content":{"rendered":"<p>Zet de jongens dit jaar weer op het juiste spoor in dit Borussia Dortmund 2021\/22 Cup-shirt voor heren van PUMA. In een gele kleurstelling met zwarte details is dit standaard shirt gemaakt van het kenmerkende dryCELL poly-materiaal voor ultracool comfort als de wedstrijd spannend wordt. Het heeft een ronde hals, korte mouwen en geribde boorden voor een klassieke look. Afgewerkt met contrasterende BVB en PUMA Cat logo's op de borst. Machinewasbaar.<\/p>\n<p>Tips voor het afdrukken: Als de naam en het nummer op de foto precies zijn wat je wilt, hoef je ze niet opnieuw in te voeren. Zo niet, dan moet je de gewenste naam en het gewenste nummer invoeren.<\/p>\n<p>Wastips: Het wordt aanbevolen om voetbalshirts met de hand te wassen. Als je de wasmachine wilt gebruiken, denk er dan aan om voetbalshirts binnenstebuiten te draaien en vervolgens te wassen. Vul de machine met koud water en gebruik een fijnwasprogramma om de kleuren beter te beschermen.<\/p>","protected":false},"excerpt":{"rendered":"<p>In diesem Borussia Dortmund 2021\/22 Pokaltrikot f\u00fcr Herren von PUMA kannst du die Jungs in diesem Jahr wieder auf den Weg bringen. In einer gelben Farbgebung mit schwarzen Details ist dieses Standard-Fit-Oberteil aus dem charakteristischen dryCELL-Polygewebe f\u00fcr ultra-coolen Komfort geschnitten, wenn das Spiel angespannt wird. Es hat einen Rundhalsausschnitt, kurze \u00c4rmel und gerippte Abschl\u00fcsse f\u00fcr [&hellip;]<\/p>","protected":false},"featured_media":1762,"comment_status":"open","ping_status":"closed","template":"","meta":[],"product_brand":[],"product_cat":[63],"product_tag":[20,64,65,66,67,21,22,23,24],"class_list":{"0":"post-1725","1":"product","2":"type-product","3":"status-publish","4":"has-post-thumbnail","6":"product_cat-borussia-dortmund","7":"product_tag-coole-fussballtrikots","8":"product_tag-borussia-dortmund-cup-shirt","9":"product_tag-borussia-dortmund-trikots","10":"product_tag-bvb-trikots","11":"product_tag-fussball-trikotsatz","12":"product_tag-fussballtrikot-fuer-herren","13":"product_tag-fussballtrikot-guenstig-kaufen","14":"product_tag-fussballtrikot-kurzarm","15":"product_tag-guenstiges-fussballtrikot","17":"first","18":"instock","19":"shipping-taxable","20":"purchasable","21":"product-type-variable"},"_links":{"self":[{"href":"https:\/\/www.billigtrikotde.com\/nl\/wp-json\/wp\/v2\/product\/1725","targetHints":{"allow":["GET"]}}],"collection":[{"href":"https:\/\/www.billigtrikotde.com\/nl\/wp-json\/wp\/v2\/product"}],"about":[{"href":"https:\/\/www.billigtrikotde.com\/nl\/wp-json\/wp\/v2\/types\/product"}],"replies":[{"embeddable":true,"href":"https:\/\/www.billigtrikotde.com\/nl\/wp-json\/wp\/v2\/comments?post=1725"}],"wp:featuredmedia":[{"embeddable":true,"href":"https:\/\/www.billigtrikotde.com\/nl\/wp-json\/wp\/v2\/media\/1762"}],"wp:attachment":[{"href":"https:\/\/www.billigtrikotde.com\/nl\/wp-json\/wp\/v2\/media?parent=1725"}],"wp:term":[{"taxonomy":"product_brand","embeddable":true,"href":"https:\/\/www.billigtrikotde.com\/nl\/wp-json\/wp\/v2\/product_brand?post=1725"},{"taxonomy":"product_cat","embeddable":true,"href":"https:\/\/www.billigtrikotde.com\/nl\/wp-json\/wp\/v2\/product_cat?post=1725"},{"taxonomy":"product_tag","embeddable":true,"href":"https:\/\/www.billigtrikotde.com\/nl\/wp-json\/wp\/v2\/product_tag?post=1725"}],"curies":[{"name":"wp","href":"https:\/\/api.w.org\/{rel}","templated":true}]}}