{"id":15008,"date":"2024-10-24T07:26:37","date_gmt":"2024-10-24T05:26:37","guid":{"rendered":"http:\/\/billigtrikots.com\/?post_type=product&#038;p=15008"},"modified":"2024-10-24T07:28:58","modified_gmt":"2024-10-24T05:28:58","slug":"kindertrikot-trikotsatz-bayern-muenchen-2023-24-auswaertstrikot-in-schwarz-und-lila-mueller-25","status":"publish","type":"product","link":"https:\/\/www.billigtrikotde.com\/nl\/kindertrikot-trikotsatz-bayern-muenchen-2023-24-auswaertstrikot-in-schwarz-und-lila-mueller-25\/","title":{"rendered":"Damestrui Bayern M\u00fcnchen 2023-24 uittenue in zwart en paars M\u00dcLLER 25"},"content":{"rendered":"<p>De Duitse recordkampioenen staan bekend om hun iconische rood-witte shirt, maar de afgelopen jaren heeft de club ook ge\u00ebxperimenteerd met hun uittenues. De uittenue van 2023-24 gaat nog een stap verder en heeft een zeer gedurfd zwart, groen en paars kleurenschema.<\/p>\n<p>Tips voor het afdrukken: Als de naam en het nummer op de foto precies zijn wat je wilt, hoef je ze niet opnieuw in te voeren. Zo niet, dan moet je de gewenste naam en het gewenste nummer invoeren.<\/p>\n<p>Wastips: Het wordt aanbevolen om voetbalshirts met de hand te wassen. Als je de wasmachine wilt gebruiken, denk er dan aan om voetbalshirts binnenstebuiten te draaien en vervolgens te wassen. Vul de machine met koud water en gebruik een fijnwasprogramma om de kleuren beter te beschermen.<\/p>","protected":false},"excerpt":{"rendered":"<p>Der deutsche Rekordmeister ist bekannt f\u00fcr sein kultiges rot-wei\u00dfes Trikot, aber in den letzten Jahren hat der Verein auch mit seinen Ausw\u00e4rtstrikots experimentiert. Das Ausw\u00e4rtstrikot 2023-24 geht noch einen Schritt weiter und zeigt ein sehr gewagtes Farbschema in Schwarz, Gr\u00fcn und Lila. Tipps zum Drucken: Wenn der Name und die Nummer auf dem Bild genau [&hellip;]<\/p>","protected":false},"featured_media":15049,"comment_status":"open","ping_status":"closed","template":"","meta":[],"product_brand":[],"product_cat":[135],"product_tag":[137,514,515,138,20,574,21,23,24,94],"class_list":{"0":"post-15008","1":"product","2":"type-product","3":"status-publish","4":"has-post-thumbnail","6":"product_cat-bayern-munich-kindertrikot","7":"product_tag-bayern-muenchen-trikots","8":"product_tag-bayern-munich-fussballtrikots-kinder","9":"product_tag-bayern-munich-trikot-fuer-kinder","10":"product_tag-bayern-munich-trikotsatz-fuer-kinder","11":"product_tag-coole-fussballtrikots","12":"product_tag-fussballtrikot-deutschland","13":"product_tag-fussballtrikot-fuer-herren","14":"product_tag-fussballtrikot-kurzarm","15":"product_tag-guenstiges-fussballtrikot","16":"product_tag-kinder-fussball-trikotsatz","18":"first","19":"instock","20":"shipping-taxable","21":"purchasable","22":"product-type-variable"},"_links":{"self":[{"href":"https:\/\/www.billigtrikotde.com\/nl\/wp-json\/wp\/v2\/product\/15008","targetHints":{"allow":["GET"]}}],"collection":[{"href":"https:\/\/www.billigtrikotde.com\/nl\/wp-json\/wp\/v2\/product"}],"about":[{"href":"https:\/\/www.billigtrikotde.com\/nl\/wp-json\/wp\/v2\/types\/product"}],"replies":[{"embeddable":true,"href":"https:\/\/www.billigtrikotde.com\/nl\/wp-json\/wp\/v2\/comments?post=15008"}],"wp:featuredmedia":[{"embeddable":true,"href":"https:\/\/www.billigtrikotde.com\/nl\/wp-json\/wp\/v2\/media\/15049"}],"wp:attachment":[{"href":"https:\/\/www.billigtrikotde.com\/nl\/wp-json\/wp\/v2\/media?parent=15008"}],"wp:term":[{"taxonomy":"product_brand","embeddable":true,"href":"https:\/\/www.billigtrikotde.com\/nl\/wp-json\/wp\/v2\/product_brand?post=15008"},{"taxonomy":"product_cat","embeddable":true,"href":"https:\/\/www.billigtrikotde.com\/nl\/wp-json\/wp\/v2\/product_cat?post=15008"},{"taxonomy":"product_tag","embeddable":true,"href":"https:\/\/www.billigtrikotde.com\/nl\/wp-json\/wp\/v2\/product_tag?post=15008"}],"curies":[{"name":"wp","href":"https:\/\/api.w.org\/{rel}","templated":true}]}}