{"id":14920,"date":"2024-10-24T07:21:34","date_gmt":"2024-10-24T05:21:34","guid":{"rendered":"http:\/\/billigtrikots.com\/?post_type=product&#038;p=14920"},"modified":"2024-10-24T07:24:13","modified_gmt":"2024-10-24T05:24:13","slug":"herren-inter-miami-cf-auswaertstrikot-2023-24-fussballtrikots-set-sergio-5","status":"publish","type":"product","link":"https:\/\/www.billigtrikotde.com\/nl\/herren-inter-miami-cf-auswaertstrikot-2023-24-fussballtrikots-set-sergio-5\/","title":{"rendered":"Heren Inter Miami CF Weg Jersey 2023-24 Voetbalshirts Set SERGIO 5"},"content":{"rendered":"<p>Het Inter Miami 2023 uitshirt is overwegend zwart, met alle andere details en logo's uitsluitend in roze. Gebaseerd op een van Adidas' ontwerpen voor het WK 2022, loopt er een roze streep langs beide zijkanten en komt deze samen bij de achterzoom, met een interessante, subtiele golfafbeelding op de zwarte achtergrond, onderbroken door herhalende zwarte horizontale strepen en de woorden \"Freedom to Dream\" op de achterkant van de kraag. Deze letters zijn in voorgaande jaren al gebruikt als motto van de club.<\/p>","protected":false},"excerpt":{"rendered":"<p>Das Inter Miami 2023 Ausw\u00e4rtstrikot ist \u00fcberwiegend schwarz, alle anderen Details und Logos sind ausschlie\u00dflich in Rosa gehalten. Nach einer der Vorlagen von Adidas f\u00fcr die WM 2022 gibt es einen rosafarbenen Streifen, der auf beiden Seiten verl\u00e4uft und hinten am Saum zusammenl\u00e4uft.Auf dem schwarzen Untergrund ist eine interessante, subtile Wellengrafik angebracht, die von sich [&hellip;]<\/p>","protected":false},"featured_media":14963,"comment_status":"open","ping_status":"closed","template":"","meta":[],"product_brand":[],"product_cat":[557],"product_tag":[20,21,22,23,24,562,559,633,634,560,561],"class_list":{"0":"post-14920","1":"product","2":"type-product","3":"status-publish","4":"has-post-thumbnail","6":"product_cat-inter-miami","7":"product_tag-coole-fussballtrikots","8":"product_tag-fussballtrikot-fuer-herren","9":"product_tag-fussballtrikot-guenstig-kaufen","10":"product_tag-fussballtrikot-kurzarm","11":"product_tag-guenstiges-fussballtrikot","12":"product_tag-inter-miami-2023-auswaertstrikot","13":"product_tag-inter-miami-cf-fussballtrikots-herren","14":"product_tag-inter-miami-fussballtrikot","15":"product_tag-inter-miami-trikot","16":"product_tag-inter-miami-trikot-fuer-herren","17":"product_tag-trikot-2023-24","19":"first","20":"instock","21":"shipping-taxable","22":"purchasable","23":"product-type-variable"},"_links":{"self":[{"href":"https:\/\/www.billigtrikotde.com\/nl\/wp-json\/wp\/v2\/product\/14920","targetHints":{"allow":["GET"]}}],"collection":[{"href":"https:\/\/www.billigtrikotde.com\/nl\/wp-json\/wp\/v2\/product"}],"about":[{"href":"https:\/\/www.billigtrikotde.com\/nl\/wp-json\/wp\/v2\/types\/product"}],"replies":[{"embeddable":true,"href":"https:\/\/www.billigtrikotde.com\/nl\/wp-json\/wp\/v2\/comments?post=14920"}],"wp:featuredmedia":[{"embeddable":true,"href":"https:\/\/www.billigtrikotde.com\/nl\/wp-json\/wp\/v2\/media\/14963"}],"wp:attachment":[{"href":"https:\/\/www.billigtrikotde.com\/nl\/wp-json\/wp\/v2\/media?parent=14920"}],"wp:term":[{"taxonomy":"product_brand","embeddable":true,"href":"https:\/\/www.billigtrikotde.com\/nl\/wp-json\/wp\/v2\/product_brand?post=14920"},{"taxonomy":"product_cat","embeddable":true,"href":"https:\/\/www.billigtrikotde.com\/nl\/wp-json\/wp\/v2\/product_cat?post=14920"},{"taxonomy":"product_tag","embeddable":true,"href":"https:\/\/www.billigtrikotde.com\/nl\/wp-json\/wp\/v2\/product_tag?post=14920"}],"curies":[{"name":"wp","href":"https:\/\/api.w.org\/{rel}","templated":true}]}}