{"id":14898,"date":"2024-10-24T07:20:23","date_gmt":"2024-10-24T05:20:23","guid":{"rendered":"http:\/\/billigtrikots.com\/?post_type=product&#038;p=14898"},"modified":"2024-10-24T07:23:08","modified_gmt":"2024-10-24T05:23:08","slug":"herren-manchester-united-2023-2024-auswaertstrikot-mit-aufdruck-rashford-10","status":"publish","type":"product","link":"https:\/\/www.billigtrikotde.com\/nl\/herren-manchester-united-2023-2024-auswaertstrikot-mit-aufdruck-rashford-10\/","title":{"rendered":"Herenshirt Manchester United 2023-2024 met opdruk RASHFORD 10"},"content":{"rendered":"<p>De Manchester United 2023-2024 uitshirts en derde shirts konden niet meer van elkaar verschillen. Terwijl het Manchester United 2023-2024 uitshirt opvalt met een onverwacht kleurenschema van donkergroen, wit en rood, is het Manchester United 2023-2024 derde shirt gewoon wit en rood en voorzien van het devies van de club. Het overwegend militaire shirt heeft stijlvolle witte strepen met kleine rode ruimtes ertussen, waardoor het shirt een opvallende en op maat gemaakte touch krijgt.<\/p>\n<p>Tips voor het afdrukken: Als de naam en het nummer op de foto precies zijn wat je wilt, hoef je ze niet opnieuw in te voeren. Zo niet, dan moet je de gewenste naam en het gewenste nummer invoeren.<\/p>\n<p>Wastips: Het wordt aanbevolen om voetbalshirts met de hand te wassen. Als je de wasmachine wilt gebruiken, denk er dan aan om voetbalshirts binnenstebuiten te draaien en vervolgens te wassen. Vul de machine met koud water en gebruik een fijnwasprogramma om de kleuren beter te beschermen.<\/p>","protected":false},"excerpt":{"rendered":"<p>Die Ausw\u00e4rts- und Dritte Trikots von Manchester United 2023-2024 k\u00f6nnten unterschiedlicher nicht sein. W\u00e4hrend das Manchester United 2023-2024 Ausw\u00e4rtstrikot mit einem unerwarteten Farbschema in Dunkelgr\u00fcn, Wei\u00df und Rot auff\u00e4llt, ist das Manchester United 2023-2024 Dritte Trikot schlicht in Wei\u00df und Rot gehalten und zeigt den Teufel des Vereins.Das \u00fcberwiegend milit\u00e4rische Trikot hat stilvolle wei\u00dfe Streifen [&hellip;]<\/p>","protected":false},"featured_media":14935,"comment_status":"open","ping_status":"closed","template":"","meta":[],"product_brand":[],"product_cat":[50],"product_tag":[20,574,21,22,23,24,862,672,673],"class_list":{"0":"post-14898","1":"product","2":"type-product","3":"status-publish","4":"has-post-thumbnail","6":"product_cat-manchester-united","7":"product_tag-coole-fussballtrikots","8":"product_tag-fussballtrikot-deutschland","9":"product_tag-fussballtrikot-fuer-herren","10":"product_tag-fussballtrikot-guenstig-kaufen","11":"product_tag-fussballtrikot-kurzarm","12":"product_tag-guenstiges-fussballtrikot","13":"product_tag-manchester-united-2023-2024-auswaertstrikot","14":"product_tag-manchester-united-fussballtrikot","15":"product_tag-manchester-united-trikot","17":"first","18":"instock","19":"shipping-taxable","20":"purchasable","21":"product-type-variable"},"_links":{"self":[{"href":"https:\/\/www.billigtrikotde.com\/nl\/wp-json\/wp\/v2\/product\/14898","targetHints":{"allow":["GET"]}}],"collection":[{"href":"https:\/\/www.billigtrikotde.com\/nl\/wp-json\/wp\/v2\/product"}],"about":[{"href":"https:\/\/www.billigtrikotde.com\/nl\/wp-json\/wp\/v2\/types\/product"}],"replies":[{"embeddable":true,"href":"https:\/\/www.billigtrikotde.com\/nl\/wp-json\/wp\/v2\/comments?post=14898"}],"wp:featuredmedia":[{"embeddable":true,"href":"https:\/\/www.billigtrikotde.com\/nl\/wp-json\/wp\/v2\/media\/14935"}],"wp:attachment":[{"href":"https:\/\/www.billigtrikotde.com\/nl\/wp-json\/wp\/v2\/media?parent=14898"}],"wp:term":[{"taxonomy":"product_brand","embeddable":true,"href":"https:\/\/www.billigtrikotde.com\/nl\/wp-json\/wp\/v2\/product_brand?post=14898"},{"taxonomy":"product_cat","embeddable":true,"href":"https:\/\/www.billigtrikotde.com\/nl\/wp-json\/wp\/v2\/product_cat?post=14898"},{"taxonomy":"product_tag","embeddable":true,"href":"https:\/\/www.billigtrikotde.com\/nl\/wp-json\/wp\/v2\/product_tag?post=14898"}],"curies":[{"name":"wp","href":"https:\/\/api.w.org\/{rel}","templated":true}]}}