{"id":14062,"date":"2024-10-24T06:36:27","date_gmt":"2024-10-24T04:36:27","guid":{"rendered":"http:\/\/billigtrikots.com\/?post_type=product&#038;p=14062"},"modified":"2024-10-24T06:39:08","modified_gmt":"2024-10-24T04:39:08","slug":"neuen-herren-fussballtrikot-liverpool-auswaertstrikot-2023-24-kurzarm-darwin-nunez-27","status":"publish","type":"product","link":"https:\/\/www.billigtrikotde.com\/nl\/neuen-herren-fussballtrikot-liverpool-auswaertstrikot-2023-24-kurzarm-darwin-nunez-27\/","title":{"rendered":"Nieuw Heren Voetbalshirt Liverpool Weg Shirt 2023-24 Korte Mouw Darwin Nunez 27"},"content":{"rendered":"<p>Das Nike Liverpool Football Club 2023-24 Ausw\u00e4rtstrikot kombiniert Wei\u00df und Gr\u00fcn mit schwarzen Logos. Offiziell lauten die Farben &#8222;Wei\u00df \/ Gr\u00fcner Funke \/ Schwarz&#8220;.<\/p>\n<p>Wat het Liverpool 23-24 uitshirt uniek maakt, is het ontwerp. Het Nike Liverpool 23-24 uitshirt heeft een patroon uit de jaren 90 in wit en verschillende groentinten.<\/p>\n<p>Tips voor het afdrukken: Als de naam en het nummer op de foto precies zijn wat je wilt, hoef je ze niet opnieuw in te voeren. Zo niet, dan moet je de gewenste naam en het gewenste nummer invoeren.<\/p>\n<p>Wastips: Het wordt aanbevolen om voetbalshirts met de hand te wassen. Als je de wasmachine wilt gebruiken, denk er dan aan om voetbalshirts binnenstebuiten te draaien en vervolgens te wassen. Vul de machine met koud water en gebruik een fijnwasprogramma om de kleuren beter te beschermen.<\/p>","protected":false},"excerpt":{"rendered":"<p>Het Nike Liverpool Football Club 2023-24 uit-shirt combineert wit en groen met zwarte logo's. Officieel luiden de kleuren \u201eWit \/ Groene vonk \/ Zwart\u201c.Wat het Liverpool 23-24 uit-shirt uniek maakt, is het ontwerp. Het Nike Liverpool 23-24 uit-shirt heeft een 90s-achtige patroon in wit en verschillende groentinten. Tips voor het drukken: Als de naam en de [\u2026]<\/p>","protected":false},"featured_media":14112,"comment_status":"open","ping_status":"closed","template":"","meta":[],"product_brand":[],"product_cat":[176],"product_tag":[20,731,732,733,734,574,21,23,24,601,602,153,475],"class_list":{"0":"post-14062","1":"product","2":"type-product","3":"status-publish","4":"has-post-thumbnail","6":"product_cat-liverpool-fc","7":"product_tag-coole-fussballtrikots","8":"product_tag-darwin-nunez-babykleidung","9":"product_tag-darwin-nunez-fussballtrikot","10":"product_tag-darwin-nunez-kleidung-kinder","11":"product_tag-darwin-nunez-trikot-fuer-kinder","12":"product_tag-fussballtrikot-deutschland","13":"product_tag-fussballtrikot-fuer-herren","14":"product_tag-fussballtrikot-kurzarm","15":"product_tag-guenstiges-fussballtrikot","16":"product_tag-liverpool-fussballtrikot","17":"product_tag-liverpool-trikot","18":"product_tag-liverpool-trikots","19":"product_tag-liverpool-trikots-23-24","21":"first","22":"instock","23":"shipping-taxable","24":"purchasable","25":"product-type-variable"},"_links":{"self":[{"href":"https:\/\/www.billigtrikotde.com\/nl\/wp-json\/wp\/v2\/product\/14062","targetHints":{"allow":["GET"]}}],"collection":[{"href":"https:\/\/www.billigtrikotde.com\/nl\/wp-json\/wp\/v2\/product"}],"about":[{"href":"https:\/\/www.billigtrikotde.com\/nl\/wp-json\/wp\/v2\/types\/product"}],"replies":[{"embeddable":true,"href":"https:\/\/www.billigtrikotde.com\/nl\/wp-json\/wp\/v2\/comments?post=14062"}],"wp:featuredmedia":[{"embeddable":true,"href":"https:\/\/www.billigtrikotde.com\/nl\/wp-json\/wp\/v2\/media\/14112"}],"wp:attachment":[{"href":"https:\/\/www.billigtrikotde.com\/nl\/wp-json\/wp\/v2\/media?parent=14062"}],"wp:term":[{"taxonomy":"product_brand","embeddable":true,"href":"https:\/\/www.billigtrikotde.com\/nl\/wp-json\/wp\/v2\/product_brand?post=14062"},{"taxonomy":"product_cat","embeddable":true,"href":"https:\/\/www.billigtrikotde.com\/nl\/wp-json\/wp\/v2\/product_cat?post=14062"},{"taxonomy":"product_tag","embeddable":true,"href":"https:\/\/www.billigtrikotde.com\/nl\/wp-json\/wp\/v2\/product_tag?post=14062"}],"curies":[{"name":"wp","href":"https:\/\/api.w.org\/{rel}","templated":true}]}}