{"id":14028,"date":"2024-10-24T06:34:44","date_gmt":"2024-10-24T04:34:44","guid":{"rendered":"http:\/\/billigtrikots.com\/?post_type=product&#038;p=14028"},"modified":"2024-10-24T06:37:29","modified_gmt":"2024-10-24T04:37:29","slug":"herren-fussballtrikots-atletico-madrid-heimtrikot-2023-24-kurzarm-axel-witsel-20","status":"publish","type":"product","link":"https:\/\/www.billigtrikotde.com\/nl\/herren-fussballtrikots-atletico-madrid-heimtrikot-2023-24-kurzarm-axel-witsel-20\/","title":{"rendered":"Heren Voetbalshirts Atletico Madrid Thuisshirt 2023-24 Korte Mouw Axel Witsel 20"},"content":{"rendered":"<p>Het nieuwe Atletico 23-24 shirt werd uitgebracht onder de slogan \"Puro Atleti\" (Puur Atl\u00e9tico). Voor het eerst in vier jaar zijn de klassieke strepen van de club te zien zonder ze te veranderen, en met het Atletico Madrid 2023-24 shirt keert de club terug naar de klassieke strepen en is het golvende ontwerp van dit jaar overbodig.Atletico's 2023-2024 shirt heeft vier witte en drie rode strepen. De mouwen, kraag en achterkant van het Atl\u00e9tico Madrid 23-24 thuisshirt zijn voornamelijk rood.<br \/>\nDe rode strepen van het thuisshirt van Atl\u00e9tico 23-24 hebben een subtiel verloop. Ze veranderen van een lichtere tint rood aan de bovenkant naar donkerder rood in het midden en aan de onderkant. Het kleurverloop wordt gecre\u00eberd door kleine rechthoeken.<\/p>\n<p>Tips voor het afdrukken: Als de naam en het nummer op de foto precies zijn wat je wilt, hoef je ze niet opnieuw in te voeren. Zo niet, dan moet je de gewenste naam en het gewenste nummer invoeren.<\/p>\n<p>Wastips: Het wordt aanbevolen om voetbalshirts met de hand te wassen. Als je de wasmachine wilt gebruiken, denk er dan aan om voetbalshirts binnenstebuiten te draaien en vervolgens te wassen. Vul de machine met koud water en gebruik een fijnwasprogramma om de kleuren beter te beschermen.<\/p>","protected":false},"excerpt":{"rendered":"<p>Das neue Atletico 23-24 Trikot wurde unter dem Slogan &#8222;Puro Atleti&#8220; (Reines Atl\u00e9tico) ver\u00f6ffentlicht. Zum ersten Mal seit vier Jahren zeigt es die klassischen Streifen des Vereins, ohne sie zu ver\u00e4ndern.Mit dem Atletico Madrid 2023-24 Trikot kehrt der Verein zu den klassischen Streifen zur\u00fcck und verzichtet auf das gewellte Design von diesem Jahr.Atleticos Trikot 2023-2024 [&hellip;]<\/p>","protected":false},"featured_media":14068,"comment_status":"open","ping_status":"closed","template":"","meta":[],"product_brand":[],"product_cat":[88],"product_tag":[487,488,90,719,720,721,20,21,22,23,24],"class_list":{"0":"post-14028","1":"product","2":"type-product","3":"status-publish","4":"has-post-thumbnail","6":"product_cat-atletico-madrid","7":"product_tag-atletico-madrid-fussballtrikot","8":"product_tag-atletico-madrid-trikot","9":"product_tag-atletico-madrid-trikots","10":"product_tag-axel-witsel-babykleidung","11":"product_tag-axel-witsel-fussballtrikot","12":"product_tag-axel-witsel-kleidung-kinder","13":"product_tag-coole-fussballtrikots","14":"product_tag-fussballtrikot-fuer-herren","15":"product_tag-fussballtrikot-guenstig-kaufen","16":"product_tag-fussballtrikot-kurzarm","17":"product_tag-guenstiges-fussballtrikot","19":"first","20":"instock","21":"shipping-taxable","22":"purchasable","23":"product-type-variable"},"_links":{"self":[{"href":"https:\/\/www.billigtrikotde.com\/nl\/wp-json\/wp\/v2\/product\/14028","targetHints":{"allow":["GET"]}}],"collection":[{"href":"https:\/\/www.billigtrikotde.com\/nl\/wp-json\/wp\/v2\/product"}],"about":[{"href":"https:\/\/www.billigtrikotde.com\/nl\/wp-json\/wp\/v2\/types\/product"}],"replies":[{"embeddable":true,"href":"https:\/\/www.billigtrikotde.com\/nl\/wp-json\/wp\/v2\/comments?post=14028"}],"wp:featuredmedia":[{"embeddable":true,"href":"https:\/\/www.billigtrikotde.com\/nl\/wp-json\/wp\/v2\/media\/14068"}],"wp:attachment":[{"href":"https:\/\/www.billigtrikotde.com\/nl\/wp-json\/wp\/v2\/media?parent=14028"}],"wp:term":[{"taxonomy":"product_brand","embeddable":true,"href":"https:\/\/www.billigtrikotde.com\/nl\/wp-json\/wp\/v2\/product_brand?post=14028"},{"taxonomy":"product_cat","embeddable":true,"href":"https:\/\/www.billigtrikotde.com\/nl\/wp-json\/wp\/v2\/product_cat?post=14028"},{"taxonomy":"product_tag","embeddable":true,"href":"https:\/\/www.billigtrikotde.com\/nl\/wp-json\/wp\/v2\/product_tag?post=14028"}],"curies":[{"name":"wp","href":"https:\/\/api.w.org\/{rel}","templated":true}]}}