{"id":1401,"date":"2024-10-23T13:28:51","date_gmt":"2024-10-23T11:28:51","guid":{"rendered":"http:\/\/billigtrikots.com\/?post_type=product&#038;p=1401"},"modified":"2024-10-23T13:30:23","modified_gmt":"2024-10-23T11:30:23","slug":"fc-arsenal-auswaertstrikot-2022-3rd-trikot-blau-mit-aufdruck-torreira-11","status":"publish","type":"product","link":"https:\/\/www.billigtrikotde.com\/nl\/fc-arsenal-auswaertstrikot-2022-3rd-trikot-blau-mit-aufdruck-torreira-11\/","title":{"rendered":"Arsenal FC uittenue 2022 3e shirt blauw met opdruk Torreira 11"},"content":{"rendered":"<p>Of je nu in het stadion bent of thuis op de bank \u2013 je steun toon je het beste met het zweetafvoerende model in blauw. Met het sporttop uit het huis adidas kun je echt niets verkeerd doen. Voor echte FC Arsenal Londen-fans is dit een must: het uitworp-sporttop in het originele ontwerp, zoals de spelers in de Premier League dragen. Wij raden dit zweetafvoerende, ademende en super comfortabele model aan met een aangenaam draaggevoel. De geweldige uitstraling van het shirt wordt benadrukt door het clubwapen op de borst. Met dit sporttop ben je perfect gekleed voor elke training.<\/p>\n<p>Tips voor het afdrukken: Als de naam en het nummer op de foto precies zijn wat je wilt, hoef je ze niet opnieuw in te voeren. Zo niet, dan moet je de gewenste naam en het gewenste nummer invoeren.<\/p>\n<p>Wastips: Het wordt aanbevolen om voetbalshirts met de hand te wassen. Als je de wasmachine wilt gebruiken, denk er dan aan om voetbalshirts binnenstebuiten te draaien en vervolgens te wassen. Vul de machine met koud water en gebruik een fijnwasprogramma om de kleuren beter te beschermen.<\/p>","protected":false},"excerpt":{"rendered":"<p>Ob im Stadion oder zuhause auf der Couch \u2013 deine Unterst\u00fctzung zeigst du am besten durch das schwei\u00dfableitende Modell in Blau. Mit dem Sporttop aus dem Hause adidas kann man wirklich nichts falsch machen. F\u00fcr wahre FC Arsenal London-Fans ein Muss: das Ausweich-Sporttop im Originaldesign, wie es die Spieler in der Premier League tragen. Wir [&hellip;]<\/p>","protected":false},"featured_media":1433,"comment_status":"open","ping_status":"closed","template":"","meta":[],"product_brand":[],"product_cat":[55],"product_tag":[20,57,21,22,23,24],"class_list":{"0":"post-1401","1":"product","2":"type-product","3":"status-publish","4":"has-post-thumbnail","6":"product_cat-arsenal","7":"product_tag-coole-fussballtrikots","8":"product_tag-fc-arsenal-trikots","9":"product_tag-fussballtrikot-fuer-herren","10":"product_tag-fussballtrikot-guenstig-kaufen","11":"product_tag-fussballtrikot-kurzarm","12":"product_tag-guenstiges-fussballtrikot","14":"first","15":"instock","16":"shipping-taxable","17":"purchasable","18":"product-type-variable"},"_links":{"self":[{"href":"https:\/\/www.billigtrikotde.com\/nl\/wp-json\/wp\/v2\/product\/1401","targetHints":{"allow":["GET"]}}],"collection":[{"href":"https:\/\/www.billigtrikotde.com\/nl\/wp-json\/wp\/v2\/product"}],"about":[{"href":"https:\/\/www.billigtrikotde.com\/nl\/wp-json\/wp\/v2\/types\/product"}],"replies":[{"embeddable":true,"href":"https:\/\/www.billigtrikotde.com\/nl\/wp-json\/wp\/v2\/comments?post=1401"}],"wp:featuredmedia":[{"embeddable":true,"href":"https:\/\/www.billigtrikotde.com\/nl\/wp-json\/wp\/v2\/media\/1433"}],"wp:attachment":[{"href":"https:\/\/www.billigtrikotde.com\/nl\/wp-json\/wp\/v2\/media?parent=1401"}],"wp:term":[{"taxonomy":"product_brand","embeddable":true,"href":"https:\/\/www.billigtrikotde.com\/nl\/wp-json\/wp\/v2\/product_brand?post=1401"},{"taxonomy":"product_cat","embeddable":true,"href":"https:\/\/www.billigtrikotde.com\/nl\/wp-json\/wp\/v2\/product_cat?post=1401"},{"taxonomy":"product_tag","embeddable":true,"href":"https:\/\/www.billigtrikotde.com\/nl\/wp-json\/wp\/v2\/product_tag?post=1401"}],"curies":[{"name":"wp","href":"https:\/\/api.w.org\/{rel}","templated":true}]}}