{"id":13789,"date":"2024-10-24T06:21:55","date_gmt":"2024-10-24T04:21:55","guid":{"rendered":"http:\/\/billigtrikots.com\/?post_type=product&#038;p=13789"},"modified":"2024-10-24T06:24:43","modified_gmt":"2024-10-24T04:24:43","slug":"kinderheim-trikot-manchester-united-23-24-trikot-trikotsatz-bestellen-mit-aufdruck-antony-21","status":"publish","type":"product","link":"https:\/\/www.billigtrikotde.com\/nl\/kinderheim-trikot-manchester-united-23-24-trikot-trikotsatz-bestellen-mit-aufdruck-antony-21\/","title":{"rendered":"Kinder thuistrui Manchester United 23-24 bestelset met opdruk ANTONY 21"},"content":{"rendered":"<p>Het Man United 2023-2024-shirt combineert een klassieke rode hoofdkleur met zwart voor logo's en de drie strepen, evenals witte details. Het is de eerste keer sinds het seizoen 2019-2020 dat zwart als secundaire kleur wordt gebruikt. Officieel wordt de rode kleur \u201eTeam Collage Red\u201c genoemd. De hoofdsponsor, de namen en nummers, evenals de logo's van de mouwsponsors van DXC Technology, zijn wit. Het TeamViewer-sponsorelogo is bijgewerkt in vergelijking met eerdere versies.<br \/>\nWat het ontwerp betreft, is het Manchester United-shirt 2023-24 ge\u00efnspireerd door het industri\u00eble erfgoed van Manchester. Het shirt toont een herhalend patroon dat een Lancashire-roos combineert met een geometrisch patroon, ge\u00efnspireerd door de Trafford Road Bridge, die tijdens de industri\u00eble revolutie werd gebouwd. De Lancashire-roos is een heraldiek symbool dat de historische graafschap Lancashire in Noordwest-Engeland vertegenwoordigt. Het is een rode roos met een gouden midden en wordt al eeuwenlang gebruikt als embleem voor de graafschap. De Lancashire-roos wordt ook vandaag nog in verschillende vormen gebruikt, bijvoorbeeld op de vlag van de graafschap en op de insignes van de cricket- en rugby-teams van Lancashire.<\/p>\n<p>Tips voor het afdrukken: Als de naam en het nummer op de foto precies zijn wat je wilt, hoef je ze niet opnieuw in te voeren. Zo niet, dan moet je de gewenste naam en het gewenste nummer invoeren.<\/p>\n<p>Wastips: Het wordt aanbevolen om voetbalshirts met de hand te wassen. Als je de wasmachine wilt gebruiken, denk er dan aan om voetbalshirts binnenstebuiten te draaien en vervolgens te wassen. Vul de machine met koud water en gebruik een fijnwasprogramma om de kleuren beter te beschermen.<\/p>","protected":false},"excerpt":{"rendered":"<p>Das Man United 2023-2024 Trikot kombiniert eine klassische rote Hauptfarbe mit Schwarz f\u00fcr Logos und die Drei Streifen sowie wei\u00dfen Details. Es ist das erste Mal seit der Saison 2019-2020, dass Schwarz als Sekund\u00e4rfarbe verwendet. Offiziell wird die rote Farbe \u201eTeam Collage Red\u201c genannt.Der Hauptsponsor, die Namen und Nummern sowie die Logos der \u00c4rmelsponsoren von [&hellip;]<\/p>","protected":false},"featured_media":13835,"comment_status":"open","ping_status":"closed","template":"","meta":[],"product_brand":[],"product_cat":[140],"product_tag":[20,574,21,22,664,228,24,141,52,142],"class_list":{"0":"post-13789","1":"product","2":"type-product","3":"status-publish","4":"has-post-thumbnail","6":"product_cat-manchester-united-kindertrikot","7":"product_tag-coole-fussballtrikots","8":"product_tag-fussballtrikot-deutschland","9":"product_tag-fussballtrikot-fuer-herren","10":"product_tag-fussballtrikot-guenstig-kaufen","11":"product_tag-fussballtrikot-trikotsatz","12":"product_tag-guenstige-fussballtrikot","13":"product_tag-guenstiges-fussballtrikot","14":"product_tag-manchester-united-heimtrikot","15":"product_tag-manchester-united-trikots","16":"product_tag-manchester-united-trikotsatz-fuer-kinder","18":"first","19":"instock","20":"shipping-taxable","21":"purchasable","22":"product-type-variable"},"_links":{"self":[{"href":"https:\/\/www.billigtrikotde.com\/nl\/wp-json\/wp\/v2\/product\/13789","targetHints":{"allow":["GET"]}}],"collection":[{"href":"https:\/\/www.billigtrikotde.com\/nl\/wp-json\/wp\/v2\/product"}],"about":[{"href":"https:\/\/www.billigtrikotde.com\/nl\/wp-json\/wp\/v2\/types\/product"}],"replies":[{"embeddable":true,"href":"https:\/\/www.billigtrikotde.com\/nl\/wp-json\/wp\/v2\/comments?post=13789"}],"wp:featuredmedia":[{"embeddable":true,"href":"https:\/\/www.billigtrikotde.com\/nl\/wp-json\/wp\/v2\/media\/13835"}],"wp:attachment":[{"href":"https:\/\/www.billigtrikotde.com\/nl\/wp-json\/wp\/v2\/media?parent=13789"}],"wp:term":[{"taxonomy":"product_brand","embeddable":true,"href":"https:\/\/www.billigtrikotde.com\/nl\/wp-json\/wp\/v2\/product_brand?post=13789"},{"taxonomy":"product_cat","embeddable":true,"href":"https:\/\/www.billigtrikotde.com\/nl\/wp-json\/wp\/v2\/product_cat?post=13789"},{"taxonomy":"product_tag","embeddable":true,"href":"https:\/\/www.billigtrikotde.com\/nl\/wp-json\/wp\/v2\/product_tag?post=13789"}],"curies":[{"name":"wp","href":"https:\/\/api.w.org\/{rel}","templated":true}]}}