{"id":13036,"date":"2024-10-24T05:42:16","date_gmt":"2024-10-24T03:42:16","guid":{"rendered":"http:\/\/billigtrikots.com\/?post_type=product&#038;p=13036"},"modified":"2024-10-24T05:44:38","modified_gmt":"2024-10-24T03:44:38","slug":"herren-inter-miami-cf-auswaertstrikot-2023-24-fussballtrikots-set-mit-aufdruck-messi-10","status":"publish","type":"product","link":"https:\/\/www.billigtrikotde.com\/nl\/herren-inter-miami-cf-auswaertstrikot-2023-24-fussballtrikots-set-mit-aufdruck-messi-10\/","title":{"rendered":"Heren Inter Miami CF Weg-shirt 2023-24 Voetbalshirtset met print MESSI 10"},"content":{"rendered":"<p>Het Adidas Miami 2023 uitshirt is overwegend zwart, met alle andere details en logo's uitsluitend in roze. Gebaseerd op een van Adidas' ontwerpen voor het WK 2022, is er een roze streep die langs beide zijkanten loopt en samenkomt bij de achterzoom.<br \/>\nDe zwarte achtergrond heeft een interessante, subtiele golfafbeelding die wordt onderbroken door herhalende zwarte horizontale strepen, terwijl de woorden \"Freedom to Dream\" te zien zijn op de achterkant van de kraag. Deze letters zijn in voorgaande jaren al gebruikt als motto van de club.<\/p>\n<p>Tips voor het afdrukken: Als de naam en het nummer op de foto precies zijn wat je wilt, hoef je ze niet opnieuw in te voeren. Zo niet, dan moet je de gewenste naam en het gewenste nummer invoeren.<\/p>\n<p>Wastips: Het wordt aanbevolen om voetbalshirts met de hand te wassen. Als je de wasmachine wilt gebruiken, denk er dan aan om voetbalshirts binnenstebuiten te draaien en vervolgens te wassen. Vul de machine met koud water en gebruik een fijnwasprogramma om de kleuren beter te beschermen.<\/p>","protected":false},"excerpt":{"rendered":"<p>Das Adidas Miami 2023 Ausw\u00e4rtstrikot ist \u00fcberwiegend schwarz, alle anderen Details und Logos sind ausschlie\u00dflich in Rosa gehalten. Nach einer der Vorlagen von Adidas f\u00fcr die WM 2022 gibt es einen rosafarbenen Streifen, der auf beiden Seiten verl\u00e4uft und hinten am Saum zusammenl\u00e4uft. Auf dem schwarzen Untergrund ist eine interessante, subtile Wellengrafik angebracht, die von [&hellip;]<\/p>","protected":false},"featured_media":13070,"comment_status":"open","ping_status":"closed","template":"","meta":[],"product_brand":[],"product_cat":[557],"product_tag":[20,548,21,22,23,24,562,558,559,560,561],"class_list":{"0":"post-13036","1":"product","2":"type-product","3":"status-publish","4":"has-post-thumbnail","6":"product_cat-inter-miami","7":"product_tag-coole-fussballtrikots","8":"product_tag-fussball-trikot-frauen","9":"product_tag-fussballtrikot-fuer-herren","10":"product_tag-fussballtrikot-guenstig-kaufen","11":"product_tag-fussballtrikot-kurzarm","12":"product_tag-guenstiges-fussballtrikot","13":"product_tag-inter-miami-2023-auswaertstrikot","14":"product_tag-inter-miami-2023-heimtrikot","15":"product_tag-inter-miami-cf-fussballtrikots-herren","16":"product_tag-inter-miami-trikot-fuer-herren","17":"product_tag-trikot-2023-24","19":"first","20":"instock","21":"shipping-taxable","22":"purchasable","23":"product-type-variable"},"_links":{"self":[{"href":"https:\/\/www.billigtrikotde.com\/nl\/wp-json\/wp\/v2\/product\/13036","targetHints":{"allow":["GET"]}}],"collection":[{"href":"https:\/\/www.billigtrikotde.com\/nl\/wp-json\/wp\/v2\/product"}],"about":[{"href":"https:\/\/www.billigtrikotde.com\/nl\/wp-json\/wp\/v2\/types\/product"}],"replies":[{"embeddable":true,"href":"https:\/\/www.billigtrikotde.com\/nl\/wp-json\/wp\/v2\/comments?post=13036"}],"wp:featuredmedia":[{"embeddable":true,"href":"https:\/\/www.billigtrikotde.com\/nl\/wp-json\/wp\/v2\/media\/13070"}],"wp:attachment":[{"href":"https:\/\/www.billigtrikotde.com\/nl\/wp-json\/wp\/v2\/media?parent=13036"}],"wp:term":[{"taxonomy":"product_brand","embeddable":true,"href":"https:\/\/www.billigtrikotde.com\/nl\/wp-json\/wp\/v2\/product_brand?post=13036"},{"taxonomy":"product_cat","embeddable":true,"href":"https:\/\/www.billigtrikotde.com\/nl\/wp-json\/wp\/v2\/product_cat?post=13036"},{"taxonomy":"product_tag","embeddable":true,"href":"https:\/\/www.billigtrikotde.com\/nl\/wp-json\/wp\/v2\/product_tag?post=13036"}],"curies":[{"name":"wp","href":"https:\/\/api.w.org\/{rel}","templated":true}]}}