{"id":1261,"date":"2024-10-23T13:22:37","date_gmt":"2024-10-23T11:22:37","guid":{"rendered":"http:\/\/billigtrikots.com\/?post_type=product&#038;p=1261"},"modified":"2024-10-23T13:24:35","modified_gmt":"2024-10-23T11:24:35","slug":"manchester-united-f-c-pogba-6-herren-home-2022-rot-trikot-guenstig","status":"publish","type":"product","link":"https:\/\/www.billigtrikotde.com\/nl\/manchester-united-f-c-pogba-6-herren-home-2022-rot-trikot-guenstig\/","title":{"rendered":"Manchester United F.C. Pogba 6 Heren Thuis 2022 Rood Shirt goedkoop"},"content":{"rendered":"<p>Hier komt het a-didas shirt in rood, dat je helpt om je favoriete club in elke situatie te ondersteunen en te laten zien waar je hart naar uitgaat. Toon je verbondenheid \u2013 met dit Manchester United-thuisshirt breid je je fancollectie uit met een kledingstuk in het originele ontwerp, zoals de spelers in de Premier League dragen. We raden dit comfortabele, lichte en ademende model aan met een aangenaam draaggevoel. Dit sportshirt is ontworpen om je prestaties naar een hoger niveau te tillen. Het valt visueel op met een clubwapen op de borst.<\/p>\n<p>Tips voor het afdrukken: Als de naam en het nummer op de foto precies zijn wat je wilt, hoef je ze niet opnieuw in te voeren. Zo niet, dan moet je de gewenste naam en het gewenste nummer invoeren.<\/p>\n<p>Wastips: Het wordt aanbevolen om voetbalshirts met de hand te wassen. Als je de wasmachine wilt gebruiken, denk er dan aan om voetbalshirts binnenstebuiten te draaien en vervolgens te wassen. Vul de machine met koud water en gebruik een fijnwasprogramma om de kleuren beter te beschermen.<\/p>","protected":false},"excerpt":{"rendered":"<p>Hier kommt das a-didas Trikot in Rot, das dir hilft, deinen Lieblingsverein in jeder Lage zu unterst\u00fctzen und zu zeigen, wof\u00fcr dein Herz schl\u00e4gt. Zeige deine Zugeh\u00f6rigkeit \u2013 mit diesem Manchester United-Heim-Trikot erweiterst du deine Fan-Kollektion um ein Kleidungsst\u00fcck im Original-Design, wie es die Spieler in der Premier League tragen. Wir empfehlen dieses bequeme, leichte [&hellip;]<\/p>","protected":false},"featured_media":1291,"comment_status":"open","ping_status":"closed","template":"","meta":[],"product_brand":[],"product_cat":[50],"product_tag":[20,21,22,23,24,52],"class_list":{"0":"post-1261","1":"product","2":"type-product","3":"status-publish","4":"has-post-thumbnail","6":"product_cat-manchester-united","7":"product_tag-coole-fussballtrikots","8":"product_tag-fussballtrikot-fuer-herren","9":"product_tag-fussballtrikot-guenstig-kaufen","10":"product_tag-fussballtrikot-kurzarm","11":"product_tag-guenstiges-fussballtrikot","12":"product_tag-manchester-united-trikots","14":"first","15":"instock","16":"shipping-taxable","17":"purchasable","18":"product-type-variable"},"_links":{"self":[{"href":"https:\/\/www.billigtrikotde.com\/nl\/wp-json\/wp\/v2\/product\/1261","targetHints":{"allow":["GET"]}}],"collection":[{"href":"https:\/\/www.billigtrikotde.com\/nl\/wp-json\/wp\/v2\/product"}],"about":[{"href":"https:\/\/www.billigtrikotde.com\/nl\/wp-json\/wp\/v2\/types\/product"}],"replies":[{"embeddable":true,"href":"https:\/\/www.billigtrikotde.com\/nl\/wp-json\/wp\/v2\/comments?post=1261"}],"wp:featuredmedia":[{"embeddable":true,"href":"https:\/\/www.billigtrikotde.com\/nl\/wp-json\/wp\/v2\/media\/1291"}],"wp:attachment":[{"href":"https:\/\/www.billigtrikotde.com\/nl\/wp-json\/wp\/v2\/media?parent=1261"}],"wp:term":[{"taxonomy":"product_brand","embeddable":true,"href":"https:\/\/www.billigtrikotde.com\/nl\/wp-json\/wp\/v2\/product_brand?post=1261"},{"taxonomy":"product_cat","embeddable":true,"href":"https:\/\/www.billigtrikotde.com\/nl\/wp-json\/wp\/v2\/product_cat?post=1261"},{"taxonomy":"product_tag","embeddable":true,"href":"https:\/\/www.billigtrikotde.com\/nl\/wp-json\/wp\/v2\/product_tag?post=1261"}],"curies":[{"name":"wp","href":"https:\/\/api.w.org\/{rel}","templated":true}]}}