{"id":12464,"date":"2024-10-24T05:12:59","date_gmt":"2024-10-24T03:12:59","guid":{"rendered":"http:\/\/billigtrikots.com\/?post_type=product&#038;p=12464"},"modified":"2024-10-24T05:15:40","modified_gmt":"2024-10-24T03:15:40","slug":"fussballtrikots-guenstig-atletico-madrid-2022-23-drittes-trikot-kurzarm-yannick-carrasco-21","status":"publish","type":"product","link":"https:\/\/www.billigtrikotde.com\/nl\/fussballtrikots-guenstig-atletico-madrid-2022-23-drittes-trikot-kurzarm-yannick-carrasco-21\/","title":{"rendered":"Voetbalshirts Goedkope Atl\u00e9tico Madrid 2022-23 Derde Shirt Korte Mouw Yannick Carrasco 21"},"content":{"rendered":"<p>Het derde Nike Atl\u00e9tico Madrid 2022-23 voetbalshirt combineert verschillende tinten oranje en rood met zwart voor de swoosh. Het is een zeer interessante en frisse kleurencombinatie voor de club, ge\u00efnspireerd op de vrucht van de aardbeiboom die voorkomt in het wapen van de club.<br \/>\nQua design is het nieuwe derde shirt van Atl\u00e9tico nogal sober. Het is effen oranje en alleen de manchetten hebben een klein rood accent. De logo's zijn zwart, inclusief een clublogo in \u00e9\u00e9n kleur op de linkerborst van het derde Atl\u00e9tico Madrid 2022-23 shirt.<\/p>\n<p>Tips voor het afdrukken: Als de naam en het nummer op de foto precies zijn wat je wilt, hoef je ze niet opnieuw in te voeren. Zo niet, dan moet je de gewenste naam en het gewenste nummer invoeren.<\/p>\n<p>Wastips: Het wordt aanbevolen om voetbalshirts met de hand te wassen. Als je de wasmachine wilt gebruiken, denk er dan aan om voetbalshirts binnenstebuiten te draaien en vervolgens te wassen. Vul de machine met koud water en gebruik een fijnwasprogramma om de kleuren beter te beschermen.<\/p>","protected":false},"excerpt":{"rendered":"<p>Het derde voetbalshirt van Nike Atl\u00e9tico Madrid 2022-23 combineert verschillende oranje- en roddingen met zwart voor de swoosh. Het is een zeer interessante en frisse kleurcombinatie voor de club, ge\u00efnspireerd door de vruchten van de aardbeiboom die in het clubembleem te vinden is. Wat betreft het ontwerp is het nieuwe derde Atl\u00e9tico-shirt eerder saai. Het is eendelig [\u2026]<\/p>","protected":false},"featured_media":12501,"comment_status":"open","ping_status":"closed","template":"","meta":[],"product_brand":[],"product_cat":[88],"product_tag":[486,487,89,488,90,20,21,22,23,24],"class_list":{"0":"post-12464","1":"product","2":"type-product","3":"status-publish","4":"has-post-thumbnail","6":"product_cat-atletico-madrid","7":"product_tag-atletico-madrid-2022-23","8":"product_tag-atletico-madrid-fussballtrikot","9":"product_tag-atletico-madrid-heimtrikot","10":"product_tag-atletico-madrid-trikot","11":"product_tag-atletico-madrid-trikots","12":"product_tag-coole-fussballtrikots","13":"product_tag-fussballtrikot-fuer-herren","14":"product_tag-fussballtrikot-guenstig-kaufen","15":"product_tag-fussballtrikot-kurzarm","16":"product_tag-guenstiges-fussballtrikot","18":"first","19":"instock","20":"shipping-taxable","21":"purchasable","22":"product-type-variable"},"_links":{"self":[{"href":"https:\/\/www.billigtrikotde.com\/nl\/wp-json\/wp\/v2\/product\/12464","targetHints":{"allow":["GET"]}}],"collection":[{"href":"https:\/\/www.billigtrikotde.com\/nl\/wp-json\/wp\/v2\/product"}],"about":[{"href":"https:\/\/www.billigtrikotde.com\/nl\/wp-json\/wp\/v2\/types\/product"}],"replies":[{"embeddable":true,"href":"https:\/\/www.billigtrikotde.com\/nl\/wp-json\/wp\/v2\/comments?post=12464"}],"wp:featuredmedia":[{"embeddable":true,"href":"https:\/\/www.billigtrikotde.com\/nl\/wp-json\/wp\/v2\/media\/12501"}],"wp:attachment":[{"href":"https:\/\/www.billigtrikotde.com\/nl\/wp-json\/wp\/v2\/media?parent=12464"}],"wp:term":[{"taxonomy":"product_brand","embeddable":true,"href":"https:\/\/www.billigtrikotde.com\/nl\/wp-json\/wp\/v2\/product_brand?post=12464"},{"taxonomy":"product_cat","embeddable":true,"href":"https:\/\/www.billigtrikotde.com\/nl\/wp-json\/wp\/v2\/product_cat?post=12464"},{"taxonomy":"product_tag","embeddable":true,"href":"https:\/\/www.billigtrikotde.com\/nl\/wp-json\/wp\/v2\/product_tag?post=12464"}],"curies":[{"name":"wp","href":"https:\/\/api.w.org\/{rel}","templated":true}]}}