{"id":11759,"date":"2024-10-24T04:32:22","date_gmt":"2024-10-24T02:32:22","guid":{"rendered":"http:\/\/billigtrikots.com\/?post_type=product&#038;p=11759"},"modified":"2024-10-24T04:34:55","modified_gmt":"2024-10-24T02:34:55","slug":"herren-lafc-los-angeles-fc-2022-heimtrikot-schwarz-golden-mit-aufdruck-wright-phillips-66","status":"publish","type":"product","link":"https:\/\/www.billigtrikotde.com\/nl\/herren-lafc-los-angeles-fc-2022-heimtrikot-schwarz-golden-mit-aufdruck-wright-phillips-66\/","title":{"rendered":"Herenshirt LAFC Los Angeles FC 2022 zwartgoud met opdruk WRIGHT-PHILLIPS 66"},"content":{"rendered":"<p>Zoals verwacht is het Adidas LAFC 2022 shirt voornamelijk zwart met gouden logo's en Adidas strepen. Het Adidas logo en clubwapen staan allebei in het midden van de borst, met het Adidas logo erboven.Het belangrijkste kenmerk van het Los Angeles FC 2022 thuisshirt is een op maat gemaakt art deco patroon dat over de voorkant en de mouwen loopt.We kunnen ook zien dat Target, LAFC's mouwsponsor, opnieuw zo vriendelijk is geweest om hun logo in zwart en goud te laten herkleuren.<\/p>\n<p>Tips voor het afdrukken: Als de naam en het nummer op de foto precies zijn wat je wilt, hoef je ze niet opnieuw in te voeren. Zo niet, dan moet je de gewenste naam en het gewenste nummer invoeren.<\/p>\n<p>Wastips: Het wordt aanbevolen om voetbalshirts met de hand te wassen. Als je de wasmachine wilt gebruiken, denk er dan aan om voetbalshirts binnenstebuiten te draaien en vervolgens te wassen. Vul de machine met koud water en gebruik een fijnwasprogramma om de kleuren beter te beschermen.<\/p>","protected":false},"excerpt":{"rendered":"<p>Wie erwartet ist das Adidas LAFC 2022 Trikot haupts\u00e4chlich schwarz mit goldenen Logos und Adidas-Streifen. Das Adidas-Logo und das Vereinswappen werden beide in der Mitte des Brustbereichs platziert, das Adidas-Logo liegt dar\u00fcber.Das Hauptmerkmal des Los Angeles FC 2022 Heimtrikots ist ein ma\u00dfgeschneidertes Art-D\u00e9co-Muster, das sich \u00fcber die Vorderseite und die \u00c4rmel zieht.Wir k\u00f6nnen auch sehen, [&hellip;]<\/p>","protected":false},"featured_media":11801,"comment_status":"open","ping_status":"closed","template":"","meta":[],"product_brand":[],"product_cat":[196],"product_tag":[20,21,22,23,24,446,447],"class_list":{"0":"post-11759","1":"product","2":"type-product","3":"status-publish","4":"has-post-thumbnail","6":"product_cat-los-angeles-fc","7":"product_tag-coole-fussballtrikots","8":"product_tag-fussballtrikot-fuer-herren","9":"product_tag-fussballtrikot-guenstig-kaufen","10":"product_tag-fussballtrikot-kurzarm","11":"product_tag-guenstiges-fussballtrikot","12":"product_tag-lafc-2022-trikot","13":"product_tag-lafc-away-jersey-2023","15":"first","16":"instock","17":"shipping-taxable","18":"purchasable","19":"product-type-variable"},"_links":{"self":[{"href":"https:\/\/www.billigtrikotde.com\/nl\/wp-json\/wp\/v2\/product\/11759","targetHints":{"allow":["GET"]}}],"collection":[{"href":"https:\/\/www.billigtrikotde.com\/nl\/wp-json\/wp\/v2\/product"}],"about":[{"href":"https:\/\/www.billigtrikotde.com\/nl\/wp-json\/wp\/v2\/types\/product"}],"replies":[{"embeddable":true,"href":"https:\/\/www.billigtrikotde.com\/nl\/wp-json\/wp\/v2\/comments?post=11759"}],"wp:featuredmedia":[{"embeddable":true,"href":"https:\/\/www.billigtrikotde.com\/nl\/wp-json\/wp\/v2\/media\/11801"}],"wp:attachment":[{"href":"https:\/\/www.billigtrikotde.com\/nl\/wp-json\/wp\/v2\/media?parent=11759"}],"wp:term":[{"taxonomy":"product_brand","embeddable":true,"href":"https:\/\/www.billigtrikotde.com\/nl\/wp-json\/wp\/v2\/product_brand?post=11759"},{"taxonomy":"product_cat","embeddable":true,"href":"https:\/\/www.billigtrikotde.com\/nl\/wp-json\/wp\/v2\/product_cat?post=11759"},{"taxonomy":"product_tag","embeddable":true,"href":"https:\/\/www.billigtrikotde.com\/nl\/wp-json\/wp\/v2\/product_tag?post=11759"}],"curies":[{"name":"wp","href":"https:\/\/api.w.org\/{rel}","templated":true}]}}